{"id":63244,"date":"2023-12-06T09:25:04","date_gmt":"2023-12-06T08:25:04","guid":{"rendered":"https:\/\/cndestetik.ch\/prodotto\/chariot-quadra\/"},"modified":"2024-05-21T09:56:36","modified_gmt":"2024-05-21T07:56:36","slug":"trolley-quad","status":"publish","type":"product","link":"https:\/\/cndestetik.ch\/fr\/prodotto\/trolley-quad\/","title":{"rendered":"Chariot Quadra"},"content":{"rendered":"<p>Chariot polyvalent \u00e0 roulettes, \u00e9quip\u00e9 d&#8217;un tiroir et de 3 \u00e9tag\u00e8res ou de 2 \u00e9tag\u00e8res et de 2 tiroirs. La tablette interm\u00e9diaire peut \u00eatre positionn\u00e9e \u00e0 5 hauteurs diff\u00e9rentes. Structure en bois plaqu\u00e9 avec finition bicolore.<\/p>\n<p>Excellent compl\u00e9ment au lit QUADRA<\/p>\n","protected":false},"excerpt":{"rendered":"<p>Chariot polyvalent \u00e0 roulettes, \u00e9quip\u00e9 d&#8217;un tiroir et de 3 \u00e9tag\u00e8res ou de 2 \u00e9tag\u00e8res et de 2 tiroirs. La tablette interm\u00e9diaire peut \u00eatre positionn\u00e9e \u00e0 5 hauteurs diff\u00e9rentes.<\/p>\n","protected":false},"featured_media":63237,"template":"","meta":{"_acf_changed":false},"product_brand":[],"product_cat":[11767],"product_tag":[11768,1417],"class_list":{"0":"post-63244","1":"product","2":"type-product","3":"status-publish","4":"has-post-thumbnail","6":"product_cat-ameublement","7":"product_tag-carre","8":"product_tag-chariot-fr","9":"pa_carrello-2-etageres-2-tiroirs","10":"pa_carrello-3-etageres-1-tiroir","12":"first","13":"instock","14":"taxable","15":"shipping-taxable","16":"purchasable","17":"product-type-variable"},"acf":[],"jetpack_sharing_enabled":true,"_links":{"self":[{"href":"https:\/\/cndestetik.ch\/fr\/wp-json\/wp\/v2\/product\/63244","targetHints":{"allow":["GET"]}}],"collection":[{"href":"https:\/\/cndestetik.ch\/fr\/wp-json\/wp\/v2\/product"}],"about":[{"href":"https:\/\/cndestetik.ch\/fr\/wp-json\/wp\/v2\/types\/product"}],"wp:featuredmedia":[{"embeddable":true,"href":"https:\/\/cndestetik.ch\/fr\/wp-json\/wp\/v2\/media\/63237"}],"wp:attachment":[{"href":"https:\/\/cndestetik.ch\/fr\/wp-json\/wp\/v2\/media?parent=63244"}],"wp:term":[{"taxonomy":"product_brand","embeddable":true,"href":"https:\/\/cndestetik.ch\/fr\/wp-json\/wp\/v2\/product_brand?post=63244"},{"taxonomy":"product_cat","embeddable":true,"href":"https:\/\/cndestetik.ch\/fr\/wp-json\/wp\/v2\/product_cat?post=63244"},{"taxonomy":"product_tag","embeddable":true,"href":"https:\/\/cndestetik.ch\/fr\/wp-json\/wp\/v2\/product_tag?post=63244"}],"curies":[{"name":"wp","href":"https:\/\/api.w.org\/{rel}","templated":true}]}}