{"id":63228,"date":"2023-12-05T16:47:03","date_gmt":"2023-12-05T15:47:03","guid":{"rendered":"https:\/\/cndestetik.ch\/prodotto\/tabouret-a-gaz\/"},"modified":"2024-01-23T14:50:02","modified_gmt":"2024-01-23T13:50:02","slug":"tabouret-a-gas","status":"publish","type":"product","link":"https:\/\/cndestetik.ch\/fr\/prodotto\/tabouret-a-gas\/","title":{"rendered":"Tabouret \u00e0 gaz"},"content":{"rendered":"<p>Tabouret \u00e0 dossier rond recouvert de similicuir lavable, il est \u00e9quip\u00e9 de 5 roulettes. La hauteur est r\u00e9glable au moyen d&#8217;un m\u00e9canisme \u00e0 gaz. Disponible en 2 hauteurs diff\u00e9rentes.<\/p>\n<p>&#8211; 45 \u00e0 58 cm<br \/>\n&#8211; 52 \u00e0 70 cm<\/p>\n<p><strong>En option :<\/strong><\/p>\n<ul>\n<li>Repose-pieds circulaire en acier inoxydable 62 CHF<\/li>\n<li>Base chrom\u00e9e diam\u00e8tre 40cm 62 CHF<\/li>\n<\/ul>\n<p>Chaque option est sujette \u00e0 des changements de prix en cas de r\u00e9duction. Sp\u00e9cifiez les options souhait\u00e9es dans les notes d&#8217;achat.<\/p>\n","protected":false},"excerpt":{"rendered":"<p>Tabouret \u00e0 dossier rond recouvert de similicuir lavable, il est \u00e9quip\u00e9 de 5 roulettes. La hauteur est r\u00e9glable au moyen d&#8217;un m\u00e9canisme \u00e0 gaz.<\/p>\n","protected":false},"featured_media":63119,"template":"","meta":{"_acf_changed":false},"product_brand":[],"product_cat":[11767],"product_tag":[11000],"class_list":{"0":"post-63228","1":"product","2":"type-product","3":"status-publish","4":"has-post-thumbnail","6":"product_cat-ameublement","7":"product_tag-tabouret","8":"pa_optional-sgabello-tabouret-haut","9":"pa_optional-sgabello-tabouret-moyen","11":"first","12":"instock","13":"taxable","14":"shipping-taxable","15":"purchasable","16":"product-type-variable"},"acf":[],"jetpack_sharing_enabled":true,"_links":{"self":[{"href":"https:\/\/cndestetik.ch\/fr\/wp-json\/wp\/v2\/product\/63228","targetHints":{"allow":["GET"]}}],"collection":[{"href":"https:\/\/cndestetik.ch\/fr\/wp-json\/wp\/v2\/product"}],"about":[{"href":"https:\/\/cndestetik.ch\/fr\/wp-json\/wp\/v2\/types\/product"}],"wp:featuredmedia":[{"embeddable":true,"href":"https:\/\/cndestetik.ch\/fr\/wp-json\/wp\/v2\/media\/63119"}],"wp:attachment":[{"href":"https:\/\/cndestetik.ch\/fr\/wp-json\/wp\/v2\/media?parent=63228"}],"wp:term":[{"taxonomy":"product_brand","embeddable":true,"href":"https:\/\/cndestetik.ch\/fr\/wp-json\/wp\/v2\/product_brand?post=63228"},{"taxonomy":"product_cat","embeddable":true,"href":"https:\/\/cndestetik.ch\/fr\/wp-json\/wp\/v2\/product_cat?post=63228"},{"taxonomy":"product_tag","embeddable":true,"href":"https:\/\/cndestetik.ch\/fr\/wp-json\/wp\/v2\/product_tag?post=63228"}],"curies":[{"name":"wp","href":"https:\/\/api.w.org\/{rel}","templated":true}]}}