{"id":63155,"date":"2023-12-05T16:50:50","date_gmt":"2023-12-05T15:50:50","guid":{"rendered":"https:\/\/cndestetik.ch\/prodotto\/fauteuil-elevateur-a-gaz\/"},"modified":"2023-12-06T14:47:10","modified_gmt":"2023-12-06T13:47:10","slug":"chaise-lift-a-gas","status":"publish","type":"product","link":"https:\/\/cndestetik.ch\/fr\/prodotto\/chaise-lift-a-gas\/","title":{"rendered":"Fauteuil \u00e9l\u00e9vateur \u00e0 gaz"},"content":{"rendered":"<p>Tabouret confortable en similicuir lavable, dot\u00e9 de 5 roulettes et d&#8217;un dossier pratique. La hauteur est r\u00e9glable au moyen d&#8217;un m\u00e9canisme \u00e0 gaz. Disponible en 2 hauteurs diff\u00e9rentes.<\/p>\n<p><strong>En option :<\/strong><\/p>\n<ul>\n<li>Repose-pieds circulaire en acier inoxydable 50 CHF<\/li>\n<li>Base chrom\u00e9e diam\u00e8tre 40cm 50 CHF<\/li>\n<\/ul>\n<p>Chaque option est sujette \u00e0 des changements de prix en cas de r\u00e9duction. Sp\u00e9cifiez les options souhait\u00e9es dans les notes d&#8217;achat.<\/p>\n<p>&#8211; 45 \u00e0 58 cm<br \/>\n&#8211; 52 \u00e0 70 cm<\/p>\n","protected":false},"excerpt":{"rendered":"<p>Tabouret confortable en similicuir lavable, dot\u00e9 de 5 roulettes et d&#8217;un dossier pratique. La hauteur est r\u00e9glable au moyen d&#8217;un m\u00e9canisme \u00e0 gaz.<\/p>\n","protected":false},"featured_media":63140,"template":"","meta":{"_acf_changed":false},"product_brand":[],"product_cat":[11767],"product_tag":[11002,11886,11003],"class_list":{"0":"post-63155","1":"product","2":"type-product","3":"status-publish","4":"has-post-thumbnail","6":"product_cat-ameublement","7":"product_tag-chaise","8":"product_tag-gaz","9":"product_tag-reglable","10":"pa_optional-sgabello-chaise-haute","11":"pa_optional-sgabello-chaise-moyenne","13":"first","14":"instock","15":"taxable","16":"shipping-taxable","17":"purchasable","18":"product-type-variable"},"acf":[],"jetpack_sharing_enabled":true,"_links":{"self":[{"href":"https:\/\/cndestetik.ch\/fr\/wp-json\/wp\/v2\/product\/63155","targetHints":{"allow":["GET"]}}],"collection":[{"href":"https:\/\/cndestetik.ch\/fr\/wp-json\/wp\/v2\/product"}],"about":[{"href":"https:\/\/cndestetik.ch\/fr\/wp-json\/wp\/v2\/types\/product"}],"wp:featuredmedia":[{"embeddable":true,"href":"https:\/\/cndestetik.ch\/fr\/wp-json\/wp\/v2\/media\/63140"}],"wp:attachment":[{"href":"https:\/\/cndestetik.ch\/fr\/wp-json\/wp\/v2\/media?parent=63155"}],"wp:term":[{"taxonomy":"product_brand","embeddable":true,"href":"https:\/\/cndestetik.ch\/fr\/wp-json\/wp\/v2\/product_brand?post=63155"},{"taxonomy":"product_cat","embeddable":true,"href":"https:\/\/cndestetik.ch\/fr\/wp-json\/wp\/v2\/product_cat?post=63155"},{"taxonomy":"product_tag","embeddable":true,"href":"https:\/\/cndestetik.ch\/fr\/wp-json\/wp\/v2\/product_tag?post=63155"}],"curies":[{"name":"wp","href":"https:\/\/api.w.org\/{rel}","templated":true}]}}