{"id":62323,"date":"2023-11-28T10:01:43","date_gmt":"2023-11-28T09:01:43","guid":{"rendered":"https:\/\/cndestetik.ch\/prodotto\/quadra-cot\/"},"modified":"2024-03-27T11:13:23","modified_gmt":"2024-03-27T10:13:23","slug":"berceau","status":"publish","type":"product","link":"https:\/\/cndestetik.ch\/fr\/prodotto\/berceau\/","title":{"rendered":"Quadra Cot"},"content":{"rendered":"<p>Chaise longue pour Spa et Beauty Farm, avec r\u00e9glage du dossier et de la hauteur des jambes par des v\u00e9rins \u00e9lectriques basse tension actionn\u00e9s par une t\u00e9l\u00e9commande. Il est \u00e9quip\u00e9 d&#8217;un trou facial et d&#8217;un porte-rouleau. Le matelas a un effet &#8220;confort&#8221; et est fabriqu\u00e9 en caoutchouc double densit\u00e9, recouvert d&#8217;un \u00e9co-cuir ignifug\u00e9 de classe M1. La base est en bois m\u00e9lamin\u00e9 et est \u00e9quip\u00e9e d&#8217;un tiroir \u00e0 sortie totale.<\/p>\n<p><strong>En option :<\/strong><\/p>\n<ul>\n<li>Commande au pied sans fil 290 CHF<\/li>\n<li>Matelas avec chauffage 310 CHF<\/li>\n<li>Accoudoirs (uniquement sur le matelas de 80 cm de large) 340 CHF<\/li>\n<li>Dimensions du matelas personnalis\u00e9es (sur demande)<\/li>\n<\/ul>\n<p>Chaque option est sujette \u00e0 des changements de prix en cas de r\u00e9duction. Sp\u00e9cifiez les options souhait\u00e9es dans les notes d&#8217;achat.<\/p>\n","protected":false},"excerpt":{"rendered":"<p>Lit en bois avec trou facial. Avec tiroir. R\u00e9glage \u00e9lectrique de la hauteur du dossier et des pieds.<\/p>\n","protected":false},"featured_media":62319,"template":"","meta":{"_acf_changed":false},"product_brand":[],"product_cat":[11767],"product_tag":[11768,1154,11770,765],"class_list":{"0":"post-62323","1":"product","2":"type-product","3":"status-publish","4":"has-post-thumbnail","6":"product_cat-ameublement","7":"product_tag-carre","8":"product_tag-chaise-longue","9":"product_tag-sans-fil","10":"product_tag-visage","11":"pa_lettino-cot-commande-au-pied-sans-fil","12":"pa_lettino-lit-denfant-standard","14":"first","15":"instock","16":"taxable","17":"shipping-taxable","18":"purchasable","19":"product-type-simple"},"acf":[],"jetpack_sharing_enabled":true,"_links":{"self":[{"href":"https:\/\/cndestetik.ch\/fr\/wp-json\/wp\/v2\/product\/62323","targetHints":{"allow":["GET"]}}],"collection":[{"href":"https:\/\/cndestetik.ch\/fr\/wp-json\/wp\/v2\/product"}],"about":[{"href":"https:\/\/cndestetik.ch\/fr\/wp-json\/wp\/v2\/types\/product"}],"wp:featuredmedia":[{"embeddable":true,"href":"https:\/\/cndestetik.ch\/fr\/wp-json\/wp\/v2\/media\/62319"}],"wp:attachment":[{"href":"https:\/\/cndestetik.ch\/fr\/wp-json\/wp\/v2\/media?parent=62323"}],"wp:term":[{"taxonomy":"product_brand","embeddable":true,"href":"https:\/\/cndestetik.ch\/fr\/wp-json\/wp\/v2\/product_brand?post=62323"},{"taxonomy":"product_cat","embeddable":true,"href":"https:\/\/cndestetik.ch\/fr\/wp-json\/wp\/v2\/product_cat?post=62323"},{"taxonomy":"product_tag","embeddable":true,"href":"https:\/\/cndestetik.ch\/fr\/wp-json\/wp\/v2\/product_tag?post=62323"}],"curies":[{"name":"wp","href":"https:\/\/api.w.org\/{rel}","templated":true}]}}