{"id":61588,"date":"2023-12-02T23:59:11","date_gmt":"2023-12-02T22:59:11","guid":{"rendered":"https:\/\/cndestetik.ch\/prodotto\/kit-de-gommage-lissant-pour-le-visage-revente\/"},"modified":"2023-12-05T00:00:09","modified_gmt":"2023-12-04T23:00:09","slug":"kit-peeling-viso-levigating-reselling","status":"publish","type":"product","link":"https:\/\/cndestetik.ch\/fr\/prodotto\/kit-peeling-viso-levigating-reselling\/","title":{"rendered":"Kit de gommage lissant pour le visage Revente"},"content":{"rendered":"<p>Kit de revente pour le traitement facial lissant. Le kit comprend<\/p>\n<ul>\n<li>Fluide Lipo-Equilibrant<\/li>\n<li>Solution tampon d&#8217;hydro-\u00e9quilibrage<\/li>\n<li>Cr\u00e8me visage r\u00e9\u00e9quilibrante<\/li>\n<\/ul>\n","protected":false},"excerpt":{"rendered":"<p>Kit de revente pour le traitement facial lissant. Le kit comprend les produits de traitement de base.<\/p>\n","protected":false},"featured_media":57905,"template":"","meta":{"_acf_changed":false},"product_brand":[],"product_cat":[1494,12982],"product_tag":[3834,9692,9667,9698,7251,393,9701,7086,11746,9688,765],"class_list":{"0":"post-61588","1":"product","2":"type-product","3":"status-publish","4":"has-post-thumbnail","6":"product_cat-cosmetiques","7":"product_cat-microcosme","8":"product_tag-creme","9":"product_tag-ecouvillon","10":"product_tag-equilibrer","11":"product_tag-fluide-fr","12":"product_tag-hydro-fr","13":"product_tag-kit-fr","14":"product_tag-lipo-fr","15":"product_tag-reequilibrage","16":"product_tag-revente","17":"product_tag-solution","18":"product_tag-visage","19":"pa_pezzi-1-piece-fr","20":"pa_pezzi-5-pieces-fr","22":"first","23":"instock","24":"taxable","25":"shipping-taxable","26":"purchasable","27":"product-type-simple"},"acf":[],"jetpack_sharing_enabled":true,"_links":{"self":[{"href":"https:\/\/cndestetik.ch\/fr\/wp-json\/wp\/v2\/product\/61588","targetHints":{"allow":["GET"]}}],"collection":[{"href":"https:\/\/cndestetik.ch\/fr\/wp-json\/wp\/v2\/product"}],"about":[{"href":"https:\/\/cndestetik.ch\/fr\/wp-json\/wp\/v2\/types\/product"}],"wp:featuredmedia":[{"embeddable":true,"href":"https:\/\/cndestetik.ch\/fr\/wp-json\/wp\/v2\/media\/57905"}],"wp:attachment":[{"href":"https:\/\/cndestetik.ch\/fr\/wp-json\/wp\/v2\/media?parent=61588"}],"wp:term":[{"taxonomy":"product_brand","embeddable":true,"href":"https:\/\/cndestetik.ch\/fr\/wp-json\/wp\/v2\/product_brand?post=61588"},{"taxonomy":"product_cat","embeddable":true,"href":"https:\/\/cndestetik.ch\/fr\/wp-json\/wp\/v2\/product_cat?post=61588"},{"taxonomy":"product_tag","embeddable":true,"href":"https:\/\/cndestetik.ch\/fr\/wp-json\/wp\/v2\/product_tag?post=61588"}],"curies":[{"name":"wp","href":"https:\/\/api.w.org\/{rel}","templated":true}]}}