{"id":61485,"date":"2023-10-25T14:51:25","date_gmt":"2023-10-25T12:51:25","guid":{"rendered":"https:\/\/cndestetik.ch\/prodotto\/machine-a-fraiser-a-table-a-micromoteur\/"},"modified":"2024-08-07T09:21:36","modified_gmt":"2024-08-07T07:21:36","slug":"micromoteur-perceur","status":"publish","type":"product","link":"https:\/\/cndestetik.ch\/fr\/prodotto\/micromoteur-perceur\/","title":{"rendered":"Machine \u00e0 fraiser \u00e0 table \u00e0 micromoteur"},"content":{"rendered":"<p>Micromoteur r\u00e9glable en vitesse et en sens de rotation. La pi\u00e8ce \u00e0 main est munie d&#8217;un double joint afin d&#8217;\u00e9viter que la poussi\u00e8re des limailles n&#8217;entrave son fonctionnement. Silencieux, \u00e9quilibr\u00e9 et avec tr\u00e8s peu de vibrations, m\u00eame avec des motoculteurs plus lourds.  <span data-sheets-value=\"{\"1\":2,\"2\":\"Micromotore resistente e robusto, per tutti i tipi di lavori, elevata precisione di rotazione, rumorosit\u00e0 e vibrazioni al minimo, ottima maneggevolezza e confort d'uso. Operativit\u00e0 manuale o con pedale, inversione del senso di rotazione, led luminoso che indica il corretto funzionamento dell'apparecchio. Accessori: pedale+portamanipolo in gomma antiscivolo. Velocit\u00e0 0\/35000 giri\/min. 220W-50\/60Hz\"}\" data-sheets-userformat=\"{\"2\":15297,\"3\":{\"1\":0},\"9\":0,\"10\":2,\"11\":4,\"12\":0,\"14\":{\"1\":2,\"2\":0},\"15\":\"Calibri\",\"16\":11}\">Vitesse 0\/30000 tr\/min. 100-240V &#8211; 50\/60Hz<\/span><\/p>\n","protected":false},"excerpt":{"rendered":"<p>Micromoteur r\u00e9glable en vitesse et en sens de rotation, silencieux et \u00e9quilibr\u00e9<\/p>\n","protected":false},"featured_media":61547,"template":"","meta":{"_acf_changed":false},"product_brand":[],"product_cat":[1296],"product_tag":[8360,1308,10897],"class_list":{"0":"post-61485","1":"product","2":"type-product","3":"status-publish","4":"has-post-thumbnail","6":"product_cat-equipement","7":"product_tag-fraise-a-fileter","8":"product_tag-micromoteur","9":"product_tag-tableau-fr","10":"pa_pezzi-1-piece-fr","11":"pa_pezzi-2-pieces-fr","13":"first","14":"instock","15":"taxable","16":"shipping-taxable","17":"purchasable","18":"product-type-simple"},"acf":[],"jetpack_sharing_enabled":true,"_links":{"self":[{"href":"https:\/\/cndestetik.ch\/fr\/wp-json\/wp\/v2\/product\/61485","targetHints":{"allow":["GET"]}}],"collection":[{"href":"https:\/\/cndestetik.ch\/fr\/wp-json\/wp\/v2\/product"}],"about":[{"href":"https:\/\/cndestetik.ch\/fr\/wp-json\/wp\/v2\/types\/product"}],"wp:featuredmedia":[{"embeddable":true,"href":"https:\/\/cndestetik.ch\/fr\/wp-json\/wp\/v2\/media\/61547"}],"wp:attachment":[{"href":"https:\/\/cndestetik.ch\/fr\/wp-json\/wp\/v2\/media?parent=61485"}],"wp:term":[{"taxonomy":"product_brand","embeddable":true,"href":"https:\/\/cndestetik.ch\/fr\/wp-json\/wp\/v2\/product_brand?post=61485"},{"taxonomy":"product_cat","embeddable":true,"href":"https:\/\/cndestetik.ch\/fr\/wp-json\/wp\/v2\/product_cat?post=61485"},{"taxonomy":"product_tag","embeddable":true,"href":"https:\/\/cndestetik.ch\/fr\/wp-json\/wp\/v2\/product_tag?post=61485"}],"curies":[{"name":"wp","href":"https:\/\/api.w.org\/{rel}","templated":true}]}}