{"id":61026,"date":"2024-09-30T14:11:09","date_gmt":"2024-09-30T12:11:09","guid":{"rendered":"https:\/\/cndestetik.ch\/prodotto\/tisane-nuit-de-noel\/"},"modified":"2024-09-30T14:11:57","modified_gmt":"2024-09-30T12:11:57","slug":"tisane-nuit-de-noel","status":"publish","type":"product","link":"https:\/\/cndestetik.ch\/fr\/prodotto\/tisane-nuit-de-noel\/","title":{"rendered":"Tisane Nuit de No\u00ebl"},"content":{"rendered":"<p>D\u00e9licate et aromatique, elle a une saveur tr\u00e8s agr\u00e9able qui convient \u00e0 toute la famille. Id\u00e9al pour la nuit de No\u00ebl et toutes les festivit\u00e9s, il r\u00e9chauffe le c\u0153ur et d\u00e9tend. Caract\u00e9ris\u00e9 par la cannelle et les notes att\u00e9nuantes de tous ses ingr\u00e9dients. Id\u00e9al pour accompagner votre menu de No\u00ebl et vos id\u00e9es de cadeaux. <strong>Ingr\u00e9dients : <\/strong>Th\u00e9 vert, morceaux de pomme, morceaux de cannelle, anis \u00e9toil\u00e9, betterave, amandes, graines de grenade.<\/p>\n","protected":false},"excerpt":{"rendered":"<p>D\u00e9licate et aromatique, elle a une saveur tr\u00e8s agr\u00e9able qui convient \u00e0 toute la famille. Id\u00e9al pour la nuit de No\u00ebl et toutes les festivit\u00e9s, il r\u00e9chauffe le c\u0153ur et d\u00e9tend.<\/p>\n","protected":false},"featured_media":61020,"template":"","meta":{"_acf_changed":false},"product_brand":[],"product_cat":[11579,1994],"product_tag":[601,4320,11610,531,11607,11612,8989,11604,7731,7732,11598,11601,9536,2012,2013,4755],"class_list":{"0":"post-61026","1":"product","2":"type-product","3":"status-publish","4":"has-post-thumbnail","6":"product_cat-noel-fr","7":"product_cat-tisanes-bien-etre","8":"product_tag-amandes","9":"product_tag-anis-fr","10":"product_tag-betterave","11":"product_tag-cannelle","12":"product_tag-etoile","13":"product_tag-grains-fr","14":"product_tag-grenade","15":"product_tag-morceaux","16":"product_tag-noel-fr","17":"product_tag-noel-fr-2","18":"product_tag-nuita","19":"product_tag-pomme-fr","20":"product_tag-the-fr","21":"product_tag-tisane-fr","22":"product_tag-tisanes","23":"product_tag-vert","24":"pa_pacchetto-12-paquets","25":"pa_pacchetto-24-paquets","26":"pa_pacchetto-36-paquets","28":"first","29":"instock","30":"taxable","31":"shipping-taxable","32":"purchasable","33":"product-type-variable"},"acf":[],"jetpack_sharing_enabled":true,"_links":{"self":[{"href":"https:\/\/cndestetik.ch\/fr\/wp-json\/wp\/v2\/product\/61026","targetHints":{"allow":["GET"]}}],"collection":[{"href":"https:\/\/cndestetik.ch\/fr\/wp-json\/wp\/v2\/product"}],"about":[{"href":"https:\/\/cndestetik.ch\/fr\/wp-json\/wp\/v2\/types\/product"}],"wp:featuredmedia":[{"embeddable":true,"href":"https:\/\/cndestetik.ch\/fr\/wp-json\/wp\/v2\/media\/61020"}],"wp:attachment":[{"href":"https:\/\/cndestetik.ch\/fr\/wp-json\/wp\/v2\/media?parent=61026"}],"wp:term":[{"taxonomy":"product_brand","embeddable":true,"href":"https:\/\/cndestetik.ch\/fr\/wp-json\/wp\/v2\/product_brand?post=61026"},{"taxonomy":"product_cat","embeddable":true,"href":"https:\/\/cndestetik.ch\/fr\/wp-json\/wp\/v2\/product_cat?post=61026"},{"taxonomy":"product_tag","embeddable":true,"href":"https:\/\/cndestetik.ch\/fr\/wp-json\/wp\/v2\/product_tag?post=61026"}],"curies":[{"name":"wp","href":"https:\/\/api.w.org\/{rel}","templated":true}]}}