{"id":60140,"date":"2023-06-30T15:25:02","date_gmt":"2023-06-30T13:25:02","guid":{"rendered":"https:\/\/cndestetik.ch\/prodotto\/kit-domicile-face\/"},"modified":"2023-10-18T13:46:32","modified_gmt":"2023-10-18T11:46:32","slug":"kit-domicile-face","status":"publish","type":"product","link":"https:\/\/cndestetik.ch\/fr\/prodotto\/kit-domicile-face\/","title":{"rendered":"Kit Domicile Face"},"content":{"rendered":"<p>Kit rapide pour les produits de traitement facial lissant \u00e0 domicile<\/p>\n<p>3 Solution tampon hydro-\u00e9quilibrante<\/p>\n<p>3 Fluide lipo-\u00e9quilibrant<\/p>\n<p>3 Cr\u00e8me r\u00e9\u00e9quilibrante<\/p>\n","protected":false},"excerpt":{"rendered":"<p>Kit rapide pour les produits de traitement facial lissant \u00e0 domicile<\/p>\n","protected":false},"featured_media":57905,"template":"","meta":{"_acf_changed":false},"product_brand":[],"product_cat":[1494,12982],"product_tag":[765],"class_list":{"0":"post-60140","1":"product","2":"type-product","3":"status-publish","4":"has-post-thumbnail","6":"product_cat-cosmetiques","7":"product_cat-microcosme","8":"product_tag-visage","10":"first","11":"instock","12":"taxable","13":"shipping-taxable","14":"purchasable","15":"product-type-simple"},"acf":[],"jetpack_sharing_enabled":true,"_links":{"self":[{"href":"https:\/\/cndestetik.ch\/fr\/wp-json\/wp\/v2\/product\/60140","targetHints":{"allow":["GET"]}}],"collection":[{"href":"https:\/\/cndestetik.ch\/fr\/wp-json\/wp\/v2\/product"}],"about":[{"href":"https:\/\/cndestetik.ch\/fr\/wp-json\/wp\/v2\/types\/product"}],"wp:featuredmedia":[{"embeddable":true,"href":"https:\/\/cndestetik.ch\/fr\/wp-json\/wp\/v2\/media\/57905"}],"wp:attachment":[{"href":"https:\/\/cndestetik.ch\/fr\/wp-json\/wp\/v2\/media?parent=60140"}],"wp:term":[{"taxonomy":"product_brand","embeddable":true,"href":"https:\/\/cndestetik.ch\/fr\/wp-json\/wp\/v2\/product_brand?post=60140"},{"taxonomy":"product_cat","embeddable":true,"href":"https:\/\/cndestetik.ch\/fr\/wp-json\/wp\/v2\/product_cat?post=60140"},{"taxonomy":"product_tag","embeddable":true,"href":"https:\/\/cndestetik.ch\/fr\/wp-json\/wp\/v2\/product_tag?post=60140"}],"curies":[{"name":"wp","href":"https:\/\/api.w.org\/{rel}","templated":true}]}}