{"id":60114,"date":"2023-06-30T13:18:15","date_gmt":"2023-06-30T11:18:15","guid":{"rendered":"https:\/\/cndestetik.ch\/prodotto\/paquet-depilation-a-la-cire-rechargeable\/"},"modified":"2023-10-18T13:46:35","modified_gmt":"2023-10-18T11:46:35","slug":"emballages-recharges","status":"publish","type":"product","link":"https:\/\/cndestetik.ch\/fr\/prodotto\/emballages-recharges\/","title":{"rendered":"Paquet d&#8217;\u00e9pilation \u00e0 la cire rechargeable"},"content":{"rendered":"<p><strong>Il est possible d&#8217;acheter deux cartons de cire diff\u00e9rents en l&#8217;indiquant dans les notes d&#8217;achat.<\/strong><\/p>\n<p>2 paquets de cire en cartouche.<\/p>\n","protected":false},"excerpt":{"rendered":"<p>2 paquets de cire en cartouche.<\/p>\n","protected":false},"featured_media":39890,"template":"","meta":{"_acf_changed":false},"product_brand":[],"product_cat":[1494],"product_tag":[684],"class_list":{"0":"post-60114","1":"product","2":"type-product","3":"status-publish","4":"has-post-thumbnail","6":"product_cat-cosmetiques","7":"product_tag-cire","9":"first","10":"instock","11":"taxable","12":"shipping-taxable","13":"purchasable","14":"product-type-simple"},"acf":[],"jetpack_sharing_enabled":true,"_links":{"self":[{"href":"https:\/\/cndestetik.ch\/fr\/wp-json\/wp\/v2\/product\/60114","targetHints":{"allow":["GET"]}}],"collection":[{"href":"https:\/\/cndestetik.ch\/fr\/wp-json\/wp\/v2\/product"}],"about":[{"href":"https:\/\/cndestetik.ch\/fr\/wp-json\/wp\/v2\/types\/product"}],"wp:featuredmedia":[{"embeddable":true,"href":"https:\/\/cndestetik.ch\/fr\/wp-json\/wp\/v2\/media\/39890"}],"wp:attachment":[{"href":"https:\/\/cndestetik.ch\/fr\/wp-json\/wp\/v2\/media?parent=60114"}],"wp:term":[{"taxonomy":"product_brand","embeddable":true,"href":"https:\/\/cndestetik.ch\/fr\/wp-json\/wp\/v2\/product_brand?post=60114"},{"taxonomy":"product_cat","embeddable":true,"href":"https:\/\/cndestetik.ch\/fr\/wp-json\/wp\/v2\/product_cat?post=60114"},{"taxonomy":"product_tag","embeddable":true,"href":"https:\/\/cndestetik.ch\/fr\/wp-json\/wp\/v2\/product_tag?post=60114"}],"curies":[{"name":"wp","href":"https:\/\/api.w.org\/{rel}","templated":true}]}}