{"id":60109,"date":"2023-06-30T13:13:02","date_gmt":"2023-06-30T11:13:02","guid":{"rendered":"https:\/\/cndestetik.ch\/prodotto\/emballage-de-cirage-400g\/"},"modified":"2023-10-18T13:46:31","modified_gmt":"2023-10-18T11:46:31","slug":"paquet-certain-400g","status":"publish","type":"product","link":"https:\/\/cndestetik.ch\/fr\/prodotto\/paquet-certain-400g\/","title":{"rendered":"Emballage de cirage 400g"},"content":{"rendered":"<p><strong>En plus des 3 cartons de 24 cires chacun, il est possible d&#8217;acheter n&#8217;importe quelle quantit\u00e9 de n&#8217;importe quel type de cire, jusqu&#8217;\u00e0 72 bo\u00eetes.<\/strong><\/p>\n<p>72 bo\u00eetes de 400 g de cire.<\/p>\n","protected":false},"excerpt":{"rendered":"<p><strong>Il est possible d&#8217;acheter n&#8217;importe quelle quantit\u00e9 en vrac de n&#8217;importe quel type de cire, jusqu&#8217;\u00e0 72 bo\u00eetes.<\/strong><\/p>\n<p>72 bo\u00eetes de 400 g de cire.<\/p>\n","protected":false},"featured_media":39905,"template":"","meta":{"_acf_changed":false},"product_brand":[],"product_cat":[1494],"product_tag":[],"class_list":{"0":"post-60109","1":"product","2":"type-product","3":"status-publish","4":"has-post-thumbnail","6":"product_cat-cosmetiques","8":"first","9":"instock","10":"sale","11":"taxable","12":"shipping-taxable","13":"purchasable","14":"product-type-simple"},"acf":[],"jetpack_sharing_enabled":true,"_links":{"self":[{"href":"https:\/\/cndestetik.ch\/fr\/wp-json\/wp\/v2\/product\/60109","targetHints":{"allow":["GET"]}}],"collection":[{"href":"https:\/\/cndestetik.ch\/fr\/wp-json\/wp\/v2\/product"}],"about":[{"href":"https:\/\/cndestetik.ch\/fr\/wp-json\/wp\/v2\/types\/product"}],"wp:featuredmedia":[{"embeddable":true,"href":"https:\/\/cndestetik.ch\/fr\/wp-json\/wp\/v2\/media\/39905"}],"wp:attachment":[{"href":"https:\/\/cndestetik.ch\/fr\/wp-json\/wp\/v2\/media?parent=60109"}],"wp:term":[{"taxonomy":"product_brand","embeddable":true,"href":"https:\/\/cndestetik.ch\/fr\/wp-json\/wp\/v2\/product_brand?post=60109"},{"taxonomy":"product_cat","embeddable":true,"href":"https:\/\/cndestetik.ch\/fr\/wp-json\/wp\/v2\/product_cat?post=60109"},{"taxonomy":"product_tag","embeddable":true,"href":"https:\/\/cndestetik.ch\/fr\/wp-json\/wp\/v2\/product_tag?post=60109"}],"curies":[{"name":"wp","href":"https:\/\/api.w.org\/{rel}","templated":true}]}}