{"id":60033,"date":"2023-06-21T07:59:29","date_gmt":"2023-06-21T05:59:29","guid":{"rendered":"https:\/\/cndestetik.ch\/prodotto\/traitement-de-la-semelle\/"},"modified":"2023-06-21T14:42:39","modified_gmt":"2023-06-21T12:42:39","slug":"traitement-presole","status":"publish","type":"product","link":"https:\/\/cndestetik.ch\/fr\/prodotto\/traitement-presole\/","title":{"rendered":"TRAITEMENT DE LA SEMELLE"},"content":{"rendered":"<p>2 Traitements pour mieux se pr\u00e9parer \u00e0 la saison estivale, ainsi que le traitement complet<\/p>\n<p>TRAITEMENT CORPOREL AVANT LA SEMELLE<\/p>\n<p>Pour pr\u00e9parer la peau \u00e0 l&#8217;exposition au soleil, exfolier et r\u00e9g\u00e9n\u00e9rer l&#8217;ensemble du corps. Il \u00e9limine les cellules mortes, r\u00e9g\u00e9n\u00e8re les tissus et pr\u00e9pare la peau \u00e0 exercer sa fonction protectrice naturelle contre les agents ext\u00e9rieurs.<\/p>\n<ul>\n<li>Huile de germe de bl\u00e9 500 ml<\/li>\n<li>Exfoliant pour le corps 500 ml.<\/li>\n<li>Hydrolat de lavande 100 ml.<\/li>\n<li>Hydroglyc\u00e9rine de houblon 30 ml.<\/li>\n<li>Huile solaire au s\u00e9same spf4 500 ml.<\/li>\n<li>Gel d&#8217;alo\u00e8s neutre 500 ml.<\/li>\n<\/ul>\n<p>TRAITEMENT DU VISAGE \u00c0 LA PR\u00c9SOLE<\/p>\n<p>Convient pour exfolier et r\u00e9g\u00e9n\u00e9rer la peau du visage avant l&#8217;exposition au soleil. Sp\u00e9cifiquement con\u00e7u pour \u00e9claircir les taches cutan\u00e9es et les zones de pigmentation accrue et pour nettoyer la peau des toxines et des impuret\u00e9s.<\/p>\n<p>Il \u00e9limine les cellules mortes superficielles pour un bronzage plus dor\u00e9 et durable, unifie la pigmentation du visage, r\u00e9g\u00e9n\u00e8re les tissus avec un effet anti-\u00e2ge et nourrit en profondeur pour \u00e9lastifier la peau.<\/p>\n<ul>\n<li>Lait de toilette 500 ml.<\/li>\n<li>Exfoliant pour le corps 500 ml.<\/li>\n<li>2 Huile de lin 100 ml.<\/li>\n<li>Peeling facial illuminant le corps &#8211; Acide mand\u00e9lique 500 ml.<\/li>\n<li>Hydrolat de sauge 100 ml<\/li>\n<li>Eau hydratante et apaisante \u00e0 base d&#8217;acide hyaluronique 100 ml.<\/li>\n<li>Oleolite Whitening 100 ml.<\/li>\n<li>Masque au beurre de karit\u00e9 100 ml.<\/li>\n<li>Huile de calendula spagyrique 50 ml.<\/li>\n<li>Spagyric Oleolite Rosehip 50 ml.<\/li>\n<li>DIAMANTE Huile tonique Rosa Mosqueta 50ml.<\/li>\n<li>Emulsion solaire pour le visage SPF25 50 ml.<\/li>\n<\/ul>\n<p>TRAITEMENT CORPOREL TOTAL PRESOLE<\/p>\n<ul>\n<li>Huile de germe de bl\u00e9 500 ml<\/li>\n<li>Exfoliant pour le corps 500 ml.<\/li>\n<li>Hydrolat de lavande 100 ml.<\/li>\n<li>Hydroglyc\u00e9rine de houblon 30 ml.<\/li>\n<li>Huile solaire au s\u00e9same spf4 500 ml.<\/li>\n<li>Gel d&#8217;alo\u00e8s neutre 500 ml.<\/li>\n<li>Lait de toilette 500 ml.<\/li>\n<li>Peeling facial illuminant le corps &#8211; Acide mand\u00e9lique 500 ml.<\/li>\n<li>Huile de lin 100 ml<\/li>\n<li>Eau hydratante et apaisante \u00e0 base d&#8217;acide hyaluronique 100 ml.<\/li>\n<li>Hydrolat de sauge 100 ml<\/li>\n<li>Ol\u00e9olithe nettoyante pour le corps 100 ml.<\/li>\n<li>Masque au beurre de karit\u00e9 100 ml.<\/li>\n<li>Spagyric Oleolite Rosehip 50 ml.<\/li>\n<li>Huile de calendula spagyrique 50 ml.<\/li>\n<li>DIAMANTE Huile tonique Rosa Mosqueta 50ml.<\/li>\n<li>Emulsion solaire pour le visage SPF25 50 ml.<\/li>\n<\/ul>\n","protected":false},"excerpt":{"rendered":"<p>2 Traitements pour mieux se pr\u00e9parer \u00e0 la saison estivale, ainsi que le traitement complet<\/p>\n","protected":false},"featured_media":60043,"template":"","meta":{"_acf_changed":false},"product_brand":[],"product_cat":[15],"product_tag":[11095,4089,11436,1028,765],"class_list":{"0":"post-60033","1":"product","2":"type-product","3":"status-publish","4":"has-post-thumbnail","6":"product_cat-07-cosmetica","7":"product_tag-corps-fr","8":"product_tag-soleil","9":"product_tag-total-fr","10":"product_tag-traitement","11":"product_tag-visage","12":"pa_trattamento-corps","13":"pa_trattamento-corps-entier","14":"pa_trattamento-visage","16":"first","17":"instock","18":"taxable","19":"shipping-taxable","20":"purchasable","21":"product-type-variable"},"acf":[],"jetpack_sharing_enabled":true,"_links":{"self":[{"href":"https:\/\/cndestetik.ch\/fr\/wp-json\/wp\/v2\/product\/60033","targetHints":{"allow":["GET"]}}],"collection":[{"href":"https:\/\/cndestetik.ch\/fr\/wp-json\/wp\/v2\/product"}],"about":[{"href":"https:\/\/cndestetik.ch\/fr\/wp-json\/wp\/v2\/types\/product"}],"wp:featuredmedia":[{"embeddable":true,"href":"https:\/\/cndestetik.ch\/fr\/wp-json\/wp\/v2\/media\/60043"}],"wp:attachment":[{"href":"https:\/\/cndestetik.ch\/fr\/wp-json\/wp\/v2\/media?parent=60033"}],"wp:term":[{"taxonomy":"product_brand","embeddable":true,"href":"https:\/\/cndestetik.ch\/fr\/wp-json\/wp\/v2\/product_brand?post=60033"},{"taxonomy":"product_cat","embeddable":true,"href":"https:\/\/cndestetik.ch\/fr\/wp-json\/wp\/v2\/product_cat?post=60033"},{"taxonomy":"product_tag","embeddable":true,"href":"https:\/\/cndestetik.ch\/fr\/wp-json\/wp\/v2\/product_tag?post=60033"}],"curies":[{"name":"wp","href":"https:\/\/api.w.org\/{rel}","templated":true}]}}