{"id":60028,"date":"2023-06-21T07:57:01","date_gmt":"2023-06-21T05:57:01","guid":{"rendered":"https:\/\/cndestetik.ch\/prodotto\/traitement-a-la-dynamite\/"},"modified":"2023-06-21T08:12:10","modified_gmt":"2023-06-21T06:12:10","slug":"traitement-a-la-dynamite","status":"publish","type":"product","link":"https:\/\/cndestetik.ch\/fr\/prodotto\/traitement-a-la-dynamite\/","title":{"rendered":"TRAITEMENT \u00c0 LA DYNAMITE"},"content":{"rendered":"<p>Traitement explosif adapt\u00e9 aux personnes souffrant de cellulite avec \u0153d\u00e8me, fibrose ou fragilit\u00e9 capillaire. Il r\u00e9duit la peau d&#8217;orange, red\u00e9finit la silhouette, \u00e9limine la stagnation des fluides et redonne l\u00e9g\u00e8ret\u00e9 et vitalit\u00e9 aux jambes.<\/p>\n<p>Personnalisez le protocole en fonction de votre client !!!<\/p>\n<p>Le traitement consiste \u00e0<\/p>\n<ul>\n<li>2 boutons en chanvre<\/li>\n<li>Hydrolat de mauve 500 ml.<\/li>\n<li>Oleolite cicatrizant 100 ml.<\/li>\n<li>Boue amincissante \u00e0 l&#8217;argile verte Fucus 600 gr.<\/li>\n<li>Petite feuille de boue<\/li>\n<li>Boue corporelle \u00e0 l&#8217;argile verte et \u00e0 l&#8217;ol\u00e9olite de lavande 600 ml.<\/li>\n<li>Huile spagyrique achill\u00e9e millefeuille 50 ml.<\/li>\n<li>Hydro-glyc\u00e9rine de myrtille 30 ml.<\/li>\n<li>Hydro-glyc\u00e9rine d&#8217;hamam\u00e9lis 30 ml.<\/li>\n<li>Huile essentielle de g\u00e9ranium 10 ml<\/li>\n<li>Huile essentielle Baies de geni\u00e8vre 10 ml.<\/li>\n<li>Hydroglyc\u00e9rine de houblon 30 ml.<\/li>\n<li>Sels d&#8217;Epsom 1 kg. Sacch.<\/li>\n<li>Salis aux myrtilles 1 kg.<\/li>\n<li>4 Pansements r\u00e9utilisables<\/li>\n<li>Ol\u00e9olyte spagyrique drainant 500 ml.<\/li>\n<li>Oleolite spagyrique traitement de la cellulite 500 ml<\/li>\n<li>Huile pour veines et capillaires spagyriques 500 ml.<\/li>\n<li>Cr\u00e8me de traitement de la cellulite 500 ml<\/li>\n<li>Gel d&#8217;alo\u00e8s traitement de la cellulite 500 ml<\/li>\n<\/ul>\n","protected":false},"excerpt":{"rendered":"<p>Traitement explosif personnalis\u00e9 adapt\u00e9 aux personnes souffrant de cellulite avec \u0153d\u00e8me, cellulite fibreuse ou fragilit\u00e9 capillaire.<\/p>\n","protected":false},"featured_media":60038,"template":"","meta":{"_acf_changed":false},"product_brand":[],"product_cat":[15],"product_tag":[3600,11428,1028],"class_list":{"0":"post-60028","1":"product","2":"type-product","3":"status-publish","4":"has-post-thumbnail","6":"product_cat-07-cosmetica","7":"product_tag-cellulite-fr","8":"product_tag-dynamite-fr","9":"product_tag-traitement","11":"first","12":"instock","13":"taxable","14":"shipping-taxable","15":"purchasable","16":"product-type-simple"},"acf":[],"jetpack_sharing_enabled":true,"_links":{"self":[{"href":"https:\/\/cndestetik.ch\/fr\/wp-json\/wp\/v2\/product\/60028","targetHints":{"allow":["GET"]}}],"collection":[{"href":"https:\/\/cndestetik.ch\/fr\/wp-json\/wp\/v2\/product"}],"about":[{"href":"https:\/\/cndestetik.ch\/fr\/wp-json\/wp\/v2\/types\/product"}],"wp:featuredmedia":[{"embeddable":true,"href":"https:\/\/cndestetik.ch\/fr\/wp-json\/wp\/v2\/media\/60038"}],"wp:attachment":[{"href":"https:\/\/cndestetik.ch\/fr\/wp-json\/wp\/v2\/media?parent=60028"}],"wp:term":[{"taxonomy":"product_brand","embeddable":true,"href":"https:\/\/cndestetik.ch\/fr\/wp-json\/wp\/v2\/product_brand?post=60028"},{"taxonomy":"product_cat","embeddable":true,"href":"https:\/\/cndestetik.ch\/fr\/wp-json\/wp\/v2\/product_cat?post=60028"},{"taxonomy":"product_tag","embeddable":true,"href":"https:\/\/cndestetik.ch\/fr\/wp-json\/wp\/v2\/product_tag?post=60028"}],"curies":[{"name":"wp","href":"https:\/\/api.w.org\/{rel}","templated":true}]}}