{"id":59983,"date":"2023-06-12T09:41:09","date_gmt":"2023-06-12T07:41:09","guid":{"rendered":"https:\/\/cndestetik.ch\/prodotto\/traitement-relaxant-des-pieds-et-des-jambes\/"},"modified":"2025-01-23T09:27:48","modified_gmt":"2025-01-23T08:27:48","slug":"traitement-defatigue-pieds-et-jambes","status":"publish","type":"product","link":"https:\/\/cndestetik.ch\/fr\/prodotto\/traitement-defatigue-pieds-et-jambes\/","title":{"rendered":"TRAITEMENT RELAXANT DES PIEDS ET DES JAMBES"},"content":{"rendered":"<p>Traitement sp\u00e9cifique pour les membres inf\u00e9rieurs. Les agents actifs utilis\u00e9s dans le traitement assurent une sensation durable de fra\u00eecheur et de l\u00e9g\u00e8ret\u00e9 dans les jambes et les pieds ; ils activent les syst\u00e8mes lymphatique et circulatoire, la vasoconstriction des capillaires et l&#8217;action protectrice des parois des vaisseaux. En outre, la peau est exfoli\u00e9e en douceur et la transpiration des pieds est r\u00e9gularis\u00e9e. Utile pour d\u00e9gonfler, soulager et d\u00e9fatiguer les pieds, les chevilles, les mollets et les jambes ; drainer les \u0153d\u00e8mes et l&#8217;exc\u00e8s de liquide ; prot\u00e9ger et renforcer les parois capillaires ; activer la microcirculation et favoriser le retour veineux ; r\u00e9gulariser la transpiration des pieds et renouveler la peau en la rendant lumineuse, lisse et douce.<\/p>\n<p>Le traitement convient \u00e0 :<\/p>\n<ul>\n<li>Pieds et chevilles enfl\u00e9s<\/li>\n<li>Mollets douloureux et fatigu\u00e9s<\/li>\n<li>R\u00e9tention d&#8217;eau<\/li>\n<li>Fragilit\u00e9 capillaire<\/li>\n<li>Lourdeur des jambes<\/li>\n<\/ul>\n<p>Produits pour cabines :<\/p>\n<ul>\n<li>Gel d\u00e9fatigu\u00e9 rafra\u00eechissant 500 ml.<\/li>\n<li>Sels d&#8217;Epsom, 1 kg.<\/li>\n<li>Huile essentielle de lavande 10 ml<\/li>\n<li>Huile essentielle de citron 10 ml<\/li>\n<li>Huile essentielle bois de c\u00e8dre 10 ml<\/li>\n<li>Huile essentielle de basilic 10ml.<\/li>\n<li>Huile essentielle de menthe 10 ml<\/li>\n<li>Hydrolat de sauge 500 ml.<\/li>\n<li>Cr\u00e8me pour les pieds 250 ml.<\/li>\n<li>Cr\u00e8me de traitement de la cellulite 500 ml<\/li>\n<li>Spagyric Oleolite Ongles et Cuticules 15 ml.<\/li>\n<li>Hydro-glyc\u00e9rine de myrtille 30 ml.<\/li>\n<\/ul>\n<p>Produits nationaux :<\/p>\n<ul>\n<li>2 Gel rafra\u00eechissant<\/li>\n<li>2 sels d&#8217;Epsom<\/li>\n<li>1 Veines et capillaires d&#8217;ol\u00e9olite spagyrique<\/li>\n<\/ul>\n<p><strong>Protocole gratuit<\/strong><\/p>\n","protected":false},"excerpt":{"rendered":"<p>Soin rafra\u00eechissant des membres inf\u00e9rieurs, avec des produits anti-fatigue et apaisants. R\u00e9sultats visibles imm\u00e9diatement, id\u00e9al pour l&#8217;\u00e9t\u00e9 !<\/p>\n","protected":false},"featured_media":59973,"template":"","meta":{"_acf_changed":false},"product_brand":[],"product_cat":[1494,12982],"product_tag":[8901,4355,4353,3600,509,3834,1332,8944,11382,3675,2322,1275,7242,2184,4257,7251,4181,4268,521,506,441,2111,1355,10309,1453,4790,490,9188,4831],"class_list":{"0":"post-59983","1":"product","2":"type-product","3":"status-publish","4":"has-post-thumbnail","6":"product_cat-cosmetiques","7":"product_cat-microcosme","8":"product_tag-basilic-fr","9":"product_tag-bois","10":"product_tag-cedre","11":"product_tag-cellulite-fr","12":"product_tag-citron","13":"product_tag-creme","14":"product_tag-cuticules","15":"product_tag-defatiguant","16":"product_tag-e-fr","17":"product_tag-epsom-fr","18":"product_tag-essentiel","19":"product_tag-gel-fr","20":"product_tag-glycerinate-fr","21":"product_tag-huile-fr","22":"product_tag-huiles","23":"product_tag-hydro-fr","24":"product_tag-hydrolat","25":"product_tag-lessentiel","26":"product_tag-lavande","27":"product_tag-menthe","28":"product_tag-myrtille","29":"product_tag-oleolite-fr","30":"product_tag-ongles-fr","31":"product_tag-par-fr","32":"product_tag-pieds","33":"product_tag-rafraichissant","34":"product_tag-sage-fr","35":"product_tag-sels","36":"product_tag-spagyrique","37":"pa_trattamento-cabine-produits-pour-la-maison","38":"pa_trattamento-produits-nationaux","40":"first","41":"instock","42":"taxable","43":"shipping-taxable","44":"purchasable","45":"product-type-variable"},"acf":[],"jetpack_sharing_enabled":true,"_links":{"self":[{"href":"https:\/\/cndestetik.ch\/fr\/wp-json\/wp\/v2\/product\/59983","targetHints":{"allow":["GET"]}}],"collection":[{"href":"https:\/\/cndestetik.ch\/fr\/wp-json\/wp\/v2\/product"}],"about":[{"href":"https:\/\/cndestetik.ch\/fr\/wp-json\/wp\/v2\/types\/product"}],"wp:featuredmedia":[{"embeddable":true,"href":"https:\/\/cndestetik.ch\/fr\/wp-json\/wp\/v2\/media\/59973"}],"wp:attachment":[{"href":"https:\/\/cndestetik.ch\/fr\/wp-json\/wp\/v2\/media?parent=59983"}],"wp:term":[{"taxonomy":"product_brand","embeddable":true,"href":"https:\/\/cndestetik.ch\/fr\/wp-json\/wp\/v2\/product_brand?post=59983"},{"taxonomy":"product_cat","embeddable":true,"href":"https:\/\/cndestetik.ch\/fr\/wp-json\/wp\/v2\/product_cat?post=59983"},{"taxonomy":"product_tag","embeddable":true,"href":"https:\/\/cndestetik.ch\/fr\/wp-json\/wp\/v2\/product_tag?post=59983"}],"curies":[{"name":"wp","href":"https:\/\/api.w.org\/{rel}","templated":true}]}}