{"id":59779,"date":"2023-05-30T10:58:38","date_gmt":"2023-05-30T08:58:38","guid":{"rendered":"https:\/\/cndestetik.ch\/prodotto\/kit-dhygiene-lingettes-jetables-inika-et-sac-intime-neutre\/"},"modified":"2023-06-30T08:01:55","modified_gmt":"2023-06-30T06:01:55","slug":"essuie-tout-sur-mesure-utilisation-intime-2","status":"publish","type":"product","link":"https:\/\/cndestetik.ch\/fr\/prodotto\/essuie-tout-sur-mesure-utilisation-intime-2\/","title":{"rendered":"Kit d&#8217;hygi\u00e8ne &#8211; lingettes intimes jetables et pochettes intimes neutres"},"content":{"rendered":"<p>Le kit comprend :<\/p>\n<p>&#8211; Serviette intime hygi\u00e9nique jetable<\/p>\n<p>&#8211; Sac hygi\u00e9nique pour le rangement des sous-v\u00eatements<\/p>\n<p>Lingette intime jetable, hygi\u00e9nique et rafra\u00eechissante. Fabriqu\u00e9 en viscose de la plus haute qualit\u00e9, 100 % biod\u00e9gradable, sans alcool, sans parab\u00e8nes et sans sels. Il est id\u00e9al pour ceux qui recherchent la commodit\u00e9, la sant\u00e9 et l&#8217;hygi\u00e8ne. Avec de l&#8217;Aloe Vera, de la menthe aquatique, de la mauve et du pamplemousse, il hydrate, prot\u00e8ge et rafra\u00eechit la peau, en laissant un l\u00e9ger parfum de rose.<\/p>\n<p>**L&#8217;emballage de la lingette n&#8217;est pas personnalis\u00e9 mais pr\u00e9sente une image neutre.<\/p>\n","protected":false},"excerpt":{"rendered":"<p>Kit complet avec :<\/p>\n<p>&#8211; lingettes hygi\u00e9niques jetables<\/p>\n<p>&#8211; sac hygi\u00e9nique pour sous-v\u00eatements<\/p>\n","protected":false},"featured_media":59772,"template":"","meta":{"_acf_changed":false},"product_brand":[],"product_cat":[1208,906],"product_tag":[554,2270,8797,8796,8794,2359,9808,494,8795],"class_list":{"0":"post-59779","1":"product","2":"type-product","3":"status-publish","4":"has-post-thumbnail","6":"product_cat-hygiene-et-securite","7":"product_cat-usage-unique","8":"product_tag-aloe-fr","9":"product_tag-desinfectant","10":"product_tag-essuyer-fr","11":"product_tag-essuyer","12":"product_tag-intime","13":"product_tag-jetable","14":"product_tag-mental-fr","15":"product_tag-pamplemousse","16":"product_tag-sur-mesure","17":"pa_pezzi-1000-fr","18":"pa_pezzi-10000-fr","19":"pa_pezzi-20000-fr","20":"pa_pezzi-250-fr","21":"pa_pezzi-3000-fr","22":"pa_pezzi-500-fr","23":"pa_pezzi-5000-fr","25":"first","26":"instock","27":"taxable","28":"shipping-taxable","29":"purchasable","30":"product-type-variable"},"acf":[],"jetpack_sharing_enabled":true,"_links":{"self":[{"href":"https:\/\/cndestetik.ch\/fr\/wp-json\/wp\/v2\/product\/59779","targetHints":{"allow":["GET"]}}],"collection":[{"href":"https:\/\/cndestetik.ch\/fr\/wp-json\/wp\/v2\/product"}],"about":[{"href":"https:\/\/cndestetik.ch\/fr\/wp-json\/wp\/v2\/types\/product"}],"wp:featuredmedia":[{"embeddable":true,"href":"https:\/\/cndestetik.ch\/fr\/wp-json\/wp\/v2\/media\/59772"}],"wp:attachment":[{"href":"https:\/\/cndestetik.ch\/fr\/wp-json\/wp\/v2\/media?parent=59779"}],"wp:term":[{"taxonomy":"product_brand","embeddable":true,"href":"https:\/\/cndestetik.ch\/fr\/wp-json\/wp\/v2\/product_brand?post=59779"},{"taxonomy":"product_cat","embeddable":true,"href":"https:\/\/cndestetik.ch\/fr\/wp-json\/wp\/v2\/product_cat?post=59779"},{"taxonomy":"product_tag","embeddable":true,"href":"https:\/\/cndestetik.ch\/fr\/wp-json\/wp\/v2\/product_tag?post=59779"}],"curies":[{"name":"wp","href":"https:\/\/api.w.org\/{rel}","templated":true}]}}