{"id":59695,"date":"2023-05-09T13:17:42","date_gmt":"2023-05-09T11:17:42","guid":{"rendered":"https:\/\/cndestetik.ch\/prodotto\/creme-thermogenique-reductrice\/"},"modified":"2025-01-23T09:28:50","modified_gmt":"2025-01-23T08:28:50","slug":"creme-thermogenique-reductrice","status":"publish","type":"product","link":"https:\/\/cndestetik.ch\/fr\/prodotto\/creme-thermogenique-reductrice\/","title":{"rendered":"Cr\u00e8me thermog\u00e9nique r\u00e9ductrice"},"content":{"rendered":"<p>Cr\u00e8me r\u00e9ductrice qui g\u00e9n\u00e8re une hyper\u00e9mie localis\u00e9e et des picotements aux points d&#8217;accumulation adipeuse, avec pour cons\u00e9quence l&#8217;activation des processus d&#8217;\u00e9limination des lipides et d&#8217;amaigrissement. Appliquer matin et soir sur le ventre et les hanches en massant pour favoriser l&#8217;absorption. Les picotements sont proportionnels \u00e0 la quantit\u00e9 de produit utilis\u00e9e.<\/p>\n<p>&nbsp;<\/p>\n<p>Taille : 100ml.<\/p>\n","protected":false},"excerpt":{"rendered":"<p>Cr\u00e8me r\u00e9ductrice qui g\u00e9n\u00e8re une hyper\u00e9mie localis\u00e9e et des picotements aux points d&#8217;accumulation adipeuse, avec pour cons\u00e9quence l&#8217;activation des processus d&#8217;\u00e9limination des lipides et d&#8217;amaigrissement.<\/p>\n","protected":false},"featured_media":59691,"template":"","meta":{"_acf_changed":false},"product_brand":[],"product_cat":[12987,1494,12982],"product_tag":[3834,10301,11310],"class_list":{"0":"post-59695","1":"product","2":"type-product","3":"status-publish","4":"has-post-thumbnail","6":"product_cat-corps","7":"product_cat-cosmetiques","8":"product_cat-microcosme","9":"product_tag-creme","10":"product_tag-en-reduisant","11":"product_tag-thermogenique","13":"first","14":"instock","15":"taxable","16":"shipping-taxable","17":"purchasable","18":"product-type-simple"},"acf":[],"jetpack_sharing_enabled":true,"_links":{"self":[{"href":"https:\/\/cndestetik.ch\/fr\/wp-json\/wp\/v2\/product\/59695","targetHints":{"allow":["GET"]}}],"collection":[{"href":"https:\/\/cndestetik.ch\/fr\/wp-json\/wp\/v2\/product"}],"about":[{"href":"https:\/\/cndestetik.ch\/fr\/wp-json\/wp\/v2\/types\/product"}],"wp:featuredmedia":[{"embeddable":true,"href":"https:\/\/cndestetik.ch\/fr\/wp-json\/wp\/v2\/media\/59691"}],"wp:attachment":[{"href":"https:\/\/cndestetik.ch\/fr\/wp-json\/wp\/v2\/media?parent=59695"}],"wp:term":[{"taxonomy":"product_brand","embeddable":true,"href":"https:\/\/cndestetik.ch\/fr\/wp-json\/wp\/v2\/product_brand?post=59695"},{"taxonomy":"product_cat","embeddable":true,"href":"https:\/\/cndestetik.ch\/fr\/wp-json\/wp\/v2\/product_cat?post=59695"},{"taxonomy":"product_tag","embeddable":true,"href":"https:\/\/cndestetik.ch\/fr\/wp-json\/wp\/v2\/product_tag?post=59695"}],"curies":[{"name":"wp","href":"https:\/\/api.w.org\/{rel}","templated":true}]}}