{"id":59678,"date":"2023-05-09T13:19:54","date_gmt":"2023-05-09T11:19:54","guid":{"rendered":"https:\/\/cndestetik.ch\/prodotto\/abdomen-spagyrique-de-loleolite\/"},"modified":"2025-01-23T09:30:10","modified_gmt":"2025-01-23T08:30:10","slug":"oleolyte-spagyrique-addome","status":"publish","type":"product","link":"https:\/\/cndestetik.ch\/fr\/prodotto\/oleolyte-spagyrique-addome\/","title":{"rendered":"Abdomen spagyrique de l&#8217;ol\u00e9olite"},"content":{"rendered":"<p>Synergie concentr\u00e9e d&#8217;ol\u00e9olithes spagyriques et d&#8217;huiles essentielles qui agissent sur le drainage des liquides et des toxines accumul\u00e9s, la tonification des tissus et le bien-\u00eatre fonctionnel des organes abdominaux. Particuli\u00e8rement indiqu\u00e9 en cas de production de gaz et de tension abdominale. Appliquer matin et soir par un massage circulaire dans le sens des aiguilles d&#8217;une montre.<\/p>\n<p>Taille : 100ml, 500ml<\/p>\n","protected":false},"excerpt":{"rendered":"<p>Une synergie concentr\u00e9e d&#8217;ol\u00e9olithes spagyriques et d&#8217;huiles essentielles qui agissent sur le drainage des liquides et toxines accumul\u00e9s.<\/p>\n","protected":false},"featured_media":59672,"template":"","meta":{"_acf_changed":false},"product_brand":[],"product_cat":[12987,1494,12982],"product_tag":[2341,2184,4257,6647,4831,11306],"class_list":{"0":"post-59678","1":"product","2":"type-product","3":"status-publish","4":"has-post-thumbnail","6":"product_cat-corps","7":"product_cat-cosmetiques","8":"product_cat-microcosme","9":"product_tag-corps","10":"product_tag-huile-fr","11":"product_tag-huiles","12":"product_tag-plaque","13":"product_tag-spagyrique","14":"product_tag-ventre-fr","15":"pa_formato-100ml-fr","16":"pa_formato-500ml-fr","18":"first","19":"instock","20":"taxable","21":"shipping-taxable","22":"purchasable","23":"product-type-variable"},"acf":[],"jetpack_sharing_enabled":true,"_links":{"self":[{"href":"https:\/\/cndestetik.ch\/fr\/wp-json\/wp\/v2\/product\/59678","targetHints":{"allow":["GET"]}}],"collection":[{"href":"https:\/\/cndestetik.ch\/fr\/wp-json\/wp\/v2\/product"}],"about":[{"href":"https:\/\/cndestetik.ch\/fr\/wp-json\/wp\/v2\/types\/product"}],"wp:featuredmedia":[{"embeddable":true,"href":"https:\/\/cndestetik.ch\/fr\/wp-json\/wp\/v2\/media\/59672"}],"wp:attachment":[{"href":"https:\/\/cndestetik.ch\/fr\/wp-json\/wp\/v2\/media?parent=59678"}],"wp:term":[{"taxonomy":"product_brand","embeddable":true,"href":"https:\/\/cndestetik.ch\/fr\/wp-json\/wp\/v2\/product_brand?post=59678"},{"taxonomy":"product_cat","embeddable":true,"href":"https:\/\/cndestetik.ch\/fr\/wp-json\/wp\/v2\/product_cat?post=59678"},{"taxonomy":"product_tag","embeddable":true,"href":"https:\/\/cndestetik.ch\/fr\/wp-json\/wp\/v2\/product_tag?post=59678"}],"curies":[{"name":"wp","href":"https:\/\/api.w.org\/{rel}","templated":true}]}}