{"id":59508,"date":"2023-05-02T09:55:45","date_gmt":"2023-05-02T07:55:45","guid":{"rendered":"https:\/\/cndestetik.ch\/prodotto\/kits-de-tisanes-pour-lete\/"},"modified":"2023-06-02T00:00:04","modified_gmt":"2023-06-01T22:00:04","slug":"kit-tisane-pour-ete","status":"publish","type":"product","link":"https:\/\/cndestetik.ch\/fr\/prodotto\/kit-tisane-pour-ete\/","title":{"rendered":"Kits de tisanes pour l&#8217;\u00e9t\u00e9"},"content":{"rendered":"<p>Un kit compos\u00e9 de tisanes Hibiscus et Sweet Tanny, pour se pr\u00e9parer \u00e0 l&#8217;\u00e9t\u00e9. Contient 6 sachets de chaque tisane, soit un total de 12 sachets.<\/p>\n<p>Sweet Tanny<\/p>\n<p><span class=\"JsGRdQ\">Antioxydant, d\u00e9toxifiant, rafra\u00eechissant, diur\u00e9tique, riche en carot\u00e9no\u00efdes et anthocyanes naturels.  <\/span><span class=\"JsGRdQ\">Stimule le bronzage et r\u00e9duit le vieillissement. Il n&#8217;est pas n\u00e9cessaire de l&#8217;infuser dans de l&#8217;eau chaude, mais il faut l&#8217;ins\u00e9rer directement dans de l&#8217;eau froide.<\/span><\/p>\n<p>Hibiscus<\/p>\n<p>Tisane antioxydante au go\u00fbt sucr\u00e9. Adapt\u00e9 \u00e0 tout moment de la journ\u00e9e, il est d\u00e9salt\u00e9rant, drainant et digestif. Offrez-le dans un soin purifiant du visage et du corps.<\/p>\n","protected":false},"excerpt":{"rendered":"<p>Un kit compos\u00e9 de tisanes Hibiscus et Sweet Tanny, pour se pr\u00e9parer \u00e0 l&#8217;\u00e9t\u00e9. Contient 6 sachets de chaque tisane, soit un total de 12 sachets.<\/p>\n","protected":false},"featured_media":58798,"template":"","meta":{"_acf_changed":false},"product_brand":[],"product_cat":[1994],"product_tag":[2099,11087,11236,11038,10694,2013],"class_list":{"0":"post-59508","1":"product","2":"type-product","3":"status-publish","4":"has-post-thumbnail","6":"product_cat-tisanes-bien-etre","7":"product_tag-doux","8":"product_tag-ete","9":"product_tag-ete-fr","10":"product_tag-hibiscus-fr-2","11":"product_tag-tanny-fr","12":"product_tag-tisanes","14":"first","15":"instock","16":"taxable","17":"shipping-taxable","18":"purchasable","19":"product-type-simple"},"acf":[],"jetpack_sharing_enabled":true,"_links":{"self":[{"href":"https:\/\/cndestetik.ch\/fr\/wp-json\/wp\/v2\/product\/59508","targetHints":{"allow":["GET"]}}],"collection":[{"href":"https:\/\/cndestetik.ch\/fr\/wp-json\/wp\/v2\/product"}],"about":[{"href":"https:\/\/cndestetik.ch\/fr\/wp-json\/wp\/v2\/types\/product"}],"wp:featuredmedia":[{"embeddable":true,"href":"https:\/\/cndestetik.ch\/fr\/wp-json\/wp\/v2\/media\/58798"}],"wp:attachment":[{"href":"https:\/\/cndestetik.ch\/fr\/wp-json\/wp\/v2\/media?parent=59508"}],"wp:term":[{"taxonomy":"product_brand","embeddable":true,"href":"https:\/\/cndestetik.ch\/fr\/wp-json\/wp\/v2\/product_brand?post=59508"},{"taxonomy":"product_cat","embeddable":true,"href":"https:\/\/cndestetik.ch\/fr\/wp-json\/wp\/v2\/product_cat?post=59508"},{"taxonomy":"product_tag","embeddable":true,"href":"https:\/\/cndestetik.ch\/fr\/wp-json\/wp\/v2\/product_tag?post=59508"}],"curies":[{"name":"wp","href":"https:\/\/api.w.org\/{rel}","templated":true}]}}