{"id":58905,"date":"2023-03-14T13:30:15","date_gmt":"2023-03-14T12:30:15","guid":{"rendered":"https:\/\/cndestetik.ch\/prodotto\/chauffe-cire-500ml\/"},"modified":"2023-05-02T09:06:05","modified_gmt":"2023-05-02T07:06:05","slug":"chauffe-cire-500ml","status":"publish","type":"product","link":"https:\/\/cndestetik.ch\/fr\/prodotto\/chauffe-cire-500ml\/","title":{"rendered":"Chauffe-cire 500ml"},"content":{"rendered":"<p>Chauffe-cire rapide et professionnel qui fait fondre la cire de mani\u00e8re homog\u00e8ne et l&#8217;am\u00e8ne \u00e0 une temp\u00e9rature maximale de 360\u00b0.<\/p>\n<p>Capacit\u00e9 : 500ml<\/p>\n","protected":false},"excerpt":{"rendered":"<p>Chauffe-cire rapide et professionnel qui fait fondre la cire de mani\u00e8re homog\u00e8ne et l&#8217;am\u00e8ne \u00e0 une temp\u00e9rature maximale de 360\u00b0.<\/p>\n","protected":false},"featured_media":58901,"template":"","meta":{"_acf_changed":false},"product_brand":[],"product_cat":[1628,1296],"product_tag":[684,8245,1650],"class_list":{"0":"post-58905","1":"product","2":"type-product","3":"status-publish","4":"has-post-thumbnail","6":"product_cat-12-epilation","7":"product_cat-equipement","8":"product_tag-cire","9":"product_tag-plus-chaud","10":"product_tag-rechauffeur-de-cire","12":"first","13":"instock","14":"taxable","15":"shipping-taxable","16":"purchasable","17":"product-type-simple"},"acf":[],"jetpack_sharing_enabled":true,"_links":{"self":[{"href":"https:\/\/cndestetik.ch\/fr\/wp-json\/wp\/v2\/product\/58905","targetHints":{"allow":["GET"]}}],"collection":[{"href":"https:\/\/cndestetik.ch\/fr\/wp-json\/wp\/v2\/product"}],"about":[{"href":"https:\/\/cndestetik.ch\/fr\/wp-json\/wp\/v2\/types\/product"}],"wp:featuredmedia":[{"embeddable":true,"href":"https:\/\/cndestetik.ch\/fr\/wp-json\/wp\/v2\/media\/58901"}],"wp:attachment":[{"href":"https:\/\/cndestetik.ch\/fr\/wp-json\/wp\/v2\/media?parent=58905"}],"wp:term":[{"taxonomy":"product_brand","embeddable":true,"href":"https:\/\/cndestetik.ch\/fr\/wp-json\/wp\/v2\/product_brand?post=58905"},{"taxonomy":"product_cat","embeddable":true,"href":"https:\/\/cndestetik.ch\/fr\/wp-json\/wp\/v2\/product_cat?post=58905"},{"taxonomy":"product_tag","embeddable":true,"href":"https:\/\/cndestetik.ch\/fr\/wp-json\/wp\/v2\/product_tag?post=58905"}],"curies":[{"name":"wp","href":"https:\/\/api.w.org\/{rel}","templated":true}]}}