{"id":58816,"date":"2023-03-08T10:05:39","date_gmt":"2023-03-08T09:05:39","guid":{"rendered":"https:\/\/cndestetik.ch\/prodotto\/tisanes-flower-power\/"},"modified":"2023-09-08T11:45:57","modified_gmt":"2023-09-08T09:45:57","slug":"infusions-fleurs-pouvoir","status":"publish","type":"product","link":"https:\/\/cndestetik.ch\/fr\/prodotto\/infusions-fleurs-pouvoir\/","title":{"rendered":"Tisanes Flower Power"},"content":{"rendered":"<p>D\u00e9couvrez les nouvelles tisanes Flower Power : Hibiscus, Mauve et Time To Relax !<\/p>\n<p>Destin\u00e9es \u00e0 r\u00e9duire l&#8217;inflammation dans l&#8217;organisme, ces tisanes vous aideront \u00e0 lutter contre les radicaux libres et \u00e0 prot\u00e9ger l&#8217;organisme.<\/p>\n<p>Voici les protagonistes :<\/p>\n<p><strong>IBISCO<\/strong><\/p>\n<p>D\u00e9salt\u00e9rant, drainant et digestif, il peut \u00eatre pris \u00e0 tout moment de la journ\u00e9e, m\u00eame le soir. Li\u00e9 aux traitements purifiants du visage et du corps.<\/p>\n<p>Ingr\u00e9dients : Fleurs d&#8217;hibiscus<\/p>\n<p><strong>JAUNE<\/strong><\/p>\n<p>Bon pour les intestins paresseux et pour stimuler la diur\u00e8se. Il bloque les processus oxydatifs dans l&#8217;organisme gr\u00e2ce \u00e0 la pr\u00e9sence d&#8217;anthocyanes naturelles. Riche en vitamines A, B1 et C, elle est associ\u00e9e aux soins purifiants du visage et du corps.<\/p>\n<p>Ingr\u00e9dients : fleurs de mauve, fraises des bois, morceaux de pomme, \u00e9corce d&#8217;orange, fleurs de tournesol, baies de sureau, myrtilles et hibiscus.<\/p>\n<p><strong>LE TEMPS DE SE D\u00c9TENDRE<\/strong><\/p>\n<p>Gr\u00e2ce \u00e0 ses ingr\u00e9dients, il procure une sensation naturelle de d\u00e9tente. Il favorise le sommeil et est donc particuli\u00e8rement indiqu\u00e9 le soir. Recommand\u00e9 pour les traitements relaxants.<\/p>\n<p>Ingr\u00e9dients : honeybush vert, rooibos vert, fenouil, anis, camomille, carthame.<\/p>\n<p>Chaque paquet contient 12 sachets.<\/p>\n<p>12 paquets = 8.5 CHF par paquet &#8211; 24 paquets = 8 CHF par paquet &#8211; 36 paquets = 7.5 CHF par paquet<\/p>\n<p>&nbsp;<\/p>\n","protected":false},"excerpt":{"rendered":"<p>Destin\u00e9es \u00e0 r\u00e9duire l&#8217;inflammation dans l&#8217;organisme, ces tisanes vous aideront \u00e0 lutter contre les radicaux libres et \u00e0 prot\u00e9ger l&#8217;organisme.<\/p>\n","protected":false},"featured_media":58790,"template":"","meta":{"_acf_changed":false},"product_brand":[],"product_cat":[1994],"product_tag":[3685,9848,3646,11038,2012],"class_list":{"0":"post-58816","1":"product","2":"type-product","3":"status-publish","4":"has-post-thumbnail","6":"product_cat-tisanes-bien-etre","7":"product_tag-antioxydant","8":"product_tag-bien-etre","9":"product_tag-detente","10":"product_tag-hibiscus-fr-2","11":"product_tag-tisane-fr","12":"pa_pacchetto-12-paquets","13":"pa_pacchetto-24-paquets","14":"pa_pacchetto-36-paquets","16":"first","17":"instock","18":"taxable","19":"shipping-taxable","20":"purchasable","21":"product-type-variable"},"acf":[],"jetpack_sharing_enabled":true,"_links":{"self":[{"href":"https:\/\/cndestetik.ch\/fr\/wp-json\/wp\/v2\/product\/58816","targetHints":{"allow":["GET"]}}],"collection":[{"href":"https:\/\/cndestetik.ch\/fr\/wp-json\/wp\/v2\/product"}],"about":[{"href":"https:\/\/cndestetik.ch\/fr\/wp-json\/wp\/v2\/types\/product"}],"wp:featuredmedia":[{"embeddable":true,"href":"https:\/\/cndestetik.ch\/fr\/wp-json\/wp\/v2\/media\/58790"}],"wp:attachment":[{"href":"https:\/\/cndestetik.ch\/fr\/wp-json\/wp\/v2\/media?parent=58816"}],"wp:term":[{"taxonomy":"product_brand","embeddable":true,"href":"https:\/\/cndestetik.ch\/fr\/wp-json\/wp\/v2\/product_brand?post=58816"},{"taxonomy":"product_cat","embeddable":true,"href":"https:\/\/cndestetik.ch\/fr\/wp-json\/wp\/v2\/product_cat?post=58816"},{"taxonomy":"product_tag","embeddable":true,"href":"https:\/\/cndestetik.ch\/fr\/wp-json\/wp\/v2\/product_tag?post=58816"}],"curies":[{"name":"wp","href":"https:\/\/api.w.org\/{rel}","templated":true}]}}