{"id":58779,"date":"2022-06-02T11:00:33","date_gmt":"2022-06-02T09:00:33","guid":{"rendered":"https:\/\/cndestetik.ch\/prodotto\/spatule-en-bois-lisse\/"},"modified":"2023-09-08T11:54:49","modified_gmt":"2023-09-08T09:54:49","slug":"spatule-en-bois-lisse","status":"publish","type":"product","link":"https:\/\/cndestetik.ch\/fr\/prodotto\/spatule-en-bois-lisse\/","title":{"rendered":"Spatule en bois lisse"},"content":{"rendered":"<p><span data-sheets-value=\"{\"1\":2,\"2\":\"Per effettuare una ceretta professionale e ben fatta, un momento importante \u00e8 quello della stesura con una spatola per ceretta adatta.\\nEbranditalia offre diverse tipologie a seconda delle tue necessit\u00e0: per chi preferisce l\u2019usa e getta sono \u00e8 a disposizione la spatola per ceretta in legno, al contrario per chi predilige un prodotto riutilizzabile sono disponibili le spatole per ceretta in plastica o in acciaio inox, a punta curva, con lama grande e lama piccola per le zone pi\u00f9 difficili. SPATOLE PICCOLE PER IL CORPO\"}\" data-sheets-userformat=\"{\"2\":15297,\"3\":{\"1\":0},\"9\":0,\"10\":2,\"11\":0,\"12\":0,\"14\":{\"1\":2,\"2\":0},\"15\":\"Calibri\",\"16\":11}\">Pour r\u00e9aliser une \u00e9pilation \u00e0 la cire professionnelle et bien faite, une \u00e9tape importante consiste \u00e0 appliquer la cire avec une spatule \u00e0 cire adapt\u00e9e.<\/span><\/p>\n<p><span data-sheets-value=\"{\"1\":2,\"2\":\"Per effettuare una ceretta professionale e ben fatta, un momento importante \u00e8 quello della stesura con una spatola per ceretta adatta.\\nEbranditalia offre diverse tipologie a seconda delle tue necessit\u00e0: per chi preferisce l\u2019usa e getta sono \u00e8 a disposizione la spatola per ceretta in legno, al contrario per chi predilige un prodotto riutilizzabile sono disponibili le spatole per ceretta in plastica o in acciaio inox, a punta curva, con lama grande e lama piccola per le zone pi\u00f9 difficili. SPATOLE PICCOLE PER IL CORPO\"}\" data-sheets-userformat=\"{\"2\":15297,\"3\":{\"1\":0},\"9\":0,\"10\":2,\"11\":0,\"12\":0,\"14\":{\"1\":2,\"2\":0},\"15\":\"Calibri\",\"16\":11}\">La jetabilit\u00e9 est un choix hygi\u00e9nique envers le client.<\/span><\/p>\n<p>Paquet de 100 pi\u00e8ces.<\/p>\n","protected":false},"excerpt":{"rendered":"<p>Spatules de cire en bois (taille d&#8217;un abaisse-langue)<\/p>\n","protected":false},"featured_media":39638,"template":"","meta":{"_acf_changed":false},"product_brand":[],"product_cat":[1628,906],"product_tag":[684,909,1487,9230,1491],"class_list":{"0":"post-58779","1":"product","2":"type-product","3":"status-publish","4":"has-post-thumbnail","6":"product_cat-12-epilation","7":"product_cat-usage-unique","8":"product_tag-cire","9":"product_tag-epilation-fr","10":"product_tag-spatule","11":"product_tag-spatule-en-bois","12":"product_tag-spatule-en-cire","13":"pa_pezzi-1-piece-fr","14":"pa_pezzi-144-pieces-fr","15":"pa_pezzi-288-pieces-fr","17":"first","18":"instock","19":"taxable","20":"shipping-taxable","21":"purchasable","22":"product-type-simple"},"acf":[],"jetpack_sharing_enabled":true,"_links":{"self":[{"href":"https:\/\/cndestetik.ch\/fr\/wp-json\/wp\/v2\/product\/58779","targetHints":{"allow":["GET"]}}],"collection":[{"href":"https:\/\/cndestetik.ch\/fr\/wp-json\/wp\/v2\/product"}],"about":[{"href":"https:\/\/cndestetik.ch\/fr\/wp-json\/wp\/v2\/types\/product"}],"wp:featuredmedia":[{"embeddable":true,"href":"https:\/\/cndestetik.ch\/fr\/wp-json\/wp\/v2\/media\/39638"}],"wp:attachment":[{"href":"https:\/\/cndestetik.ch\/fr\/wp-json\/wp\/v2\/media?parent=58779"}],"wp:term":[{"taxonomy":"product_brand","embeddable":true,"href":"https:\/\/cndestetik.ch\/fr\/wp-json\/wp\/v2\/product_brand?post=58779"},{"taxonomy":"product_cat","embeddable":true,"href":"https:\/\/cndestetik.ch\/fr\/wp-json\/wp\/v2\/product_cat?post=58779"},{"taxonomy":"product_tag","embeddable":true,"href":"https:\/\/cndestetik.ch\/fr\/wp-json\/wp\/v2\/product_tag?post=58779"}],"curies":[{"name":"wp","href":"https:\/\/api.w.org\/{rel}","templated":true}]}}