{"id":58771,"date":"2022-06-02T10:54:54","date_gmt":"2022-06-02T08:54:54","guid":{"rendered":"https:\/\/cndestetik.ch\/prodotto\/cire-hypoallergenique-400-g\/"},"modified":"2025-07-11T11:11:24","modified_gmt":"2025-07-11T09:11:24","slug":"cire-hypoallergenique-400-gr","status":"publish","type":"product","link":"https:\/\/cndestetik.ch\/fr\/prodotto\/cire-hypoallergenique-400-gr\/","title":{"rendered":"Cire hypoallerg\u00e9nique 400 g"},"content":{"rendered":"<p><span>Cire hypoallerg\u00e9nique, dermocompatible, test\u00e9e pharmacologiquement. Parfum\u00e9e \u00e0 la vanille, elle est id\u00e9ale pour les peaux les plus d\u00e9licates et sensibles, ainsi que pour les personnes souffrant d&#8217;allergies et de folliculite. Bo\u00eetes de 400 g, paquet de 24.<\/span><\/p>\n","protected":false},"excerpt":{"rendered":"<p><span>Cire hypoallerg\u00e9nique, dermocompatible, test\u00e9e pharmacologiquement, parfum\u00e9e \u00e0 la vanille.<\/span><\/p>\n","protected":false},"featured_media":46929,"template":"","meta":{"_acf_changed":false},"product_brand":[],"product_cat":[1628],"product_tag":[11026,684,909,8255,3712,11025,11024],"class_list":{"0":"post-58771","1":"product","2":"type-product","3":"status-publish","4":"has-post-thumbnail","6":"product_cat-12-epilation","7":"product_tag-allergies","8":"product_tag-cire","9":"product_tag-epilation-fr","10":"product_tag-hypoallergenique","11":"product_tag-peau-delicate","12":"product_tag-teste-pharmacologiquement","13":"product_tag-vanille-fr","14":"pa_pezzi-1-piece-fr","15":"pa_pezzi-24-pieces","16":"pa_pezzi-48-pieces-fr","17":"pa_pezzi-72-pieces-fr","19":"first","20":"instock","21":"taxable","22":"shipping-taxable","23":"purchasable","24":"product-type-variable"},"acf":[],"jetpack_sharing_enabled":true,"_links":{"self":[{"href":"https:\/\/cndestetik.ch\/fr\/wp-json\/wp\/v2\/product\/58771","targetHints":{"allow":["GET"]}}],"collection":[{"href":"https:\/\/cndestetik.ch\/fr\/wp-json\/wp\/v2\/product"}],"about":[{"href":"https:\/\/cndestetik.ch\/fr\/wp-json\/wp\/v2\/types\/product"}],"wp:featuredmedia":[{"embeddable":true,"href":"https:\/\/cndestetik.ch\/fr\/wp-json\/wp\/v2\/media\/46929"}],"wp:attachment":[{"href":"https:\/\/cndestetik.ch\/fr\/wp-json\/wp\/v2\/media?parent=58771"}],"wp:term":[{"taxonomy":"product_brand","embeddable":true,"href":"https:\/\/cndestetik.ch\/fr\/wp-json\/wp\/v2\/product_brand?post=58771"},{"taxonomy":"product_cat","embeddable":true,"href":"https:\/\/cndestetik.ch\/fr\/wp-json\/wp\/v2\/product_cat?post=58771"},{"taxonomy":"product_tag","embeddable":true,"href":"https:\/\/cndestetik.ch\/fr\/wp-json\/wp\/v2\/product_tag?post=58771"}],"curies":[{"name":"wp","href":"https:\/\/api.w.org\/{rel}","templated":true}]}}