{"id":58391,"date":"2023-02-03T09:22:27","date_gmt":"2023-02-03T08:22:27","guid":{"rendered":"https:\/\/cndestetik.ch\/prodotto\/lampe-a-18-led\/"},"modified":"2024-08-07T09:18:29","modified_gmt":"2024-08-07T07:18:29","slug":"lampe-18-led","status":"publish","type":"product","link":"https:\/\/cndestetik.ch\/fr\/prodotto\/lampe-18-led\/","title":{"rendered":"Lampe \u00e0 18 LED"},"content":{"rendered":"<p>Lampe \u00e0 18 LED pour le durcissement rapide de toutes les r\u00e9sines photopolym\u00e9risables, des gels UV et des \u00e9maux semi-permanents. Compatible avec tous les produits qui durcissent \u00e0 une longueur d&#8217;onde de 365-405 nm. Le champ lumineux homog\u00e8ne assure une irradiation optimale et uniforme pour un durcissement s\u00fbr, complet et rapide. \u00c9quip\u00e9 de 3 programmes de durcissement : 30 sec. 60 sec. 90 sec. Avec base amovible, id\u00e9al pour les mains et les pieds. Puissance maximale 36W.<\/p>\n","protected":false},"excerpt":{"rendered":"<p>Lampe \u00e0 18 LED pour le durcissement rapide de toutes les r\u00e9sines photopolym\u00e9risables, des gels UV et des \u00e9maux semi-permanents.<\/p>\n","protected":false},"featured_media":58412,"template":"","meta":{"_acf_changed":false},"product_brand":[],"product_cat":[1296],"product_tag":[11118,11120,6802,8262,8373],"class_list":{"0":"post-58391","1":"product","2":"type-product","3":"status-publish","4":"has-post-thumbnail","6":"product_cat-equipement","7":"product_tag-18-fr","8":"product_tag-36-fr","9":"product_tag-lampe-fr-2","10":"product_tag-led-fr","11":"product_tag-watt-fr","12":"pa_pezzi-1-piece-fr","13":"pa_pezzi-2-pieces-fr","15":"first","16":"instock","17":"taxable","18":"shipping-taxable","19":"purchasable","20":"product-type-variable"},"acf":[],"jetpack_sharing_enabled":true,"_links":{"self":[{"href":"https:\/\/cndestetik.ch\/fr\/wp-json\/wp\/v2\/product\/58391","targetHints":{"allow":["GET"]}}],"collection":[{"href":"https:\/\/cndestetik.ch\/fr\/wp-json\/wp\/v2\/product"}],"about":[{"href":"https:\/\/cndestetik.ch\/fr\/wp-json\/wp\/v2\/types\/product"}],"wp:featuredmedia":[{"embeddable":true,"href":"https:\/\/cndestetik.ch\/fr\/wp-json\/wp\/v2\/media\/58412"}],"wp:attachment":[{"href":"https:\/\/cndestetik.ch\/fr\/wp-json\/wp\/v2\/media?parent=58391"}],"wp:term":[{"taxonomy":"product_brand","embeddable":true,"href":"https:\/\/cndestetik.ch\/fr\/wp-json\/wp\/v2\/product_brand?post=58391"},{"taxonomy":"product_cat","embeddable":true,"href":"https:\/\/cndestetik.ch\/fr\/wp-json\/wp\/v2\/product_cat?post=58391"},{"taxonomy":"product_tag","embeddable":true,"href":"https:\/\/cndestetik.ch\/fr\/wp-json\/wp\/v2\/product_tag?post=58391"}],"curies":[{"name":"wp","href":"https:\/\/api.w.org\/{rel}","templated":true}]}}