{"id":58217,"date":"2023-02-01T11:58:33","date_gmt":"2023-02-01T10:58:33","guid":{"rendered":"https:\/\/cndestetik.ch\/prodotto\/creme-pour-le-corps-a-leau-salee\/"},"modified":"2025-01-23T09:28:46","modified_gmt":"2025-01-23T08:28:46","slug":"creme-corps-eau-sel","status":"publish","type":"product","link":"https:\/\/cndestetik.ch\/fr\/prodotto\/creme-corps-eau-sel\/","title":{"rendered":"Cr\u00e8me pour le corps \u00e0 l&#8217;eau sal\u00e9e"},"content":{"rendered":"<p>Un nouveau parfum Microcosmo aux notes iod\u00e9es naturelles donne une sensation de fra\u00eecheur et de propret\u00e9. Le kit comprend une mousse de douche douce au calendula et \u00e0 la mauve, particuli\u00e8rement hydratante, et une cr\u00e8me pour le corps \u00e0 la texture douce et cors\u00e9e, facile \u00e0 appliquer et \u00e0 absorber.<\/p>\n","protected":false},"excerpt":{"rendered":"<p>Un nouveau parfum Microcosmo aux notes iod\u00e9es naturelles donne une sensation de fra\u00eecheur et de propret\u00e9. Prix de d\u00e9tail recommand\u00e9 42.<\/p>\n","protected":false},"featured_media":0,"template":"","meta":{"_acf_changed":false},"product_brand":[],"product_cat":[12987,1494,12982],"product_tag":[4169,874,9181],"class_list":{"0":"post-58217","1":"product","2":"type-product","3":"status-publish","5":"product_cat-corps","6":"product_cat-cosmetiques","7":"product_cat-microcosme","8":"product_tag-eau","9":"product_tag-microcosme","10":"product_tag-salles","12":"first","13":"instock","14":"taxable","15":"shipping-taxable","16":"purchasable","17":"product-type-simple"},"acf":[],"jetpack_sharing_enabled":true,"_links":{"self":[{"href":"https:\/\/cndestetik.ch\/fr\/wp-json\/wp\/v2\/product\/58217","targetHints":{"allow":["GET"]}}],"collection":[{"href":"https:\/\/cndestetik.ch\/fr\/wp-json\/wp\/v2\/product"}],"about":[{"href":"https:\/\/cndestetik.ch\/fr\/wp-json\/wp\/v2\/types\/product"}],"wp:attachment":[{"href":"https:\/\/cndestetik.ch\/fr\/wp-json\/wp\/v2\/media?parent=58217"}],"wp:term":[{"taxonomy":"product_brand","embeddable":true,"href":"https:\/\/cndestetik.ch\/fr\/wp-json\/wp\/v2\/product_brand?post=58217"},{"taxonomy":"product_cat","embeddable":true,"href":"https:\/\/cndestetik.ch\/fr\/wp-json\/wp\/v2\/product_cat?post=58217"},{"taxonomy":"product_tag","embeddable":true,"href":"https:\/\/cndestetik.ch\/fr\/wp-json\/wp\/v2\/product_tag?post=58217"}],"curies":[{"name":"wp","href":"https:\/\/api.w.org\/{rel}","templated":true}]}}