{"id":58086,"date":"2023-01-26T14:02:25","date_gmt":"2023-01-26T13:02:25","guid":{"rendered":"https:\/\/cndestetik.ch\/prodotto\/brosse-eventail\/"},"modified":"2025-01-23T09:49:55","modified_gmt":"2025-01-23T08:49:55","slug":"brosse-eventail","status":"publish","type":"product","link":"https:\/\/cndestetik.ch\/fr\/prodotto\/brosse-eventail\/","title":{"rendered":"Brosse \u00e9ventail"},"content":{"rendered":"<p>Brosse \u00e9ventail pour le visage avec des poils doux. Convient aux traitements du visage n\u00e9cessitant un toucher doux.<\/p>\n","protected":false},"excerpt":{"rendered":"<p>Brosse \u00e9ventail pour le visage avec des poils doux<\/p>\n","protected":false},"featured_media":58083,"template":"","meta":{"_acf_changed":false},"product_brand":[],"product_cat":[1494,12989],"product_tag":[9076,10859],"class_list":{"0":"post-58086","1":"product","2":"type-product","3":"status-publish","4":"has-post-thumbnail","6":"product_cat-cosmetiques","7":"product_cat-visage","8":"product_tag-peigne","9":"product_tag-ventilateur","11":"first","12":"instock","13":"taxable","14":"shipping-taxable","15":"purchasable","16":"product-type-simple"},"acf":[],"jetpack_sharing_enabled":true,"_links":{"self":[{"href":"https:\/\/cndestetik.ch\/fr\/wp-json\/wp\/v2\/product\/58086","targetHints":{"allow":["GET"]}}],"collection":[{"href":"https:\/\/cndestetik.ch\/fr\/wp-json\/wp\/v2\/product"}],"about":[{"href":"https:\/\/cndestetik.ch\/fr\/wp-json\/wp\/v2\/types\/product"}],"wp:featuredmedia":[{"embeddable":true,"href":"https:\/\/cndestetik.ch\/fr\/wp-json\/wp\/v2\/media\/58083"}],"wp:attachment":[{"href":"https:\/\/cndestetik.ch\/fr\/wp-json\/wp\/v2\/media?parent=58086"}],"wp:term":[{"taxonomy":"product_brand","embeddable":true,"href":"https:\/\/cndestetik.ch\/fr\/wp-json\/wp\/v2\/product_brand?post=58086"},{"taxonomy":"product_cat","embeddable":true,"href":"https:\/\/cndestetik.ch\/fr\/wp-json\/wp\/v2\/product_cat?post=58086"},{"taxonomy":"product_tag","embeddable":true,"href":"https:\/\/cndestetik.ch\/fr\/wp-json\/wp\/v2\/product_tag?post=58086"}],"curies":[{"name":"wp","href":"https:\/\/api.w.org\/{rel}","templated":true}]}}