{"id":58065,"date":"2023-01-25T15:04:54","date_gmt":"2023-01-25T14:04:54","guid":{"rendered":"https:\/\/cndestetik.ch\/prodotto\/huile-de-cicatrisation-des-vergetures\/"},"modified":"2025-01-23T09:28:49","modified_gmt":"2025-01-23T08:28:49","slug":"huile-cicatrisante-pour-vergetures","status":"publish","type":"product","link":"https:\/\/cndestetik.ch\/fr\/prodotto\/huile-cicatrisante-pour-vergetures\/","title":{"rendered":"Huile de cicatrisation des vergetures"},"content":{"rendered":"<p>Avec des extraits spagyriques de Calendula, Helichrysum, Hypericum et Yarrow. Riche formulation de 4 ol\u00e9olites spagyriques, 5 huiles essentielles et 4 huiles v\u00e9g\u00e9tales pr\u00e9cieuses, ce produit sp\u00e9cial effectue une r\u00e9g\u00e9n\u00e9ration profonde des couches dermiques tout en r\u00e9-\u00e9pith\u00e9lialisant les l\u00e9sions sous-cutan\u00e9es et les lac\u00e9rations. Appliquez quelques gouttes plusieurs fois par jour directement sur la vergeture\/cicatrice et massez avec des mouvements circulaires du bout des doigts jusqu&#8217;\u00e0 absorption.<\/p>\n","protected":false},"excerpt":{"rendered":"<p>R\u00e9g\u00e9n\u00e9ration en profondeur des couches dermiques.<\/p>\n","protected":false},"featured_media":58031,"template":"","meta":{"_acf_changed":false},"product_brand":[],"product_cat":[12987,1494,12982],"product_tag":[7290,2111,4831,3615],"class_list":{"0":"post-58065","1":"product","2":"type-product","3":"status-publish","4":"has-post-thumbnail","6":"product_cat-corps","7":"product_cat-cosmetiques","8":"product_cat-microcosme","9":"product_tag-guerison","10":"product_tag-oleolite-fr","11":"product_tag-spagyrique","12":"product_tag-vergetures","14":"first","15":"instock","16":"taxable","17":"shipping-taxable","18":"purchasable","19":"product-type-simple"},"acf":[],"jetpack_sharing_enabled":true,"_links":{"self":[{"href":"https:\/\/cndestetik.ch\/fr\/wp-json\/wp\/v2\/product\/58065","targetHints":{"allow":["GET"]}}],"collection":[{"href":"https:\/\/cndestetik.ch\/fr\/wp-json\/wp\/v2\/product"}],"about":[{"href":"https:\/\/cndestetik.ch\/fr\/wp-json\/wp\/v2\/types\/product"}],"wp:featuredmedia":[{"embeddable":true,"href":"https:\/\/cndestetik.ch\/fr\/wp-json\/wp\/v2\/media\/58031"}],"wp:attachment":[{"href":"https:\/\/cndestetik.ch\/fr\/wp-json\/wp\/v2\/media?parent=58065"}],"wp:term":[{"taxonomy":"product_brand","embeddable":true,"href":"https:\/\/cndestetik.ch\/fr\/wp-json\/wp\/v2\/product_brand?post=58065"},{"taxonomy":"product_cat","embeddable":true,"href":"https:\/\/cndestetik.ch\/fr\/wp-json\/wp\/v2\/product_cat?post=58065"},{"taxonomy":"product_tag","embeddable":true,"href":"https:\/\/cndestetik.ch\/fr\/wp-json\/wp\/v2\/product_tag?post=58065"}],"curies":[{"name":"wp","href":"https:\/\/api.w.org\/{rel}","templated":true}]}}