{"id":57130,"date":"2022-10-10T16:42:09","date_gmt":"2022-10-10T14:42:09","guid":{"rendered":"https:\/\/cndestetik.ch\/prodotto\/tisane-kapha\/"},"modified":"2025-02-12T08:50:26","modified_gmt":"2025-02-12T07:50:26","slug":"tisane-kapha","status":"publish","type":"product","link":"https:\/\/cndestetik.ch\/fr\/prodotto\/tisane-kapha\/","title":{"rendered":"Tisane Kapha"},"content":{"rendered":"<p>Notre gamme de rem\u00e8des naturels est enrichie de trois tisanes de bien-\u00eatre. Caract\u00e9ris\u00e9es par des m\u00e9langes d&#8217;\u00e9pices biologiques, ces tisanes sont riches en propri\u00e9t\u00e9s b\u00e9n\u00e9fiques pour le corps et l&#8217;esprit. L&#8217;Ayurveda traite \u00e0 tous \u00e9gards du bien-\u00eatre des personnes, dans leurs aspects physiques, mentaux et spirituels, et s&#8217;occupe autant des pathologies que de l&#8217;\u00e9tat de sant\u00e9 normal. Ils accompagnent la p\u00e9riode chaude avec des notes aromatiques importantes.<\/p>\n<p>Ils doivent \u00eatre infus\u00e9s \u00e0 des temp\u00e9ratures tr\u00e8s \u00e9lev\u00e9es pendant 10 \u00e0 20 minutes (pour varier leur intensit\u00e9).<\/p>\n<ul>\n<li>Tisane Kapha<\/li>\n<\/ul>\n<p>Un m\u00e9lange \u00e9nergisant d&#8217;herbes et d&#8217;\u00e9pices 100% biologiques. Ce m\u00e9lange aide \u00e0 revitaliser le corps, l&#8217;esprit et les \u00e9motions. Un m\u00e9lange \u00e9nergisant avec du gingembre moulu \u00e0 sec qui ajoute une note \u00e9pic\u00e9e. La pleine saveur d&#8217;un m\u00e9lange d&#8217;herbes et d&#8217;\u00e9pices sans th\u00e9ine (caf\u00e9ine), convient \u00e9galement pour le soir.<\/p>\n<p>Ingr\u00e9dients : gingembre bio, coriandre bio, racine de curcuma bio, cardamome bio, clous de girofle bio, noix de muscade bio.<\/p>\n","protected":false},"excerpt":{"rendered":"<p>Un m\u00e9lange \u00e9nergisant d&#8217;herbes et d&#8217;\u00e9pices.<\/p>\n","protected":false},"featured_media":53524,"template":"","meta":{"_acf_changed":false},"product_brand":[],"product_cat":[1994],"product_tag":[9848,10248,2013],"class_list":{"0":"post-57130","1":"product","2":"type-product","3":"status-publish","4":"has-post-thumbnail","6":"product_cat-tisanes-bien-etre","7":"product_tag-bien-etre","8":"product_tag-kapha-fr","9":"product_tag-tisanes","10":"pa_tisane-ayurvediche-100-paquets","11":"pa_tisane-ayurvediche-12-packs","12":"pa_tisane-ayurvediche-24-packs","13":"pa_tisane-ayurvediche-36-packs","14":"pa_tisane-ayurvediche-50-paquets","16":"first","17":"instock","18":"taxable","19":"shipping-taxable","20":"purchasable","21":"product-type-variable"},"acf":[],"jetpack_sharing_enabled":true,"_links":{"self":[{"href":"https:\/\/cndestetik.ch\/fr\/wp-json\/wp\/v2\/product\/57130","targetHints":{"allow":["GET"]}}],"collection":[{"href":"https:\/\/cndestetik.ch\/fr\/wp-json\/wp\/v2\/product"}],"about":[{"href":"https:\/\/cndestetik.ch\/fr\/wp-json\/wp\/v2\/types\/product"}],"wp:featuredmedia":[{"embeddable":true,"href":"https:\/\/cndestetik.ch\/fr\/wp-json\/wp\/v2\/media\/53524"}],"wp:attachment":[{"href":"https:\/\/cndestetik.ch\/fr\/wp-json\/wp\/v2\/media?parent=57130"}],"wp:term":[{"taxonomy":"product_brand","embeddable":true,"href":"https:\/\/cndestetik.ch\/fr\/wp-json\/wp\/v2\/product_brand?post=57130"},{"taxonomy":"product_cat","embeddable":true,"href":"https:\/\/cndestetik.ch\/fr\/wp-json\/wp\/v2\/product_cat?post=57130"},{"taxonomy":"product_tag","embeddable":true,"href":"https:\/\/cndestetik.ch\/fr\/wp-json\/wp\/v2\/product_tag?post=57130"}],"curies":[{"name":"wp","href":"https:\/\/api.w.org\/{rel}","templated":true}]}}