{"id":57121,"date":"2022-10-10T16:31:03","date_gmt":"2022-10-10T14:31:03","guid":{"rendered":"https:\/\/cndestetik.ch\/prodotto\/tisane-vata\/"},"modified":"2025-02-12T08:49:35","modified_gmt":"2025-02-12T07:49:35","slug":"tisane-vata","status":"publish","type":"product","link":"https:\/\/cndestetik.ch\/fr\/prodotto\/tisane-vata\/","title":{"rendered":"Tisane Vata"},"content":{"rendered":"<p>Notre gamme de rem\u00e8des naturels est enrichie de trois tisanes de bien-\u00eatre. Caract\u00e9ris\u00e9es par des m\u00e9langes d&#8217;\u00e9pices biologiques, ces tisanes sont riches en propri\u00e9t\u00e9s b\u00e9n\u00e9fiques pour le corps et l&#8217;esprit. L&#8217;Ayurveda traite \u00e0 tous \u00e9gards du bien-\u00eatre des personnes, dans leurs aspects physiques, mentaux et spirituels, et s&#8217;occupe autant des pathologies que de l&#8217;\u00e9tat de sant\u00e9 normal. Ils accompagnent la p\u00e9riode chaude avec des notes aromatiques importantes.<\/p>\n<p>Ils doivent \u00eatre infus\u00e9s \u00e0 des temp\u00e9ratures tr\u00e8s \u00e9lev\u00e9es pendant 10 \u00e0 20 minutes (pour varier leur intensit\u00e9).<\/p>\n<ul>\n<li>Tisane Vata<\/li>\n<\/ul>\n<p>Th\u00e9 chai indien \u00e0 la cannelle et au gingembre pour r\u00e9chauffer le c\u0153ur, 100% biologique Ce th\u00e9 chai aide \u00e0 calmer et r\u00e9chauffer le corps, l&#8217;esprit et les \u00e9motions. Un m\u00e9lange r\u00e9chauffant et purifiant de cannelle, de gingembre et de cardamome pour favoriser le bien-\u00eatre. La pleine saveur d&#8217;un m\u00e9lange d&#8217;herbes et d&#8217;\u00e9pices sans th\u00e9ine (caf\u00e9ine), \u00e9galement adapt\u00e9 pour le soir.<\/p>\n<p>Ingr\u00e9dients : morceaux de cannelle bio, racine de r\u00e9glisse bio, gingembre bio, fenouil bio, \u00e9corce d&#8217;orange bio, cardamome bio.<\/p>\n","protected":false},"excerpt":{"rendered":"<p>Th\u00e9 indien \u00e0 la cannelle et au gingembre<\/p>\n","protected":false},"featured_media":53515,"template":"","meta":{"_acf_changed":false},"product_brand":[],"product_cat":[1994],"product_tag":[9848,2013,10247],"class_list":{"0":"post-57121","1":"product","2":"type-product","3":"status-publish","4":"has-post-thumbnail","6":"product_cat-tisanes-bien-etre","7":"product_tag-bien-etre","8":"product_tag-tisanes","9":"product_tag-vata-fr","10":"pa_tisane-ayurvediche-100-paquets","11":"pa_tisane-ayurvediche-12-packs","12":"pa_tisane-ayurvediche-24-packs","13":"pa_tisane-ayurvediche-36-packs","14":"pa_tisane-ayurvediche-50-paquets","16":"first","17":"instock","18":"taxable","19":"shipping-taxable","20":"purchasable","21":"product-type-variable"},"acf":[],"jetpack_sharing_enabled":true,"_links":{"self":[{"href":"https:\/\/cndestetik.ch\/fr\/wp-json\/wp\/v2\/product\/57121","targetHints":{"allow":["GET"]}}],"collection":[{"href":"https:\/\/cndestetik.ch\/fr\/wp-json\/wp\/v2\/product"}],"about":[{"href":"https:\/\/cndestetik.ch\/fr\/wp-json\/wp\/v2\/types\/product"}],"wp:featuredmedia":[{"embeddable":true,"href":"https:\/\/cndestetik.ch\/fr\/wp-json\/wp\/v2\/media\/53515"}],"wp:attachment":[{"href":"https:\/\/cndestetik.ch\/fr\/wp-json\/wp\/v2\/media?parent=57121"}],"wp:term":[{"taxonomy":"product_brand","embeddable":true,"href":"https:\/\/cndestetik.ch\/fr\/wp-json\/wp\/v2\/product_brand?post=57121"},{"taxonomy":"product_cat","embeddable":true,"href":"https:\/\/cndestetik.ch\/fr\/wp-json\/wp\/v2\/product_cat?post=57121"},{"taxonomy":"product_tag","embeddable":true,"href":"https:\/\/cndestetik.ch\/fr\/wp-json\/wp\/v2\/product_tag?post=57121"}],"curies":[{"name":"wp","href":"https:\/\/api.w.org\/{rel}","templated":true}]}}