{"id":56969,"date":"2022-12-04T23:59:57","date_gmt":"2022-12-04T22:59:57","guid":{"rendered":"https:\/\/cndestetik.ch\/?post_type=product&#038;p=56969"},"modified":"2023-05-02T09:29:35","modified_gmt":"2023-05-02T07:29:35","slug":"kit-complet-isane","status":"publish","type":"product","link":"https:\/\/cndestetik.ch\/fr\/prodotto\/kit-complet-isane\/","title":{"rendered":"Kit complet de tisanes"},"content":{"rendered":"<p>Kit complet de tisanes avec 4 pi\u00e8ces de chaque produit, soit 36 paquets au total :<\/p>\n<p>Tisanes du bien-\u00eatre :<\/p>\n<p>Les trois tisanes classiques :<\/p>\n<ul>\n<li>Detox : la tisane d\u00e9toxifiante<\/li>\n<li>Drain : la tisane drainante.<\/li>\n<li>Forme : la tisane minceur<\/li>\n<\/ul>\n<p>Tisanes ayurv\u00e9diques :<\/p>\n<p>Caract\u00e9ris\u00e9es par des m\u00e9langes d&#8217;\u00e9pices biologiques, ces tisanes sont riches en propri\u00e9t\u00e9s b\u00e9n\u00e9fiques pour le corps et l&#8217;esprit.<\/p>\n<ul>\n<li>Vata : Ce th\u00e9 chai aide \u00e0 calmer et \u00e0 r\u00e9chauffer le corps, l&#8217;esprit et les \u00e9motions.<\/li>\n<li>Pitta : Ce m\u00e9lange aide \u00e0 calmer et \u00e0 r\u00e9chauffer le corps, l&#8217;esprit et les \u00e9motions.<\/li>\n<li>Kapha : Ce m\u00e9lange aide \u00e0 revitaliser le corps, l&#8217;esprit et les \u00e9motions.<\/li>\n<\/ul>\n<p>Tisanes Flower Power<\/p>\n<ul>\n<li>Hibiscus : D\u00e9salt\u00e9rant, drainant et digestif ; peut \u00eatre pris \u00e0 tout moment de la journ\u00e9e, m\u00eame le soir. Li\u00e9 aux traitements purifiants du visage et du corps.<\/li>\n<li>Mauve : Bon pour les intestins paresseux et pour stimuler la diur\u00e8se. Il bloque les processus oxydatifs dans l&#8217;organisme gr\u00e2ce \u00e0 la pr\u00e9sence d&#8217;anthocyanes naturelles. Riche en vitamines A, B1 et C, elle est associ\u00e9e aux soins purifiants du visage et du corps.<\/li>\n<li>Le temps de la d\u00e9tente : Gr\u00e2ce \u00e0 ses ingr\u00e9dients, il apporte une sensation naturelle de d\u00e9tente. Il favorise le sommeil et est donc particuli\u00e8rement indiqu\u00e9 le soir. Recommand\u00e9 pour les traitements relaxants.<\/li>\n<\/ul>\n","protected":false},"excerpt":{"rendered":"<p>Kit complet de nos tisanes<\/p>\n","protected":false},"featured_media":56931,"template":"","meta":{"_acf_changed":false},"product_brand":[],"product_cat":[1994],"product_tag":[2044,2099,2020,2037,2064,2068,2066,10248,393,7731,10249,10694,2012,2013,10247],"class_list":{"0":"post-56969","1":"product","2":"type-product","3":"status-publish","4":"has-post-thumbnail","6":"product_cat-tisanes-bien-etre","7":"product_tag-detoxification-fr","8":"product_tag-doux","9":"product_tag-drain-fr","10":"product_tag-forme","11":"product_tag-frais-fr","12":"product_tag-infusion","13":"product_tag-infusions-2","14":"product_tag-kapha-fr","15":"product_tag-kit-fr","16":"product_tag-noel-fr","17":"product_tag-pitta-fr","18":"product_tag-tanny-fr","19":"product_tag-tisane-fr","20":"product_tag-tisanes","21":"product_tag-vata-fr","22":"pa_pezzi-1-piece-fr","23":"pa_pezzi-4-pieces-fr","25":"first","26":"instock","27":"taxable","28":"shipping-taxable","29":"purchasable","30":"product-type-simple"},"acf":[],"jetpack_sharing_enabled":true,"_links":{"self":[{"href":"https:\/\/cndestetik.ch\/fr\/wp-json\/wp\/v2\/product\/56969","targetHints":{"allow":["GET"]}}],"collection":[{"href":"https:\/\/cndestetik.ch\/fr\/wp-json\/wp\/v2\/product"}],"about":[{"href":"https:\/\/cndestetik.ch\/fr\/wp-json\/wp\/v2\/types\/product"}],"wp:featuredmedia":[{"embeddable":true,"href":"https:\/\/cndestetik.ch\/fr\/wp-json\/wp\/v2\/media\/56931"}],"wp:attachment":[{"href":"https:\/\/cndestetik.ch\/fr\/wp-json\/wp\/v2\/media?parent=56969"}],"wp:term":[{"taxonomy":"product_brand","embeddable":true,"href":"https:\/\/cndestetik.ch\/fr\/wp-json\/wp\/v2\/product_brand?post=56969"},{"taxonomy":"product_cat","embeddable":true,"href":"https:\/\/cndestetik.ch\/fr\/wp-json\/wp\/v2\/product_cat?post=56969"},{"taxonomy":"product_tag","embeddable":true,"href":"https:\/\/cndestetik.ch\/fr\/wp-json\/wp\/v2\/product_tag?post=56969"}],"curies":[{"name":"wp","href":"https:\/\/api.w.org\/{rel}","templated":true}]}}