{"id":56960,"date":"2022-12-02T00:01:45","date_gmt":"2022-12-01T23:01:45","guid":{"rendered":"https:\/\/cndestetik.ch\/prodotto\/kit-de-lavent-pour-lencens-et-la-myrrhe-en-or\/"},"modified":"2023-10-16T15:48:31","modified_gmt":"2023-10-16T13:48:31","slug":"kit-vent-gouttes-de-lumiere","status":"publish","type":"product","link":"https:\/\/cndestetik.ch\/fr\/prodotto\/kit-vent-gouttes-de-lumiere\/","title":{"rendered":"Kit de l&#8217;avent pour l&#8217;encens et la myrrhe en or"},"content":{"rendered":"<p>Des cadeaux pr\u00e9cieux dans une collection d&#8217;ol\u00e9olithes spagyriques sp\u00e9ciaux !<\/p>\n<p>Ils sont appel\u00e9s or, encens et myrrhe.<\/p>\n<p>Or : au miel et \u00e0 l&#8217;huile essentielle de bergamote, il convient aux peaux sensibles et d\u00e9licates, s\u00e8ches et rougies.<\/p>\n<p>Encens : Avec l&#8217;huile essentielle d&#8217;encens, il convient aux peaux matures pr\u00e9sentant des rides profondes et une peau terne.<\/p>\n<p>Myrrhe : \u00e0 l&#8217;huile essentielle de myrrhe, il convient aux peaux mixtes, grasses et impures.<\/p>\n<p>Le kit se compose de 4 pi\u00e8ces pour chacune des huiles d\u00e9crites ci-dessus.<\/p>\n<p>Faites-vous plaisir en offrant des cadeaux pr\u00e9cieux, surtout pendant la p\u00e9riode pr\u00e9c\u00e9dant ou suivant les f\u00eates de fin d&#8217;ann\u00e9e.<\/p>\n<p>Il recommande \u00e9galement ces huiles pr\u00e9cieuses pour votre routine beaut\u00e9, en association avec un s\u00e9rum d&#8217;acide hyaluronique ou une cr\u00e8me adapt\u00e9e \u00e0 votre type de peau<\/p>\n","protected":false},"excerpt":{"rendered":"<p>Des cadeaux pr\u00e9cieux dans une collection d&#8217;ol\u00e9olithes spagyriques sp\u00e9ciaux !<\/p>\n<p>Ils sont appel\u00e9s or, encens et myrrhe.<\/p>\n<p>Le kit se compose de 3 pi\u00e8ces pour chaque huile pr\u00e9cieuse.<\/p>\n","protected":false},"featured_media":56887,"template":"","meta":{"_acf_changed":false},"product_brand":[],"product_cat":[1494,12982],"product_tag":[7208,7153,746,7162,7732,7198],"class_list":{"0":"post-56960","1":"product","2":"type-product","3":"status-publish","4":"has-post-thumbnail","6":"product_cat-cosmetiques","7":"product_cat-microcosme","8":"product_tag-encens","9":"product_tag-gouttes","10":"product_tag-lumiere","11":"product_tag-myrrhe","12":"product_tag-noel-fr-2","13":"product_tag-or-fr","15":"first","16":"instock","17":"taxable","18":"shipping-taxable","19":"purchasable","20":"product-type-simple"},"acf":[],"jetpack_sharing_enabled":true,"_links":{"self":[{"href":"https:\/\/cndestetik.ch\/fr\/wp-json\/wp\/v2\/product\/56960","targetHints":{"allow":["GET"]}}],"collection":[{"href":"https:\/\/cndestetik.ch\/fr\/wp-json\/wp\/v2\/product"}],"about":[{"href":"https:\/\/cndestetik.ch\/fr\/wp-json\/wp\/v2\/types\/product"}],"wp:featuredmedia":[{"embeddable":true,"href":"https:\/\/cndestetik.ch\/fr\/wp-json\/wp\/v2\/media\/56887"}],"wp:attachment":[{"href":"https:\/\/cndestetik.ch\/fr\/wp-json\/wp\/v2\/media?parent=56960"}],"wp:term":[{"taxonomy":"product_brand","embeddable":true,"href":"https:\/\/cndestetik.ch\/fr\/wp-json\/wp\/v2\/product_brand?post=56960"},{"taxonomy":"product_cat","embeddable":true,"href":"https:\/\/cndestetik.ch\/fr\/wp-json\/wp\/v2\/product_cat?post=56960"},{"taxonomy":"product_tag","embeddable":true,"href":"https:\/\/cndestetik.ch\/fr\/wp-json\/wp\/v2\/product_tag?post=56960"}],"curies":[{"name":"wp","href":"https:\/\/api.w.org\/{rel}","templated":true}]}}