{"id":56959,"date":"2022-12-02T00:01:43","date_gmt":"2022-12-01T23:01:43","guid":{"rendered":"https:\/\/cndestetik.ch\/prodotto\/kit-de-lavent-pour-les-diamants\/"},"modified":"2022-12-15T13:13:35","modified_gmt":"2022-12-15T12:13:35","slug":"kit-avent-diamant","status":"publish","type":"product","link":"https:\/\/cndestetik.ch\/fr\/prodotto\/kit-avent-diamant\/","title":{"rendered":"Kit de l&#8217;avent pour les diamants"},"content":{"rendered":"<p>Kit contenant des huiles diamant\u00e9es r\u00e9\u00e9quilibrantes, \u00e9claircissantes et tonifiantes :<\/p>\n<p>\u00c9quilibrant : huile de jojoba parfum\u00e9e \u00e0 l&#8217;orange am\u00e8re pour une peau douce et nourrie.<\/p>\n<p>Illuminant : huile d&#8217;argan parfum\u00e9e \u00e0 la bergamote pour une peau radieuse.<\/p>\n<p>Tonification : huile de rose musqu\u00e9e parfum\u00e9e \u00e0 la sauge pour une peau revigor\u00e9e.<\/p>\n<p>Le kit se compose de 3pcs pour chaque huile d\u00e9crite ci-dessus.<\/p>\n<p>*Les utiliser en cabine dans vos soins : utilisez-les comme huiles de massage, enrichissez-les avec vos ingr\u00e9dients pr\u00e9f\u00e9r\u00e9s, ou m\u00e9langez-les dans des masques et des enveloppements pour prolonger leurs fonctions.<\/p>\n<p>*Recommandons-les pour une routine beaut\u00e9 efficace, \u00e0 utiliser le soir avant de se coucher et apr\u00e8s un bon nettoyage, en les combinant avec un s\u00e9rum \u00e0 l&#8217;acide hyaluronique pour un m\u00e9lange parfait !<\/p>\n","protected":false},"excerpt":{"rendered":"<p>Kit avec huiles diamant\u00e9es \u00e9quilibrantes, \u00e9claircissantes et tonifiantes<\/p>\n<p>Le kit se compose de 3pcs pour chaque huile d\u00e9crite ci-dessus.<\/p>\n","protected":false},"featured_media":56880,"template":"","meta":{"_acf_changed":false},"product_brand":[],"product_cat":[1494,12982],"product_tag":[7079,744,874,7732,7086,460],"class_list":{"0":"post-56959","1":"product","2":"type-product","3":"status-publish","4":"has-post-thumbnail","6":"product_cat-cosmetiques","7":"product_cat-microcosme","8":"product_tag-diamant-fr-2","9":"product_tag-illuminant","10":"product_tag-microcosme","11":"product_tag-noel-fr-2","12":"product_tag-reequilibrage","13":"product_tag-regenerant","15":"first","16":"instock","17":"taxable","18":"shipping-taxable","19":"purchasable","20":"product-type-simple"},"acf":[],"jetpack_sharing_enabled":true,"_links":{"self":[{"href":"https:\/\/cndestetik.ch\/fr\/wp-json\/wp\/v2\/product\/56959","targetHints":{"allow":["GET"]}}],"collection":[{"href":"https:\/\/cndestetik.ch\/fr\/wp-json\/wp\/v2\/product"}],"about":[{"href":"https:\/\/cndestetik.ch\/fr\/wp-json\/wp\/v2\/types\/product"}],"wp:featuredmedia":[{"embeddable":true,"href":"https:\/\/cndestetik.ch\/fr\/wp-json\/wp\/v2\/media\/56880"}],"wp:attachment":[{"href":"https:\/\/cndestetik.ch\/fr\/wp-json\/wp\/v2\/media?parent=56959"}],"wp:term":[{"taxonomy":"product_brand","embeddable":true,"href":"https:\/\/cndestetik.ch\/fr\/wp-json\/wp\/v2\/product_brand?post=56959"},{"taxonomy":"product_cat","embeddable":true,"href":"https:\/\/cndestetik.ch\/fr\/wp-json\/wp\/v2\/product_cat?post=56959"},{"taxonomy":"product_tag","embeddable":true,"href":"https:\/\/cndestetik.ch\/fr\/wp-json\/wp\/v2\/product_tag?post=56959"}],"curies":[{"name":"wp","href":"https:\/\/api.w.org\/{rel}","templated":true}]}}