{"id":56911,"date":"2022-12-01T11:28:16","date_gmt":"2022-12-01T10:28:16","guid":{"rendered":"https:\/\/cndestetik.ch\/prodotto\/kit-de-demarrage-de-la-tisane-wellness\/"},"modified":"2024-01-16T00:00:24","modified_gmt":"2024-01-15T23:00:24","slug":"kit-de-demarrage-tisane-de-bien-etre","status":"publish","type":"product","link":"https:\/\/cndestetik.ch\/fr\/prodotto\/kit-de-demarrage-tisane-de-bien-etre\/","title":{"rendered":"Kit de d\u00e9marrage de la tisane Wellness"},"content":{"rendered":"<p>Nos tisanes bien-\u00eatre, dans un kit unique avec poster inclus.<\/p>\n<p>D\u00e9sintoxication :<\/p>\n<p><span data-sheets-value=\"{\"1\":2,\"2\":\"INGREDIENTI: Rooibos, finocchio, foglia di moringa, menta piperita, buccia di rosa canina, fiori di ibisco, pezzi di mela, buccia di arancia. Ricca di minerali come calcio, magnesio e fluoro, di Vitamina C, \u00e8 un valido aiuto per rafforzare il sistema immunitario mentre stimola il drenaggio ed elimina le tossine stimolando la diuresi. Ottimo per purificare il sangue, sostenere i reni e depurare. Sapore gradevole a tratti dolciastro. Infusione 5-10 min. 90 gradi. Bere 1-2 tazze al giornoper massimo 7 giorni consecutivi. Abbinare almeno 30 minuti di camminata leggera al giorno.In cabina da abbinare come inizio di trattamenti depurativi, eliminare le tossine dal corpo e dalla pelle favorisce il raggiungimento degli obbiettivi e una migliore capacit\u00e0 del corpo di assorbire gli attivi e di reagire ad essi. Sono ottimi nei cambi di stagione per preparare il corpo al cambiamento e predisporsi all'arrivo della nuova stagione. Trattamenti da abbinare consigliati ESFOLIAZIONE DEL CORPO\/TRATTAMENTO CORPO DEPURATIVO\/MASSAGGIO CORPO DEPURATIVO\\nLe nostre tisane sono confezionate in filtri piramidali con certificazione di biodegradabilit\u00e0 e compostabilit\u00e0, che sono fatti di PLA (acido polilattico) un materiale che proviene dalla sintesi delle piante naturali e che dopo l'utilizzo pu\u00f2 essere gettato nell'umido, nel pieno rispetto dell'ambiente. Sono filtri certificati di nuova generazione, a emissioni zero, ideati per non creare alcun danno ed all'ambiente, nel rispetto del concetto di economia circolare.\\nLe nostre tisane sono confezionate in filtri piramidali con certificazione di biodegradabilit\u00e0 e compostabilit\u00e0, che sono fatti di PLA (acido polilattico) un materiale che proviene dalla sintesi delle piante naturali e che dopo l'utilizzo pu\u00f2 essere gettato nell'umido, nel pieno rispetto dell'ambiente. Sono filtri certificati di nuova generazione, a emissioni zero, ideati per non creare alcun danno ed all'ambiente, nel rispetto del concetto di economia circolare.\"}\" data-sheets-userformat=\"{\"2\":15297,\"3\":{\"1\":0},\"9\":0,\"10\":2,\"11\":0,\"12\":0,\"14\":{\"1\":2,\"2\":0},\"15\":\"Calibri\",\"16\":11}\">Riche en min\u00e9raux tels que le calcium, le magn\u00e9sium et le fluor, et en vitamine C, il contribue \u00e0 renforcer le syst\u00e8me immunitaire tout en stimulant le drainage et l&#8217;\u00e9limination des toxines par la stimulation de la diur\u00e8se. Excellent pour purifier le sang, soutenir les reins et purifier. Saveur agr\u00e9able, parfois sucr\u00e9e. Infusion 5-10 min. 90 degr\u00e9s. Buvez 1 \u00e0 2 tasses par jour pendant un maximum de 7 jours cons\u00e9cutifs. Combinez au moins 30 minutes de marche l\u00e9g\u00e8re par jour pour commencer les traitements purifiants. L&#8217;\u00e9limination des toxines du corps et de la peau favorise la r\u00e9alisation des objectifs et une meilleure capacit\u00e9 du corps \u00e0 absorber et \u00e0 r\u00e9agir aux actifs. Ils sont excellents lors des changements de saison pour pr\u00e9parer le corps au changement et pr\u00e9parer l&#8217;arriv\u00e9e de la nouvelle saison.<\/span><\/p>\n<p><span data-sheets-value=\"{\"1\":2,\"2\":\"INGREDIENTI: Rooibos, finocchio, foglia di moringa, menta piperita, buccia di rosa canina, fiori di ibisco, pezzi di mela, buccia di arancia. Ricca di minerali come calcio, magnesio e fluoro, di Vitamina C, \u00e8 un valido aiuto per rafforzare il sistema immunitario mentre stimola il drenaggio ed elimina le tossine stimolando la diuresi. Ottimo per purificare il sangue, sostenere i reni e depurare. Sapore gradevole a tratti dolciastro. Infusione 5-10 min. 90 gradi. Bere 1-2 tazze al giornoper massimo 7 giorni consecutivi. Abbinare almeno 30 minuti di camminata leggera al giorno.In cabina da abbinare come inizio di trattamenti depurativi, eliminare le tossine dal corpo e dalla pelle favorisce il raggiungimento degli obbiettivi e una migliore capacit\u00e0 del corpo di assorbire gli attivi e di reagire ad essi. Sono ottimi nei cambi di stagione per preparare il corpo al cambiamento e predisporsi all'arrivo della nuova stagione. Trattamenti da abbinare consigliati ESFOLIAZIONE DEL CORPO\/TRATTAMENTO CORPO DEPURATIVO\/MASSAGGIO CORPO DEPURATIVO\\nLe nostre tisane sono confezionate in filtri piramidali con certificazione di biodegradabilit\u00e0 e compostabilit\u00e0, che sono fatti di PLA (acido polilattico) un materiale che proviene dalla sintesi delle piante naturali e che dopo l'utilizzo pu\u00f2 essere gettato nell'umido, nel pieno rispetto dell'ambiente. Sono filtri certificati di nuova generazione, a emissioni zero, ideati per non creare alcun danno ed all'ambiente, nel rispetto del concetto di economia circolare.\\nLe nostre tisane sono confezionate in filtri piramidali con certificazione di biodegradabilit\u00e0 e compostabilit\u00e0, che sono fatti di PLA (acido polilattico) un materiale che proviene dalla sintesi delle piante naturali e che dopo l'utilizzo pu\u00f2 essere gettato nell'umido, nel pieno rispetto dell'ambiente. Sono filtri certificati di nuova generazione, a emissioni zero, ideati per non creare alcun danno ed all'ambiente, nel rispetto del concetto di economia circolare.\"}\" data-sheets-userformat=\"{\"2\":15297,\"3\":{\"1\":0},\"9\":0,\"10\":2,\"11\":0,\"12\":0,\"14\":{\"1\":2,\"2\":0},\"15\":\"Calibri\",\"16\":11}\">INGR\u00c9DIENTS : Rooibos, fenouil, feuille de moringa, menthe poivr\u00e9e, \u00e9corce d&#8217;\u00e9glantier, fleurs d&#8217;hibiscus, morceaux de pomme, \u00e9corce d&#8217;orange.<\/span><\/p>\n<p>Drainer :<\/p>\n<p><span data-sheets-value=\"{\"1\":2,\"2\":\"iNGREDIENTI: The Verde, finocchio, foglie di Melissa, foglie di Ortica, foglie di Moringa, ciliegia liofilizzata, scaglie di Ananas. Ricca di Vitamine C,E,A, aiuta la digestione e il rilassamento dell'addome per l'eliminazione dei liquidi. E' ottima per la ritenzione idrica e come antiossidante. Infusione 5-10 min. 90 gradi. Bere 1-2 tazze al giorno, meglio se consumate entro le 15. Sconsigliato alla sera. Abbinare almeno 30 minuti di camminata al giorno. Daabbinare a trattamenti drenanti che sono i pi\u00f9 richiesti durante tutto l'anno. Gambe gonfie e pesanti, accumulo di liquidi, rutenzione idrica, cellulite e quant'altro sono alcune delle cause che portano le donne a rivolgersi all'estetista. Questi trattamenti, all'interno di un pacchetto, sono una parte fondamentale e imprescindibile: costituiscono almeno il 50 % se non pi\u00f9 del percorso completo. I trattamenti ove \u00e8 pi\u00f9 consigliato l'abbinamento della nostra tisana sono BENDAGGI\/TRATTAMENTO CORPO DRENANTE\/TRATTAMENTI SPECIFICI PER EDEMI E VENE E CAPILLARI\/PRESSOTERAPIA\\nLe nostre tisane sono confezionate in filtri piramidali con certificazione di biodegradabilit\u00e0 e compostabilit\u00e0, che sono fatti di PLA (acido polilattico) un materiale che proviene dalla sintesi delle piante naturali e che dopo l'utilizzo pu\u00f2 essere gettato nell'umido, nel pieno rispetto dell'ambiente. Sono filtri certificati di nuova generazione, a emissioni zero, ideati per non creare alcun danno ed all'ambiente, nel rispetto del concetto di economia circolare.\"}\" data-sheets-userformat=\"{\"2\":15297,\"3\":{\"1\":0},\"9\":0,\"10\":2,\"11\":0,\"12\":0,\"14\":{\"1\":2,\"2\":0},\"15\":\"Calibri\",\"16\":11}\">Riche en vitamines C, E et A, il favorise la digestion et la d\u00e9tente de l&#8217;abdomen en \u00e9liminant les liquides. Il est excellent pour la r\u00e9tention d&#8217;eau et comme antioxydant. Infusion 5-10 min. 90 degr\u00e9s. Buvez 1 \u00e0 2 tasses par jour, de pr\u00e9f\u00e9rence avant 15 heures. Non recommand\u00e9 le soir. Combinez au moins 30 minutes de marche par jour. A combiner avec les traitements de drainage, qui sont les plus populaires tout au long de l&#8217;ann\u00e9e. Jambes lourdes et gonfl\u00e9es, accumulation de liquides, r\u00e9tention d&#8217;eau, cellulite, etc. sont quelques-unes des causes qui poussent les femmes \u00e0 se rendre chez l&#8217;esth\u00e9ticienne. Ces traitements, dans le cadre d&#8217;un forfait, constituent une partie fondamentale et indispensable : ils repr\u00e9sentent au moins 50 %, voire plus, du forfait complet.<\/span><\/p>\n<p><span data-sheets-value=\"{\"1\":2,\"2\":\"iNGREDIENTI: The Verde, finocchio, foglie di Melissa, foglie di Ortica, foglie di Moringa, ciliegia liofilizzata, scaglie di Ananas. Ricca di Vitamine C,E,A, aiuta la digestione e il rilassamento dell'addome per l'eliminazione dei liquidi. E' ottima per la ritenzione idrica e come antiossidante. Infusione 5-10 min. 90 gradi. Bere 1-2 tazze al giorno, meglio se consumate entro le 15. Sconsigliato alla sera. Abbinare almeno 30 minuti di camminata al giorno. Daabbinare a trattamenti drenanti che sono i pi\u00f9 richiesti durante tutto l'anno. Gambe gonfie e pesanti, accumulo di liquidi, rutenzione idrica, cellulite e quant'altro sono alcune delle cause che portano le donne a rivolgersi all'estetista. Questi trattamenti, all'interno di un pacchetto, sono una parte fondamentale e imprescindibile: costituiscono almeno il 50 % se non pi\u00f9 del percorso completo. I trattamenti ove \u00e8 pi\u00f9 consigliato l'abbinamento della nostra tisana sono BENDAGGI\/TRATTAMENTO CORPO DRENANTE\/TRATTAMENTI SPECIFICI PER EDEMI E VENE E CAPILLARI\/PRESSOTERAPIA\\nLe nostre tisane sono confezionate in filtri piramidali con certificazione di biodegradabilit\u00e0 e compostabilit\u00e0, che sono fatti di PLA (acido polilattico) un materiale che proviene dalla sintesi delle piante naturali e che dopo l'utilizzo pu\u00f2 essere gettato nell'umido, nel pieno rispetto dell'ambiente. Sono filtri certificati di nuova generazione, a emissioni zero, ideati per non creare alcun danno ed all'ambiente, nel rispetto del concetto di economia circolare.\"}\" data-sheets-userformat=\"{\"2\":15297,\"3\":{\"1\":0},\"9\":0,\"10\":2,\"11\":0,\"12\":0,\"14\":{\"1\":2,\"2\":0},\"15\":\"Calibri\",\"16\":11}\">INGR\u00c9DIENTS : Th\u00e9 vert, fenouil, feuilles de m\u00e9lisse, feuilles d&#8217;ortie, feuilles de Moringa, cerise lyophilis\u00e9e, flocons d&#8217;ananas.<\/span><\/p>\n<p>Forme :<\/p>\n<p><span data-sheets-value=\"{\"1\":2,\"2\":\"INGREDIENTI: The Verde, lemongrass, zenzero, mate Brasiliano, finocchio, foglie di ortica, buccia di Limone, bacche di goji, scaglie di ananas. Ricca di Vitamine C,E,A,B e di sali minerali, \u00e8 un valido aiuto per aumentare i livelli di energie. I suoi ingredienti aiutano a prolungare il senso di saziet\u00e0 e a stimolare il metabolismo. Riduce i grassi ed \u00e8 ottima per ridurre la ritenzione idrica. Infusione 5-10 min. 90 gradi. Bere 1-2 tazze al giorno, vicine ai pasti. Sconsigliato alla sera. Abbinare almeno 60 minuti di camminata leggera al giorno oppure attivit\u00e0 sportiva. Da abbinare ai trattamenti snellenti che sono sia i pi\u00f9 ambiti che i pi\u00f9 insidiosi. Il risultato sta tutto nella \\\"buona educazione della cliente\\\". I trattamenti abbinabili alla nostra tisana consigliati sono: TRATTAMENTO CORPO SNELLENTE\/MASSAGGIO ANTICELLULITE RASSODANTE\/TERMOTERAPIA\"}\" data-sheets-userformat=\"{\"2\":15297,\"3\":{\"1\":0},\"9\":0,\"10\":2,\"11\":0,\"12\":0,\"14\":{\"1\":2,\"2\":0},\"15\":\"Calibri\",\"16\":11}\">Riche en vitamines C, E, A, B et en min\u00e9raux, il constitue une aide pr\u00e9cieuse pour stimuler les niveaux d&#8217;\u00e9nergie. Ses ingr\u00e9dients contribuent \u00e0 prolonger la sati\u00e9t\u00e9 et \u00e0 stimuler le m\u00e9tabolisme. Il r\u00e9duit les graisses et est bon pour r\u00e9duire la r\u00e9tention d&#8217;eau. Infusion 5-10 min. 90 degr\u00e9s. Buvez 1 \u00e0 2 tasses par jour, pr\u00e8s des repas. Non recommand\u00e9 le soir. Combinez au moins 60 minutes de marche l\u00e9g\u00e8re par jour ou une activit\u00e9 sportive.<\/span><\/p>\n<p><span data-sheets-value=\"{\"1\":2,\"2\":\"INGREDIENTI: The Verde, lemongrass, zenzero, mate Brasiliano, finocchio, foglie di ortica, buccia di Limone, bacche di goji, scaglie di ananas. Ricca di Vitamine C,E,A,B e di sali minerali, \u00e8 un valido aiuto per aumentare i livelli di energie. I suoi ingredienti aiutano a prolungare il senso di saziet\u00e0 e a stimolare il metabolismo. Riduce i grassi ed \u00e8 ottima per ridurre la ritenzione idrica. Infusione 5-10 min. 90 gradi. Bere 1-2 tazze al giorno, vicine ai pasti. Sconsigliato alla sera. Abbinare almeno 60 minuti di camminata leggera al giorno oppure attivit\u00e0 sportiva. Da abbinare ai trattamenti snellenti che sono sia i pi\u00f9 ambiti che i pi\u00f9 insidiosi. Il risultato sta tutto nella \\\"buona educazione della cliente\\\". I trattamenti abbinabili alla nostra tisana consigliati sono: TRATTAMENTO CORPO SNELLENTE\/MASSAGGIO ANTICELLULITE RASSODANTE\/TERMOTERAPIA\"}\" data-sheets-userformat=\"{\"2\":15297,\"3\":{\"1\":0},\"9\":0,\"10\":2,\"11\":0,\"12\":0,\"14\":{\"1\":2,\"2\":0},\"15\":\"Calibri\",\"16\":11}\">INGR\u00c9DIENTS : Th\u00e9 vert, citronnelle, gingembre, mat\u00e9 br\u00e9silien, fenouil, feuilles d&#8217;ortie, \u00e9corce de citron, baies de goji, flocons d&#8217;ananas.<\/span><\/p>\n<p>12 paquets = 7,9 CHF &#8211; 24 paquets = 7,5 CHF par paquet &#8211; 36 paquets = 7 CHF par paquet<\/p>\n","protected":false},"excerpt":{"rendered":"<p>Nos tisanes dans un kit unique avec poster inclus.<\/p>\n","protected":false},"featured_media":40590,"template":"","meta":{"_acf_changed":false},"product_brand":[],"product_cat":[1994],"product_tag":[9848,2044,2020,2037,2013],"class_list":{"0":"post-56911","1":"product","2":"type-product","3":"status-publish","4":"has-post-thumbnail","6":"product_cat-tisanes-bien-etre","7":"product_tag-bien-etre","8":"product_tag-detoxification-fr","9":"product_tag-drain-fr","10":"product_tag-forme","11":"product_tag-tisanes","12":"pa_pacchetto-12-paquets","13":"pa_pacchetto-24-paquets","14":"pa_pacchetto-36-paquets","15":"pa_pacchetto-6-paquets","17":"first","18":"instock","19":"taxable","20":"shipping-taxable","21":"purchasable","22":"product-type-variable"},"acf":[],"jetpack_sharing_enabled":true,"_links":{"self":[{"href":"https:\/\/cndestetik.ch\/fr\/wp-json\/wp\/v2\/product\/56911","targetHints":{"allow":["GET"]}}],"collection":[{"href":"https:\/\/cndestetik.ch\/fr\/wp-json\/wp\/v2\/product"}],"about":[{"href":"https:\/\/cndestetik.ch\/fr\/wp-json\/wp\/v2\/types\/product"}],"wp:featuredmedia":[{"embeddable":true,"href":"https:\/\/cndestetik.ch\/fr\/wp-json\/wp\/v2\/media\/40590"}],"wp:attachment":[{"href":"https:\/\/cndestetik.ch\/fr\/wp-json\/wp\/v2\/media?parent=56911"}],"wp:term":[{"taxonomy":"product_brand","embeddable":true,"href":"https:\/\/cndestetik.ch\/fr\/wp-json\/wp\/v2\/product_brand?post=56911"},{"taxonomy":"product_cat","embeddable":true,"href":"https:\/\/cndestetik.ch\/fr\/wp-json\/wp\/v2\/product_cat?post=56911"},{"taxonomy":"product_tag","embeddable":true,"href":"https:\/\/cndestetik.ch\/fr\/wp-json\/wp\/v2\/product_tag?post=56911"}],"curies":[{"name":"wp","href":"https:\/\/api.w.org\/{rel}","templated":true}]}}