{"id":55308,"date":"2022-11-04T11:51:25","date_gmt":"2022-11-04T10:51:25","guid":{"rendered":"https:\/\/cndestetik.ch\/prodotto\/collection-painted-love-de-cnd\/"},"modified":"2022-11-15T17:24:43","modified_gmt":"2022-11-15T16:24:43","slug":"collection-paint-love-cnd","status":"publish","type":"product","link":"https:\/\/cndestetik.ch\/fr\/prodotto\/collection-paint-love-cnd\/","title":{"rendered":"Collection de gomme-laque &#8220;Painted Love&#8221; de CND"},"content":{"rendered":"<p>La nouvelle collection CND allie audace et \u00e9l\u00e9gance dans six couleurs tr\u00e8s tendance.<\/p>\n<p>Un m\u00e9lange de teintes pour convenir \u00e0 tous les \u00e9v\u00e9nements de l&#8217;hiver.<\/p>\n<p>Du style et une touche de glamour pour la saison AW22-23<\/p>\n<p>La collection d&#8217;hiver &#8220;Painted Love&#8221;, compos\u00e9e des couleurs :<\/p>\n<p>C\u00e2lin<\/p>\n<p>Happy Go Lucky<\/p>\n<p>Sentez le flottement<\/p>\n<p>Dans la luxure<\/p>\n<p>Love Fizz<\/p>\n<p>Baisers d&#8217;acier<\/p>\n","protected":false},"excerpt":{"rendered":"<p>La collection d&#8217;hiver &#8220;Painted Love&#8221;.<\/p>\n","protected":false},"featured_media":55305,"template":"","meta":{"_acf_changed":false},"product_brand":[],"product_cat":[1501],"product_tag":[829,10380,10376,8493,10377,10379,10375,10378],"class_list":{"0":"post-55308","1":"product","2":"type-product","3":"status-publish","4":"has-post-thumbnail","6":"product_cat-nails-manucure-et-pedicure","7":"product_tag-amour-fr","8":"product_tag-baisers-dacier","9":"product_tag-calin","10":"product_tag-collection-fr","11":"product_tag-happy-go-lucky-fr","12":"product_tag-love-fizz-fr","13":"product_tag-peint","14":"product_tag-sentir-les-palpitations-de-la-luxure","16":"first","17":"instock","18":"taxable","19":"shipping-taxable","20":"purchasable","21":"product-type-simple"},"acf":[],"jetpack_sharing_enabled":true,"_links":{"self":[{"href":"https:\/\/cndestetik.ch\/fr\/wp-json\/wp\/v2\/product\/55308","targetHints":{"allow":["GET"]}}],"collection":[{"href":"https:\/\/cndestetik.ch\/fr\/wp-json\/wp\/v2\/product"}],"about":[{"href":"https:\/\/cndestetik.ch\/fr\/wp-json\/wp\/v2\/types\/product"}],"wp:featuredmedia":[{"embeddable":true,"href":"https:\/\/cndestetik.ch\/fr\/wp-json\/wp\/v2\/media\/55305"}],"wp:attachment":[{"href":"https:\/\/cndestetik.ch\/fr\/wp-json\/wp\/v2\/media?parent=55308"}],"wp:term":[{"taxonomy":"product_brand","embeddable":true,"href":"https:\/\/cndestetik.ch\/fr\/wp-json\/wp\/v2\/product_brand?post=55308"},{"taxonomy":"product_cat","embeddable":true,"href":"https:\/\/cndestetik.ch\/fr\/wp-json\/wp\/v2\/product_cat?post=55308"},{"taxonomy":"product_tag","embeddable":true,"href":"https:\/\/cndestetik.ch\/fr\/wp-json\/wp\/v2\/product_tag?post=55308"}],"curies":[{"name":"wp","href":"https:\/\/api.w.org\/{rel}","templated":true}]}}