{"id":55298,"date":"2022-11-04T11:36:57","date_gmt":"2022-11-04T10:36:57","guid":{"rendered":"https:\/\/cndestetik.ch\/prodotto\/presentoir-de-rapes-a-coccinelles-pinces-a-epiler\/"},"modified":"2024-01-11T11:30:30","modified_gmt":"2024-01-11T10:30:30","slug":"rasps-ladybug-exhibiteur","status":"publish","type":"product","link":"https:\/\/cndestetik.ch\/fr\/prodotto\/rasps-ladybug-exhibiteur\/","title":{"rendered":"Pr\u00e9sentoir de r\u00e2pes \u00e0 coccinelles + pinces \u00e0 \u00e9piler"},"content":{"rendered":"<p>Pr\u00e9sentoir de r\u00e2pes et de pinces \u00e0 coccinelles<\/p>\n","protected":false},"excerpt":{"rendered":"<p>Pr\u00e9sentoir de r\u00e2pes et de pinces \u00e0 coccinelles<\/p>\n","protected":false},"featured_media":54039,"template":"","meta":{"_acf_changed":false},"product_brand":[],"product_cat":[1494],"product_tag":[9295,9032],"class_list":{"0":"post-55298","1":"product","2":"type-product","3":"status-publish","4":"has-post-thumbnail","6":"product_cat-cosmetiques","7":"product_tag-coccinelle","8":"product_tag-pinces-a-epiler-fr","10":"first","11":"instock","12":"taxable","13":"shipping-taxable","14":"purchasable","15":"product-type-simple"},"acf":[],"jetpack_sharing_enabled":true,"_links":{"self":[{"href":"https:\/\/cndestetik.ch\/fr\/wp-json\/wp\/v2\/product\/55298","targetHints":{"allow":["GET"]}}],"collection":[{"href":"https:\/\/cndestetik.ch\/fr\/wp-json\/wp\/v2\/product"}],"about":[{"href":"https:\/\/cndestetik.ch\/fr\/wp-json\/wp\/v2\/types\/product"}],"wp:featuredmedia":[{"embeddable":true,"href":"https:\/\/cndestetik.ch\/fr\/wp-json\/wp\/v2\/media\/54039"}],"wp:attachment":[{"href":"https:\/\/cndestetik.ch\/fr\/wp-json\/wp\/v2\/media?parent=55298"}],"wp:term":[{"taxonomy":"product_brand","embeddable":true,"href":"https:\/\/cndestetik.ch\/fr\/wp-json\/wp\/v2\/product_brand?post=55298"},{"taxonomy":"product_cat","embeddable":true,"href":"https:\/\/cndestetik.ch\/fr\/wp-json\/wp\/v2\/product_cat?post=55298"},{"taxonomy":"product_tag","embeddable":true,"href":"https:\/\/cndestetik.ch\/fr\/wp-json\/wp\/v2\/product_tag?post=55298"}],"curies":[{"name":"wp","href":"https:\/\/api.w.org\/{rel}","templated":true}]}}