{"id":53876,"date":"2022-10-21T00:01:35","date_gmt":"2022-10-20T22:01:35","guid":{"rendered":"https:\/\/cndestetik.ch\/prodotto\/gommage-et-beurre-de-noel-pour-les-levres\/"},"modified":"2023-02-23T14:19:20","modified_gmt":"2023-02-23T13:19:20","slug":"gommage-et-beurre-de-noel-gommage","status":"publish","type":"product","link":"https:\/\/cndestetik.ch\/fr\/prodotto\/gommage-et-beurre-de-noel-gommage\/","title":{"rendered":"Gommage et beurre de No\u00ebl pour les l\u00e8vres"},"content":{"rendered":"<p>Pour r\u00e9g\u00e9n\u00e9rer et repulper les l\u00e8vres. Un gommage \u00e0 masser une \u00e0 deux fois par semaine pour \u00e9liminer les peelings et stimuler la microcirculation. Un beurre pour les l\u00e8vres qui hydrate, soigne et donne du volume ; \u00e0 utiliser \u00e9galement au quotidien comme base de rouge \u00e0 l\u00e8vres. Le kit est livr\u00e9 avec des applicateurs utiles.<\/p>\n","protected":false},"excerpt":{"rendered":"<p>Un duo de produits pour r\u00e9g\u00e9n\u00e9rer et repulper les l\u00e8vres. Prix de d\u00e9tail recommand\u00e9 19,90<\/p>\n","protected":false},"featured_media":53573,"template":"","meta":{"_acf_changed":false},"product_brand":[],"product_cat":[1494,12982],"product_tag":[4140,7130,745,874,7732],"class_list":{"0":"post-53876","1":"product","2":"type-product","3":"status-publish","4":"has-post-thumbnail","6":"product_cat-cosmetiques","7":"product_cat-microcosme","8":"product_tag-beurre","9":"product_tag-gommage-fr-2","10":"product_tag-levres","11":"product_tag-microcosme","12":"product_tag-noel-fr-2","13":"pa_pezzi-1-piece-fr","14":"pa_pezzi-10-morceaux","16":"first","17":"outofstock","18":"sale","19":"taxable","20":"shipping-taxable","21":"purchasable","22":"product-type-variable"},"acf":[],"jetpack_sharing_enabled":true,"_links":{"self":[{"href":"https:\/\/cndestetik.ch\/fr\/wp-json\/wp\/v2\/product\/53876","targetHints":{"allow":["GET"]}}],"collection":[{"href":"https:\/\/cndestetik.ch\/fr\/wp-json\/wp\/v2\/product"}],"about":[{"href":"https:\/\/cndestetik.ch\/fr\/wp-json\/wp\/v2\/types\/product"}],"wp:featuredmedia":[{"embeddable":true,"href":"https:\/\/cndestetik.ch\/fr\/wp-json\/wp\/v2\/media\/53573"}],"wp:attachment":[{"href":"https:\/\/cndestetik.ch\/fr\/wp-json\/wp\/v2\/media?parent=53876"}],"wp:term":[{"taxonomy":"product_brand","embeddable":true,"href":"https:\/\/cndestetik.ch\/fr\/wp-json\/wp\/v2\/product_brand?post=53876"},{"taxonomy":"product_cat","embeddable":true,"href":"https:\/\/cndestetik.ch\/fr\/wp-json\/wp\/v2\/product_cat?post=53876"},{"taxonomy":"product_tag","embeddable":true,"href":"https:\/\/cndestetik.ch\/fr\/wp-json\/wp\/v2\/product_tag?post=53876"}],"curies":[{"name":"wp","href":"https:\/\/api.w.org\/{rel}","templated":true}]}}