{"id":53812,"date":"2022-10-21T00:01:35","date_gmt":"2022-10-20T22:01:35","guid":{"rendered":"https:\/\/cndestetik.ch\/prodotto\/elixir-cils-creme-contour-des-yeux-noel\/"},"modified":"2023-01-17T14:04:38","modified_gmt":"2023-01-17T13:04:38","slug":"elixir-creme-de-cils-contour-des-yeux-noel","status":"publish","type":"product","link":"https:\/\/cndestetik.ch\/fr\/prodotto\/elixir-creme-de-cils-contour-des-yeux-noel\/","title":{"rendered":"\u00c9lixir cils + Cr\u00e8me contour des yeux No\u00ebl"},"content":{"rendered":"<p>Le cadeau id\u00e9al pour des yeux l\u00e9gers et envo\u00fbtants. Il se compose d&#8217;un \u00e9lixir pour les cils qui renforce et nourrit les cils et les sourcils, \u00e0 utiliser quotidiennement, et d&#8217;une cr\u00e8me pour le contour des yeux qui, gr\u00e2ce \u00e0 son embout qui facilite l&#8217;application, nourrit et hydrate en profondeur tout le contour des yeux, vous laissant avec un regard am\u00e9lior\u00e9 et l\u00e9ger.<\/p>\n<p>Taille : Elixir 5ml, Cr\u00e8me 15ml.<\/p>\n","protected":false},"excerpt":{"rendered":"<p>Le cadeau id\u00e9al pour offrir un regard l\u00e9ger et envo\u00fbtant. Prix de d\u00e9tail recommand\u00e9 37.<\/p>\n","protected":false},"featured_media":54027,"template":"","meta":{"_acf_changed":false},"product_brand":[],"product_cat":[1494,12982],"product_tag":[727,8381,3834,3501,7732,729],"class_list":{"0":"post-53812","1":"product","2":"type-product","3":"status-publish","4":"has-post-thumbnail","6":"product_cat-cosmetiques","7":"product_cat-microcosme","8":"product_tag-cils","9":"product_tag-contour-fr-2","10":"product_tag-creme","11":"product_tag-elixir-fr","12":"product_tag-noel-fr-2","13":"product_tag-yeux","14":"pa_pezzi-1-piece-fr","15":"pa_pezzi-10-morceaux","17":"first","18":"instock","19":"taxable","20":"shipping-taxable","21":"purchasable","22":"product-type-simple"},"acf":[],"jetpack_sharing_enabled":true,"_links":{"self":[{"href":"https:\/\/cndestetik.ch\/fr\/wp-json\/wp\/v2\/product\/53812","targetHints":{"allow":["GET"]}}],"collection":[{"href":"https:\/\/cndestetik.ch\/fr\/wp-json\/wp\/v2\/product"}],"about":[{"href":"https:\/\/cndestetik.ch\/fr\/wp-json\/wp\/v2\/types\/product"}],"wp:featuredmedia":[{"embeddable":true,"href":"https:\/\/cndestetik.ch\/fr\/wp-json\/wp\/v2\/media\/54027"}],"wp:attachment":[{"href":"https:\/\/cndestetik.ch\/fr\/wp-json\/wp\/v2\/media?parent=53812"}],"wp:term":[{"taxonomy":"product_brand","embeddable":true,"href":"https:\/\/cndestetik.ch\/fr\/wp-json\/wp\/v2\/product_brand?post=53812"},{"taxonomy":"product_cat","embeddable":true,"href":"https:\/\/cndestetik.ch\/fr\/wp-json\/wp\/v2\/product_cat?post=53812"},{"taxonomy":"product_tag","embeddable":true,"href":"https:\/\/cndestetik.ch\/fr\/wp-json\/wp\/v2\/product_tag?post=53812"}],"curies":[{"name":"wp","href":"https:\/\/api.w.org\/{rel}","templated":true}]}}