{"id":53806,"date":"2022-10-21T00:01:16","date_gmt":"2022-10-20T22:01:16","guid":{"rendered":"https:\/\/cndestetik.ch\/prodotto\/trois-sels-de-noel\/"},"modified":"2023-01-17T14:05:50","modified_gmt":"2023-01-17T13:05:50","slug":"trois-sel-noel","status":"publish","type":"product","link":"https:\/\/cndestetik.ch\/fr\/prodotto\/trois-sel-noel\/","title":{"rendered":"Trois sels de No\u00ebl"},"content":{"rendered":"<p>Un cadeau aux multiples usages. Ce kit comprend les trois diff\u00e9rents sels d&#8217;epsom qui peuvent \u00eatre utilis\u00e9s comme sels de bain ou de bain de pieds ou combin\u00e9s avec l&#8217;huile parfum\u00e9e de petit grein pour faire un excellent gommage.<\/p>\n<p>Taille : Huile 50ml, Sels 50g<\/p>\n","protected":false},"excerpt":{"rendered":"<p>Un cadeau aux multiples usages. Produit recommand\u00e9 33.<\/p>\n","protected":false},"featured_media":53639,"template":"","meta":{"_acf_changed":false},"product_brand":[],"product_cat":[1494,12982],"product_tag":[2341,3675,9707,441,9704,612,7190,9181,765],"class_list":{"0":"post-53806","1":"product","2":"type-product","3":"status-publish","4":"has-post-thumbnail","6":"product_cat-cosmetiques","7":"product_cat-microcosme","8":"product_tag-corps","9":"product_tag-epsom-fr","10":"product_tag-grain-fr-2","11":"product_tag-myrtille","12":"product_tag-petit-fr","13":"product_tag-prele-des-champs","14":"product_tag-salis-fr","15":"product_tag-salles","16":"product_tag-visage","17":"pa_pezzi-1-piece-fr","18":"pa_pezzi-10-morceaux","20":"first","21":"instock","22":"taxable","23":"shipping-taxable","24":"purchasable","25":"product-type-simple"},"acf":[],"jetpack_sharing_enabled":true,"_links":{"self":[{"href":"https:\/\/cndestetik.ch\/fr\/wp-json\/wp\/v2\/product\/53806","targetHints":{"allow":["GET"]}}],"collection":[{"href":"https:\/\/cndestetik.ch\/fr\/wp-json\/wp\/v2\/product"}],"about":[{"href":"https:\/\/cndestetik.ch\/fr\/wp-json\/wp\/v2\/types\/product"}],"wp:featuredmedia":[{"embeddable":true,"href":"https:\/\/cndestetik.ch\/fr\/wp-json\/wp\/v2\/media\/53639"}],"wp:attachment":[{"href":"https:\/\/cndestetik.ch\/fr\/wp-json\/wp\/v2\/media?parent=53806"}],"wp:term":[{"taxonomy":"product_brand","embeddable":true,"href":"https:\/\/cndestetik.ch\/fr\/wp-json\/wp\/v2\/product_brand?post=53806"},{"taxonomy":"product_cat","embeddable":true,"href":"https:\/\/cndestetik.ch\/fr\/wp-json\/wp\/v2\/product_cat?post=53806"},{"taxonomy":"product_tag","embeddable":true,"href":"https:\/\/cndestetik.ch\/fr\/wp-json\/wp\/v2\/product_tag?post=53806"}],"curies":[{"name":"wp","href":"https:\/\/api.w.org\/{rel}","templated":true}]}}