{"id":53770,"date":"2022-10-21T00:01:04","date_gmt":"2022-10-20T22:01:04","guid":{"rendered":"https:\/\/cndestetik.ch\/prodotto\/creme-et-masque-de-noel-pour-le-visage\/"},"modified":"2023-01-17T14:05:47","modified_gmt":"2023-01-17T13:05:47","slug":"creme-et-masque-face-de-noel","status":"publish","type":"product","link":"https:\/\/cndestetik.ch\/fr\/prodotto\/creme-et-masque-face-de-noel\/","title":{"rendered":"Cr\u00e8me et masque de No\u00ebl pour le visage"},"content":{"rendered":"<p>Un voyage olfactif d\u00e9licat et f\u00e9minin avec deux produits de base pour le visage : une cr\u00e8me qui nourrit et \u00e9lasticise la peau et un masque, excellent pour la dermopurification, \u00e0 utiliser deux fois par semaine et \u00e0 laisser agir pendant 15 minutes. ou utiliser comme cr\u00e8me de nuit pour une peau douce.<\/p>\n<p>Taille : 15ml pour les deux<\/p>\n","protected":false},"excerpt":{"rendered":"<p>Un voyage olfactif d\u00e9licat et f\u00e9minin avec deux produits de base pour le visage. Prix de d\u00e9tail recommand\u00e9 37.<\/p>\n","protected":false},"featured_media":53565,"template":"","meta":{"_acf_changed":false},"product_brand":[],"product_cat":[1494,12982],"product_tag":[3834,4726,874,7732,765],"class_list":{"0":"post-53770","1":"product","2":"type-product","3":"status-publish","4":"has-post-thumbnail","6":"product_cat-cosmetiques","7":"product_cat-microcosme","8":"product_tag-creme","9":"product_tag-masque-fr","10":"product_tag-microcosme","11":"product_tag-noel-fr-2","12":"product_tag-visage","13":"pa_pezzi-1-piece-fr","14":"pa_pezzi-10-morceaux","16":"first","17":"instock","18":"taxable","19":"shipping-taxable","20":"purchasable","21":"product-type-simple"},"acf":[],"jetpack_sharing_enabled":true,"_links":{"self":[{"href":"https:\/\/cndestetik.ch\/fr\/wp-json\/wp\/v2\/product\/53770","targetHints":{"allow":["GET"]}}],"collection":[{"href":"https:\/\/cndestetik.ch\/fr\/wp-json\/wp\/v2\/product"}],"about":[{"href":"https:\/\/cndestetik.ch\/fr\/wp-json\/wp\/v2\/types\/product"}],"wp:featuredmedia":[{"embeddable":true,"href":"https:\/\/cndestetik.ch\/fr\/wp-json\/wp\/v2\/media\/53565"}],"wp:attachment":[{"href":"https:\/\/cndestetik.ch\/fr\/wp-json\/wp\/v2\/media?parent=53770"}],"wp:term":[{"taxonomy":"product_brand","embeddable":true,"href":"https:\/\/cndestetik.ch\/fr\/wp-json\/wp\/v2\/product_brand?post=53770"},{"taxonomy":"product_cat","embeddable":true,"href":"https:\/\/cndestetik.ch\/fr\/wp-json\/wp\/v2\/product_cat?post=53770"},{"taxonomy":"product_tag","embeddable":true,"href":"https:\/\/cndestetik.ch\/fr\/wp-json\/wp\/v2\/product_tag?post=53770"}],"curies":[{"name":"wp","href":"https:\/\/api.w.org\/{rel}","templated":true}]}}