{"id":53768,"date":"2022-10-21T00:01:04","date_gmt":"2022-10-20T22:01:04","guid":{"rendered":"https:\/\/cndestetik.ch\/prodotto\/demaquillage-savon-dalep-demaquillant-pour-les-yeux-gras\/"},"modified":"2022-12-26T15:03:38","modified_gmt":"2022-12-26T14:03:38","slug":"maquillage-savon-aleppo-maquillage-yeux-gras","status":"publish","type":"product","link":"https:\/\/cndestetik.ch\/fr\/prodotto\/maquillage-savon-aleppo-maquillage-yeux-gras\/","title":{"rendered":"D\u00e9maquillage &#8211; Savon d&#8217;Alep + D\u00e9maquillant pour les yeux gras"},"content":{"rendered":"<p>Un cadeau original et tr\u00e8s utile ! Il se compose d&#8217;un d\u00e9maquillant huileux, adapt\u00e9 \u00e0 tous les types de peau mais surtout aux plus d\u00e9licates, qui non seulement nettoie, mais aussi hydrate et nourrit en profondeur, ainsi que de savons d&#8217;Alep, en trois formats diff\u00e9rents, compos\u00e9s d&#8217;huile d&#8217;olive et de laurier, qui sont d&#8217;excellents dermo-balanciers, maintiennent le pH et sont excellents pour le visage et le corps.<\/p>\n<p>Taille : 30ml + 3 barres de savon<\/p>\n","protected":false},"excerpt":{"rendered":"<p>Compos\u00e9 d&#8217;un d\u00e9maquillant huileux adapt\u00e9 \u00e0 tous les types de peau et de savons d&#8217;Alep en trois formats diff\u00e9rents. Prix de d\u00e9tail recommand\u00e9 19,90<\/p>\n","protected":false},"featured_media":53589,"template":"","meta":{"_acf_changed":false},"product_brand":[],"product_cat":[1494,12982],"product_tag":[4583,10277,4769,1057,10276,729],"class_list":{"0":"post-53768","1":"product","2":"type-product","3":"status-publish","4":"has-post-thumbnail","6":"product_cat-cosmetiques","7":"product_cat-microcosme","8":"product_tag-aleppo-fr","9":"product_tag-demaquillage","10":"product_tag-demaquillant","11":"product_tag-du-savon","12":"product_tag-huileux","13":"product_tag-yeux","14":"pa_pezzi-1-piece-fr","15":"pa_pezzi-10-morceaux","17":"first","18":"outofstock","19":"sale","20":"taxable","21":"shipping-taxable","22":"purchasable","23":"product-type-variable"},"acf":[],"jetpack_sharing_enabled":true,"_links":{"self":[{"href":"https:\/\/cndestetik.ch\/fr\/wp-json\/wp\/v2\/product\/53768","targetHints":{"allow":["GET"]}}],"collection":[{"href":"https:\/\/cndestetik.ch\/fr\/wp-json\/wp\/v2\/product"}],"about":[{"href":"https:\/\/cndestetik.ch\/fr\/wp-json\/wp\/v2\/types\/product"}],"wp:featuredmedia":[{"embeddable":true,"href":"https:\/\/cndestetik.ch\/fr\/wp-json\/wp\/v2\/media\/53589"}],"wp:attachment":[{"href":"https:\/\/cndestetik.ch\/fr\/wp-json\/wp\/v2\/media?parent=53768"}],"wp:term":[{"taxonomy":"product_brand","embeddable":true,"href":"https:\/\/cndestetik.ch\/fr\/wp-json\/wp\/v2\/product_brand?post=53768"},{"taxonomy":"product_cat","embeddable":true,"href":"https:\/\/cndestetik.ch\/fr\/wp-json\/wp\/v2\/product_cat?post=53768"},{"taxonomy":"product_tag","embeddable":true,"href":"https:\/\/cndestetik.ch\/fr\/wp-json\/wp\/v2\/product_tag?post=53768"}],"curies":[{"name":"wp","href":"https:\/\/api.w.org\/{rel}","templated":true}]}}