{"id":53539,"date":"2022-10-11T00:01:33","date_gmt":"2022-10-10T22:01:33","guid":{"rendered":"https:\/\/cndestetik.ch\/prodotto\/tisanes-ayurvediques\/"},"modified":"2024-01-16T00:00:25","modified_gmt":"2024-01-15T23:00:25","slug":"tisanes-ayurvediques","status":"publish","type":"product","link":"https:\/\/cndestetik.ch\/fr\/prodotto\/tisanes-ayurvediques\/","title":{"rendered":"Tisanes ayurv\u00e9diques"},"content":{"rendered":"<p>Notre gamme de rem\u00e8des naturels est enrichie de trois tisanes de bien-\u00eatre. Caract\u00e9ris\u00e9es par des m\u00e9langes d&#8217;\u00e9pices biologiques, ces tisanes sont riches en propri\u00e9t\u00e9s b\u00e9n\u00e9fiques pour le corps et l&#8217;esprit. L&#8217;Ayurveda traite \u00e0 tous \u00e9gards du bien-\u00eatre des personnes, dans leurs aspects physiques, mentaux et spirituels, et s&#8217;occupe autant des pathologies que de l&#8217;\u00e9tat de sant\u00e9 normal. Ils accompagnent la p\u00e9riode chaude avec des notes aromatiques importantes.<\/p>\n<p>Ils doivent \u00eatre infus\u00e9s \u00e0 des temp\u00e9ratures tr\u00e8s \u00e9lev\u00e9es pendant 10 \u00e0 20 minutes (pour varier leur intensit\u00e9).<\/p>\n<ul>\n<li>Tisane Vata<\/li>\n<\/ul>\n<p>Th\u00e9 chai indien \u00e0 la cannelle et au gingembre pour r\u00e9chauffer le c\u0153ur, 100% biologique Ce th\u00e9 chai aide \u00e0 calmer et r\u00e9chauffer le corps, l&#8217;esprit et les \u00e9motions. Un m\u00e9lange r\u00e9chauffant et purifiant de cannelle, de gingembre et de cardamome pour favoriser le bien-\u00eatre. La pleine saveur d&#8217;un m\u00e9lange d&#8217;herbes et d&#8217;\u00e9pices sans th\u00e9ine (caf\u00e9ine), \u00e9galement adapt\u00e9 pour le soir.<\/p>\n<p>Ingr\u00e9dients : morceaux de cannelle bio, racine de r\u00e9glisse bio, gingembre bio, fenouil bio, \u00e9corce d&#8217;orange bio, cardamome bio.<\/p>\n<ul>\n<li>Tisane Pitta<\/li>\n<\/ul>\n<p>Un m\u00e9lange \u00e9quilibrant d&#8217;herbes et d&#8217;\u00e9pices, 100% biologique. Ce m\u00e9lange aide \u00e0 calmer et \u00e0 r\u00e9chauffer le corps, l&#8217;esprit et les \u00e9motions. La cannelle, les p\u00e9tales de rose et le fenouil, aux propri\u00e9t\u00e9s purifiantes et apaisantes, rencontrent la chaleur de la cardamome, de la r\u00e9glisse et de la coriandre. La pleine saveur d&#8217;un m\u00e9lange d&#8217;herbes et d&#8217;\u00e9pices sans th\u00e9ine (caf\u00e9ine), \u00e9galement adapt\u00e9 pour le soir.<\/p>\n<p>Ingr\u00e9dients : morceaux de cannelle bio, racine de r\u00e9glisse bio, gingembre bio, fenouil bio, coriandre bio, cardamome bio, p\u00e9tales de rose bio.<\/p>\n<ul>\n<li>Tisane Kapha<\/li>\n<\/ul>\n<p>Un m\u00e9lange \u00e9nergisant d&#8217;herbes et d&#8217;\u00e9pices 100% biologiques. Ce m\u00e9lange aide \u00e0 revitaliser le corps, l&#8217;esprit et les \u00e9motions. Un m\u00e9lange \u00e9nergisant avec du gingembre moulu \u00e0 sec qui ajoute une note \u00e9pic\u00e9e. La pleine saveur d&#8217;un m\u00e9lange d&#8217;herbes et d&#8217;\u00e9pices sans th\u00e9ine (caf\u00e9ine), convient \u00e9galement pour le soir.<\/p>\n<p>Ingr\u00e9dients : gingembre bio, coriandre bio, racine de curcuma bio, cardamome bio, clous de girofle bio, noix de muscade bio.<\/p>\n<p>3 paquets par type pour l&#8217;achat de 12\/24\/36 paquets.<\/p>\n<p>12 Pack = 8,5 CHF\/single &#8211; 24 Pack = 8 CHF\/single &#8211; 36 = 7,5 CHF\/single<\/p>\n","protected":false},"excerpt":{"rendered":"<p>Caract\u00e9ris\u00e9es par des m\u00e9langes d&#8217;\u00e9pices biologiques, ces tisanes sont riches en propri\u00e9t\u00e9s b\u00e9n\u00e9fiques pour le corps et l&#8217;esprit.<\/p>\n","protected":false},"featured_media":53515,"template":"","meta":{"_acf_changed":false},"product_brand":[],"product_cat":[1994],"product_tag":[9848,10248,10249,2013,10247],"class_list":{"0":"post-53539","1":"product","2":"type-product","3":"status-publish","4":"has-post-thumbnail","6":"product_cat-tisanes-bien-etre","7":"product_tag-bien-etre","8":"product_tag-kapha-fr","9":"product_tag-pitta-fr","10":"product_tag-tisanes","11":"product_tag-vata-fr","12":"pa_tisane-ayurvediche-12-packs","13":"pa_tisane-ayurvediche-24-packs","14":"pa_tisane-ayurvediche-36-packs","16":"first","17":"instock","18":"taxable","19":"shipping-taxable","20":"purchasable","21":"product-type-variable"},"acf":[],"jetpack_sharing_enabled":true,"_links":{"self":[{"href":"https:\/\/cndestetik.ch\/fr\/wp-json\/wp\/v2\/product\/53539","targetHints":{"allow":["GET"]}}],"collection":[{"href":"https:\/\/cndestetik.ch\/fr\/wp-json\/wp\/v2\/product"}],"about":[{"href":"https:\/\/cndestetik.ch\/fr\/wp-json\/wp\/v2\/types\/product"}],"wp:featuredmedia":[{"embeddable":true,"href":"https:\/\/cndestetik.ch\/fr\/wp-json\/wp\/v2\/media\/53515"}],"wp:attachment":[{"href":"https:\/\/cndestetik.ch\/fr\/wp-json\/wp\/v2\/media?parent=53539"}],"wp:term":[{"taxonomy":"product_brand","embeddable":true,"href":"https:\/\/cndestetik.ch\/fr\/wp-json\/wp\/v2\/product_brand?post=53539"},{"taxonomy":"product_cat","embeddable":true,"href":"https:\/\/cndestetik.ch\/fr\/wp-json\/wp\/v2\/product_cat?post=53539"},{"taxonomy":"product_tag","embeddable":true,"href":"https:\/\/cndestetik.ch\/fr\/wp-json\/wp\/v2\/product_tag?post=53539"}],"curies":[{"name":"wp","href":"https:\/\/api.w.org\/{rel}","templated":true}]}}