{"id":53245,"date":"2022-09-19T09:19:34","date_gmt":"2022-09-19T07:19:34","guid":{"rendered":"https:\/\/cndestetik.ch\/prodotto\/creme-reequilibrante\/"},"modified":"2025-01-23T09:49:55","modified_gmt":"2025-01-23T08:49:55","slug":"creme-equilibrante-pour-le-visage","status":"publish","type":"product","link":"https:\/\/cndestetik.ch\/fr\/prodotto\/creme-equilibrante-pour-le-visage\/","title":{"rendered":"Cr\u00e8me visage r\u00e9\u00e9quilibrante"},"content":{"rendered":"<p>Une \u00e9mulsion l\u00e9g\u00e8re et nourrissante qui apporte fra\u00eecheur et protection contre les agents ext\u00e9rieurs (smog, changements de temp\u00e9rature, rayons UV-A\/B). Gr\u00e2ce \u00e0 l&#8217;extrait de souci spagyrique, il r\u00e9g\u00e9n\u00e8re et apaise les \u00e9ventuelles rougeurs.<\/p>\n<p>Taille 50 ml.<\/p>\n","protected":false},"excerpt":{"rendered":"<p>Apporte fra\u00eecheur et protection contre les agents ext\u00e9rieurs<\/p>\n","protected":false},"featured_media":57914,"template":"","meta":{"_acf_changed":false},"product_brand":[],"product_cat":[1494,12982,12989],"product_tag":[3834,9734,9725,2112,4056,7086,449,436],"class_list":{"0":"post-53245","1":"product","2":"type-product","3":"status-publish","4":"has-post-thumbnail","6":"product_cat-cosmetiques","7":"product_cat-microcosme","8":"product_cat-visage","9":"product_tag-creme","10":"product_tag-derma-fr","11":"product_tag-fraicheur","12":"product_tag-peau-fr","13":"product_tag-protection","14":"product_tag-reequilibrage","15":"product_tag-rose-dinde","16":"product_tag-spagyria","18":"first","19":"instock","20":"taxable","21":"shipping-taxable","22":"purchasable","23":"product-type-simple"},"acf":[],"jetpack_sharing_enabled":true,"_links":{"self":[{"href":"https:\/\/cndestetik.ch\/fr\/wp-json\/wp\/v2\/product\/53245","targetHints":{"allow":["GET"]}}],"collection":[{"href":"https:\/\/cndestetik.ch\/fr\/wp-json\/wp\/v2\/product"}],"about":[{"href":"https:\/\/cndestetik.ch\/fr\/wp-json\/wp\/v2\/types\/product"}],"wp:featuredmedia":[{"embeddable":true,"href":"https:\/\/cndestetik.ch\/fr\/wp-json\/wp\/v2\/media\/57914"}],"wp:attachment":[{"href":"https:\/\/cndestetik.ch\/fr\/wp-json\/wp\/v2\/media?parent=53245"}],"wp:term":[{"taxonomy":"product_brand","embeddable":true,"href":"https:\/\/cndestetik.ch\/fr\/wp-json\/wp\/v2\/product_brand?post=53245"},{"taxonomy":"product_cat","embeddable":true,"href":"https:\/\/cndestetik.ch\/fr\/wp-json\/wp\/v2\/product_cat?post=53245"},{"taxonomy":"product_tag","embeddable":true,"href":"https:\/\/cndestetik.ch\/fr\/wp-json\/wp\/v2\/product_tag?post=53245"}],"curies":[{"name":"wp","href":"https:\/\/api.w.org\/{rel}","templated":true}]}}