{"id":53237,"date":"2022-09-19T08:51:11","date_gmt":"2022-09-19T06:51:11","guid":{"rendered":"https:\/\/cndestetik.ch\/prodotto\/peeling-lissant-a-lacide-mandelique-15\/"},"modified":"2025-01-23T09:49:06","modified_gmt":"2025-01-23T08:49:06","slug":"peeling-lissant-tout-acide-mandelique-15","status":"publish","type":"product","link":"https:\/\/cndestetik.ch\/fr\/prodotto\/peeling-lissant-tout-acide-mandelique-15\/","title":{"rendered":"Peeling lissant \u00e0 l&#8217;acide mand\u00e9lique 15%."},"content":{"rendered":"<p>Il dissout les k\u00e9ratocytes morts stratifi\u00e9s \u00e0 la surface du derme et stimule les m\u00e9canismes de r\u00e9g\u00e9n\u00e9ration en profondeur ; la FORMULE CR\u00c8ME sp\u00e9ciale transporte les principes actifs en profondeur et n&#8217;agresse pas la peau. Format : 250ml<\/p>\n","protected":false},"excerpt":{"rendered":"<p>Dissout les k\u00e9ratocytes morts stratifi\u00e9s \u00e0 la surface du derme.<\/p>\n","protected":false},"featured_media":57910,"template":"","meta":{"_acf_changed":false},"product_brand":[],"product_cat":[1494,12982,12989],"product_tag":[4852,8951,9480,9694],"class_list":{"0":"post-53237","1":"product","2":"type-product","3":"status-publish","4":"has-post-thumbnail","6":"product_cat-cosmetiques","7":"product_cat-microcosme","8":"product_cat-visage","9":"product_tag-peeling-fr","10":"product_tag-acide","11":"product_tag-lissage","12":"product_tag-mandelique","14":"first","15":"instock","16":"taxable","17":"shipping-taxable","18":"purchasable","19":"product-type-simple"},"acf":[],"jetpack_sharing_enabled":true,"_links":{"self":[{"href":"https:\/\/cndestetik.ch\/fr\/wp-json\/wp\/v2\/product\/53237","targetHints":{"allow":["GET"]}}],"collection":[{"href":"https:\/\/cndestetik.ch\/fr\/wp-json\/wp\/v2\/product"}],"about":[{"href":"https:\/\/cndestetik.ch\/fr\/wp-json\/wp\/v2\/types\/product"}],"wp:featuredmedia":[{"embeddable":true,"href":"https:\/\/cndestetik.ch\/fr\/wp-json\/wp\/v2\/media\/57910"}],"wp:attachment":[{"href":"https:\/\/cndestetik.ch\/fr\/wp-json\/wp\/v2\/media?parent=53237"}],"wp:term":[{"taxonomy":"product_brand","embeddable":true,"href":"https:\/\/cndestetik.ch\/fr\/wp-json\/wp\/v2\/product_brand?post=53237"},{"taxonomy":"product_cat","embeddable":true,"href":"https:\/\/cndestetik.ch\/fr\/wp-json\/wp\/v2\/product_cat?post=53237"},{"taxonomy":"product_tag","embeddable":true,"href":"https:\/\/cndestetik.ch\/fr\/wp-json\/wp\/v2\/product_tag?post=53237"}],"curies":[{"name":"wp","href":"https:\/\/api.w.org\/{rel}","templated":true}]}}