{"id":53224,"date":"2022-09-12T00:01:54","date_gmt":"2022-09-11T22:01:54","guid":{"rendered":"https:\/\/cndestetik.ch\/prodotto\/traitement-lissant-du-visage\/"},"modified":"2022-11-15T17:27:13","modified_gmt":"2022-11-15T16:27:13","slug":"traitement-lissant-du-visage","status":"publish","type":"product","link":"https:\/\/cndestetik.ch\/fr\/prodotto\/traitement-lissant-du-visage\/","title":{"rendered":"TRAITEMENT LISSANT DU VISAGE"},"content":{"rendered":"<p>Un traitement dermocosm\u00e9tique pour \u00e9liminer les cellules cutan\u00e9es d\u00e9vitalis\u00e9es stratifi\u00e9es en surface. Il r\u00e9g\u00e9n\u00e8re l&#8217;\u00e9piderme en stimulant les m\u00e9canismes de renouvellement de la couche cutan\u00e9e, en favorisant la synth\u00e8se de nouveaux collag\u00e8nes et de fibres \u00e9lastiques et en acc\u00e9l\u00e9rant le renouvellement normal des cellules. Le peeling \u00e0 l&#8217;acide mand\u00e9lique 15% minimise les imperfections li\u00e9es au vieillissement de la peau telles que l&#8217;hyperchromie, les rides et la perte d&#8217;\u00e9lasticit\u00e9. C&#8217;est \u00e9galement un excellent traitement pour att\u00e9nuer les marques d&#8217;acn\u00e9 et les cicatrices.<\/p>\n<p><strong>Convient pour :<\/strong><\/p>\n<ul>\n<li>Peau terne, asphyxi\u00e9e<\/li>\n<li>Peaux ayant un fort besoin de r\u00e9g\u00e9n\u00e9ration<\/li>\n<li>Peau mature avec rides<\/li>\n<li>Peau marqu\u00e9e par l&#8217;acn\u00e9<\/li>\n<\/ul>\n<p><strong>Actions et avantages :<\/strong><\/p>\n<p>Il effectue une exfoliation profonde pour r\u00e9g\u00e9n\u00e9rer l&#8217;\u00e9piderme en stimulant les m\u00e9canismes de renouvellement en profondeur de la couche cutan\u00e9e. La synth\u00e8se du nouveau collag\u00e8ne et des fibres \u00e9lastiques est augment\u00e9e et acc\u00e9l\u00e9r\u00e9e. La peau aura un aspect sensiblement lisse, ferme et radieux. Les imperfections li\u00e9es au vieillissement de la peau telles que l&#8217;hyperchromie, les rides et la perte d&#8217;\u00e9lasticit\u00e9 sont minimis\u00e9es. Il donne \u00e9galement un r\u00e9sultat remarquable en att\u00e9nuant les marques d&#8217;acn\u00e9 et les cicatrices dues au renouvellement cellulaire.<\/p>\n<p><strong>Substances fonctionnelles :<\/strong><\/p>\n<ul>\n<li>Peeling lissant avec 15% d&#8217;acide mand\u00e9lique (pH 1,6) : dissout les k\u00e9ratocytes morts stratifi\u00e9s \u00e0 la surface du derme et stimule les m\u00e9canismes de r\u00e9g\u00e9n\u00e9ration en profondeur ; la CREME FORMULAZIONE sp\u00e9ciale transporte les principes actifs en profondeur et n&#8217;agresse pas la peau.<\/li>\n<li>Solution tampon hydro-\u00e9quilibrante : eau fonctionnelle qui r\u00e9tablit le pH dermique et lib\u00e8re la bonne quantit\u00e9 d&#8217;eau dans les cellules.<\/li>\n<li>Fluide Lipo-Equilibrant : une synergie d&#8217;ol\u00e9olites spagyriques apaisantes et \u00e9mollientes qui apportent une hydratation profonde et une douceur aux tissus.<\/li>\n<li>Cr\u00e8me r\u00e9\u00e9quilibrante : une \u00e9mulsion l\u00e9g\u00e8re et nourrissante qui apporte fra\u00eecheur et protection contre les agents ext\u00e9rieurs (smog, changements de temp\u00e9rature, rayons UV-A\/B). Gr\u00e2ce \u00e0 l&#8217;extrait de souci spagyrique, il r\u00e9g\u00e9n\u00e8re et apaise les \u00e9ventuelles rougeurs.<\/li>\n<\/ul>\n<p><strong>Kits de nouveaux produits :<\/strong><\/p>\n<p><strong>-Produits fonctionnels :<\/strong><\/p>\n<ul>\n<li>Solution tampon d&#8217;hydro-\u00e9quilibrage 500ml<\/li>\n<li>Peeling lissant Acide Mand\u00e9lique 15% 250 ml<\/li>\n<li>Fluide Lipo-Equilibrant 50ml<\/li>\n<li>Cr\u00e8me r\u00e9\u00e9quilibrante 50ml<\/li>\n<\/ul>\n<p><strong>-Produits domestiques :<\/strong><\/p>\n<ul>\n<li>Solution tampon d&#8217;hydro-\u00e9quilibrage 100ml<\/li>\n<li>Fluide Lipo-Equilibrant 50ml<\/li>\n<li>Cr\u00e8me r\u00e9\u00e9quilibrante 50ml<\/li>\n<\/ul>\n<p><strong>Le kit complet comprend \u00e9galement :<\/strong><\/p>\n<ul>\n<li style=\"list-style-type: none\">\n<ul>\n<li>Lait d\u00e9maquillant 500ml<\/li>\n<li>Beurre pour les l\u00e8vres 15ml<\/li>\n<li>Cr\u00e8me pour le contour des yeux 15ml<\/li>\n<li>Masque visage au beurre de karit\u00e9 100ml<\/li>\n<li>Hydroglyc\u00e9rine d&#8217;\u00e9chinac\u00e9e<\/li>\n<li>Huile essentielle de palmarosa 10ml<\/li>\n<li>Huile essentielle Petit Grain 10ml<\/li>\n<li>Huile essentielle de g\u00e9ranium 10ml<\/li>\n<\/ul>\n<\/li>\n<\/ul>\n<p><em><strong>Protocole de traitement de la cabine et p<\/strong><strong>traitement oster inclus<\/strong><\/em><\/p>\n","protected":false},"excerpt":{"rendered":"<p>Traitement lissant du visage<\/p>\n","protected":false},"featured_media":53205,"template":"","meta":{"_acf_changed":false},"product_brand":[],"product_cat":[15],"product_tag":[4852,8951,4140,8381,3834,4651,7311,9692,9667,2322,9698,527,9707,2184,7251,9687,433,4125,745,9701,9480,9694,4726,4311,9704,7086,9688,1028,765,729],"class_list":{"0":"post-53224","1":"product","2":"type-product","3":"status-publish","4":"has-post-thumbnail","6":"product_cat-07-cosmetica","7":"product_tag-peeling-fr","8":"product_tag-acide","9":"product_tag-beurre","10":"product_tag-contour-fr-2","11":"product_tag-creme","12":"product_tag-detergent-fr","13":"product_tag-echinacee","14":"product_tag-ecouvillon","15":"product_tag-equilibrer","16":"product_tag-essentiel","17":"product_tag-fluide-fr","18":"product_tag-geranium-fr","19":"product_tag-grain-fr-2","20":"product_tag-huile-fr","21":"product_tag-hydro-fr","22":"product_tag-hydroglycerinate-fr","23":"product_tag-karite-fr","24":"product_tag-lait","25":"product_tag-levres","26":"product_tag-lipo-fr","27":"product_tag-lissage","28":"product_tag-mandelique","29":"product_tag-masque-fr","30":"product_tag-palmarosa-fr","31":"product_tag-petit-fr","32":"product_tag-reequilibrage","33":"product_tag-solution","34":"product_tag-traitement","35":"product_tag-visage","36":"product_tag-yeux","37":"pa_kit-kit-complet","38":"pa_kit-kits-de-nouveaux-produits","40":"first","41":"instock","42":"taxable","43":"shipping-taxable","44":"purchasable","45":"product-type-variable"},"acf":[],"jetpack_sharing_enabled":true,"_links":{"self":[{"href":"https:\/\/cndestetik.ch\/fr\/wp-json\/wp\/v2\/product\/53224","targetHints":{"allow":["GET"]}}],"collection":[{"href":"https:\/\/cndestetik.ch\/fr\/wp-json\/wp\/v2\/product"}],"about":[{"href":"https:\/\/cndestetik.ch\/fr\/wp-json\/wp\/v2\/types\/product"}],"wp:featuredmedia":[{"embeddable":true,"href":"https:\/\/cndestetik.ch\/fr\/wp-json\/wp\/v2\/media\/53205"}],"wp:attachment":[{"href":"https:\/\/cndestetik.ch\/fr\/wp-json\/wp\/v2\/media?parent=53224"}],"wp:term":[{"taxonomy":"product_brand","embeddable":true,"href":"https:\/\/cndestetik.ch\/fr\/wp-json\/wp\/v2\/product_brand?post=53224"},{"taxonomy":"product_cat","embeddable":true,"href":"https:\/\/cndestetik.ch\/fr\/wp-json\/wp\/v2\/product_cat?post=53224"},{"taxonomy":"product_tag","embeddable":true,"href":"https:\/\/cndestetik.ch\/fr\/wp-json\/wp\/v2\/product_tag?post=53224"}],"curies":[{"name":"wp","href":"https:\/\/api.w.org\/{rel}","templated":true}]}}