{"id":53193,"date":"2022-09-08T13:10:37","date_gmt":"2022-09-08T11:10:37","guid":{"rendered":"https:\/\/cndestetik.ch\/prodotto\/kit-complet-eye-relax\/"},"modified":"2024-01-16T00:00:22","modified_gmt":"2024-01-15T23:00:22","slug":"kit-complet-eye-relax","status":"publish","type":"product","link":"https:\/\/cndestetik.ch\/fr\/prodotto\/kit-complet-eye-relax\/","title":{"rendered":"Kit complet Eye Relax"},"content":{"rendered":"<p>Kit Eye Relax complet avec produits. Gr\u00e2ce \u00e0 l&#8217;application d&#8217;une pression sur la zone informatis\u00e9e, d&#8217;un massage vibrant intelligent et de la fonction de chauffage infrarouge, le masque r\u00e9chauffe et soulage la zone des yeux, d\u00e9tendant les muscles et soulageant la fatigue oculaire, donnant ainsi une apparence repos\u00e9e.<\/p>\n<p>Le kit contient :<\/p>\n<ul>\n<li>Massage des yeux<\/li>\n<li>Hydrolat de lavande<\/li>\n<li>Hydroglyc\u00e9rine d&#8217;Hammamelis<\/li>\n<li>Ol\u00e9olite spagyrique de bouleau<\/li>\n<li>Brosse en crin de cheval<\/li>\n<li>S\u00e9rum \u00e0 l&#8217;acide hyaluronique, contour des yeux et des l\u00e8vres<\/li>\n<\/ul>\n","protected":false},"excerpt":{"rendered":"<p>Kit Eye Relax complet avec produits.<\/p>\n","protected":false},"featured_media":54249,"template":"","meta":{"_acf_changed":false},"product_brand":[],"product_cat":[15],"product_tag":[8887,7157,7147,9332,9346,4181,521,7356,9340,7600,2111,7568,729],"class_list":{"0":"post-53193","1":"product","2":"type-product","3":"status-publish","4":"has-post-thumbnail","6":"product_cat-07-cosmetica","7":"product_tag-bouleau-fr","8":"product_tag-brosse-fr-2","9":"product_tag-crin-de-cheval","10":"product_tag-detendez-vous","11":"product_tag-hammamelis-fr","12":"product_tag-hydrolat","13":"product_tag-lavande","14":"product_tag-massage","15":"product_tag-massage-fr","16":"product_tag-oeil","17":"product_tag-oleolite-fr","18":"product_tag-serum-fr-2","19":"product_tag-yeux","21":"first","22":"instock","23":"sale","24":"taxable","25":"shipping-taxable","26":"purchasable","27":"product-type-simple"},"acf":[],"jetpack_sharing_enabled":true,"_links":{"self":[{"href":"https:\/\/cndestetik.ch\/fr\/wp-json\/wp\/v2\/product\/53193","targetHints":{"allow":["GET"]}}],"collection":[{"href":"https:\/\/cndestetik.ch\/fr\/wp-json\/wp\/v2\/product"}],"about":[{"href":"https:\/\/cndestetik.ch\/fr\/wp-json\/wp\/v2\/types\/product"}],"wp:featuredmedia":[{"embeddable":true,"href":"https:\/\/cndestetik.ch\/fr\/wp-json\/wp\/v2\/media\/54249"}],"wp:attachment":[{"href":"https:\/\/cndestetik.ch\/fr\/wp-json\/wp\/v2\/media?parent=53193"}],"wp:term":[{"taxonomy":"product_brand","embeddable":true,"href":"https:\/\/cndestetik.ch\/fr\/wp-json\/wp\/v2\/product_brand?post=53193"},{"taxonomy":"product_cat","embeddable":true,"href":"https:\/\/cndestetik.ch\/fr\/wp-json\/wp\/v2\/product_cat?post=53193"},{"taxonomy":"product_tag","embeddable":true,"href":"https:\/\/cndestetik.ch\/fr\/wp-json\/wp\/v2\/product_tag?post=53193"}],"curies":[{"name":"wp","href":"https:\/\/api.w.org\/{rel}","templated":true}]}}