{"id":53184,"date":"2022-09-08T13:03:15","date_gmt":"2022-09-08T11:03:15","guid":{"rendered":"https:\/\/cndestetik.ch\/prodotto\/detente-des-yeux\/"},"modified":"2025-02-11T14:32:41","modified_gmt":"2025-02-11T13:32:41","slug":"detente-des-yeux","status":"publish","type":"product","link":"https:\/\/cndestetik.ch\/fr\/prodotto\/detente-des-yeux\/","title":{"rendered":"D\u00e9tente des yeux"},"content":{"rendered":"<p>Pressomassage pour les yeux. Il fonctionne par pression sur la zone concern\u00e9e, par un massage vibrant intelligent et par une fonction de chauffage infrarouge. Il r\u00e9chauffe et apaise le contour des yeux, d\u00e9tend les muscles et soulage la fatigue oculaire pour une apparence repos\u00e9e. <\/p>\n<p>Prix de vente recommand\u00e9 : 259 CHF<\/p>\n","protected":false},"excerpt":{"rendered":"<p>Fonctionne en appliquant une pression sur la zone affect\u00e9e, un massage vibrant intelligent et une fonction de chauffage infrarouge.<\/p>\n","protected":false},"featured_media":54043,"template":"","meta":{"_acf_changed":false},"product_brand":[],"product_cat":[15],"product_tag":[9334,9332,9340,7356,7600,9337,729],"class_list":{"0":"post-53184","1":"product","2":"type-product","3":"status-publish","4":"has-post-thumbnail","6":"product_cat-07-cosmetica","7":"product_tag-a-ladresse-fr-2","8":"product_tag-detendez-vous","9":"product_tag-massage-fr","10":"product_tag-massage","11":"product_tag-oeil","12":"product_tag-pressomassage-fr","13":"product_tag-yeux","14":"pa_pezzi-1-piece-fr","15":"pa_pezzi-3-pieces-fr","17":"first","18":"instock","19":"taxable","20":"shipping-taxable","21":"purchasable","22":"product-type-variable"},"acf":[],"jetpack_sharing_enabled":true,"_links":{"self":[{"href":"https:\/\/cndestetik.ch\/fr\/wp-json\/wp\/v2\/product\/53184","targetHints":{"allow":["GET"]}}],"collection":[{"href":"https:\/\/cndestetik.ch\/fr\/wp-json\/wp\/v2\/product"}],"about":[{"href":"https:\/\/cndestetik.ch\/fr\/wp-json\/wp\/v2\/types\/product"}],"wp:featuredmedia":[{"embeddable":true,"href":"https:\/\/cndestetik.ch\/fr\/wp-json\/wp\/v2\/media\/54043"}],"wp:attachment":[{"href":"https:\/\/cndestetik.ch\/fr\/wp-json\/wp\/v2\/media?parent=53184"}],"wp:term":[{"taxonomy":"product_brand","embeddable":true,"href":"https:\/\/cndestetik.ch\/fr\/wp-json\/wp\/v2\/product_brand?post=53184"},{"taxonomy":"product_cat","embeddable":true,"href":"https:\/\/cndestetik.ch\/fr\/wp-json\/wp\/v2\/product_cat?post=53184"},{"taxonomy":"product_tag","embeddable":true,"href":"https:\/\/cndestetik.ch\/fr\/wp-json\/wp\/v2\/product_tag?post=53184"}],"curies":[{"name":"wp","href":"https:\/\/api.w.org\/{rel}","templated":true}]}}