{"id":53156,"date":"2022-06-01T13:12:25","date_gmt":"2022-06-01T11:12:25","guid":{"rendered":"https:\/\/cndestetik.ch\/prodotto\/presentoir-a-mini-laser-12-pieces-coccinelle\/"},"modified":"2024-05-21T09:57:57","modified_gmt":"2024-05-21T07:57:57","slug":"support-de-presentation-mini-raspa-laser-12-pcs-ladybug","status":"publish","type":"product","link":"https:\/\/cndestetik.ch\/fr\/prodotto\/support-de-presentation-mini-raspa-laser-12-pcs-ladybug\/","title":{"rendered":"Pr\u00e9sentoir \u00e0 mini-laser 12 pi\u00e8ces &#8211; Coccinelle"},"content":{"rendered":"<p><span data-sheets-value=\"{\"1\":2,\"2\":\"Raspa con parte levigante in acciaio inox lavorata a laser. Ideale per la rimozione e la levigatura di superfici callose e ispessite. Espositore da 12 pz. (4 per ogni colore)\"}\" data-sheets-userformat=\"{\"2\":15297,\"3\":{\"1\":0},\"9\":0,\"10\":2,\"11\":0,\"12\":0,\"14\":{\"1\":2,\"2\":0},\"15\":\"Calibri\",\"16\":11}\">R\u00e2pe avec pi\u00e8ce de rodage en acier inoxydable d\u00e9coup\u00e9e au laser. Id\u00e9al pour \u00e9liminer et lisser les surfaces calleuses et \u00e9paisses. Pr\u00e9sentoir de 12 pi\u00e8ces (4 de chaque couleur)<\/span><\/p>\n","protected":false},"excerpt":{"rendered":"<p><span data-sheets-value=\"{\"1\":2,\"2\":\"Raspa con parte levigante in acciaio inox lavorata a laser. Ideale per la rimozione e la levigatura di superfici callose e ispessite. Espositore da 12 pz. (4 per ogni colore)\"}\" data-sheets-userformat=\"{\"2\":15297,\"3\":{\"1\":0},\"9\":0,\"10\":2,\"11\":0,\"12\":0,\"14\":{\"1\":2,\"2\":0},\"15\":\"Calibri\",\"16\":11}\">R\u00e2pe avec pi\u00e8ce de rodage en acier inoxydable d\u00e9coup\u00e9e au laser.<\/span><\/p>\n","protected":false},"featured_media":54039,"template":"","meta":{"_acf_changed":false},"product_brand":[],"product_cat":[1296],"product_tag":[9295,1370,1371,9296,4373],"class_list":{"0":"post-53156","1":"product","2":"type-product","3":"status-publish","4":"has-post-thumbnail","6":"product_cat-equipement","7":"product_tag-coccinelle","8":"product_tag-laser-fr","9":"product_tag-raper","10":"product_tag-rapes","11":"product_tag-unite-daffichage","13":"first","14":"instock","15":"taxable","16":"shipping-taxable","17":"purchasable","18":"product-type-simple"},"acf":[],"jetpack_sharing_enabled":true,"_links":{"self":[{"href":"https:\/\/cndestetik.ch\/fr\/wp-json\/wp\/v2\/product\/53156","targetHints":{"allow":["GET"]}}],"collection":[{"href":"https:\/\/cndestetik.ch\/fr\/wp-json\/wp\/v2\/product"}],"about":[{"href":"https:\/\/cndestetik.ch\/fr\/wp-json\/wp\/v2\/types\/product"}],"wp:featuredmedia":[{"embeddable":true,"href":"https:\/\/cndestetik.ch\/fr\/wp-json\/wp\/v2\/media\/54039"}],"wp:attachment":[{"href":"https:\/\/cndestetik.ch\/fr\/wp-json\/wp\/v2\/media?parent=53156"}],"wp:term":[{"taxonomy":"product_brand","embeddable":true,"href":"https:\/\/cndestetik.ch\/fr\/wp-json\/wp\/v2\/product_brand?post=53156"},{"taxonomy":"product_cat","embeddable":true,"href":"https:\/\/cndestetik.ch\/fr\/wp-json\/wp\/v2\/product_cat?post=53156"},{"taxonomy":"product_tag","embeddable":true,"href":"https:\/\/cndestetik.ch\/fr\/wp-json\/wp\/v2\/product_tag?post=53156"}],"curies":[{"name":"wp","href":"https:\/\/api.w.org\/{rel}","templated":true}]}}