{"id":53067,"date":"2020-10-15T11:45:53","date_gmt":"2020-10-15T09:45:53","guid":{"rendered":"https:\/\/cndestetik.ch\/prodotto\/duo-dombres-a-paupieres-inika-gold-oyster\/"},"modified":"2023-01-12T13:36:44","modified_gmt":"2023-01-12T12:36:44","slug":"inika-eye-shadow-duo-gold-oyster","status":"publish","type":"product","link":"https:\/\/cndestetik.ch\/fr\/prodotto\/inika-eye-shadow-duo-gold-oyster\/","title":{"rendered":"Duo d&#8217;ombres \u00e0 paupi\u00e8res Inika &#8211; Gold Oyster"},"content":{"rendered":"<p>Gr\u00e2ce aux min\u00e9raux purs et \u00e0 l&#8217;extraordinaire performance d&#8217;une poudre naturellement press\u00e9e, ce duo d&#8217;ombres \u00e0 paupi\u00e8res offre une couleur durable et sans plis pour un look magnifique.<br \/>\nIl pr\u00e9sente deux teintes compl\u00e9mentaires pour accentuer les yeux et cr\u00e9er un maquillage extraordinaire.<br \/>\nDes min\u00e9raux purs, press\u00e9s naturellement, pour une couleur saine et durable.<br \/>\nIl comprend deux magnifiques nuances d&#8217;ombres \u00e0 paupi\u00e8res riches en min\u00e9raux.<br \/>\nExempt de produits chimiques nocifs, il est parfait pour les yeux sensibles.<br \/>\nTous les produits INIKA sont 100% d&#8217;origine naturelle, certifi\u00e9s v\u00e9g\u00e9taliens et sans cruaut\u00e9.<br \/>\n1. Pour prolonger la dur\u00e9e de port, appliquez une base d&#8217;ombre \u00e0 paupi\u00e8res en choisissant parmi le correcteur Perfection de Certified Organic, la cr\u00e8me Light Reflect de Certified Organic, l&#8217;ombre \u00e0 paupi\u00e8res cr\u00e8me de Certified Organic ou la poudre min\u00e9rale matifiante.<br \/>\n2. Utilisez le pinceau \u00e0 paupi\u00e8res v\u00e9g\u00e9talien pour pr\u00e9lever une petite quantit\u00e9 d&#8217;ombre \u00e0 paupi\u00e8res et tamponnez l\u00e9g\u00e8rement la couleur sur la paupi\u00e8re.<br \/>\n3. Passez d\u00e9licatement la couleur la plus claire sur la paupi\u00e8re, en appliquant la couleur la plus fonc\u00e9e sur le tiers ext\u00e9rieur et dans le creux de la paupi\u00e8re pour ajouter de la profondeur et de la d\u00e9finition, et la couleur la plus claire sur les deux tiers int\u00e9rieurs pour agrandir les yeux.<br \/>\nCr\u00e9ez la couleur selon l&#8217;intensit\u00e9 souhait\u00e9e ou m\u00e9langez les teintes pour un look personnalis\u00e9. Ces teintes peuvent \u00eatre port\u00e9es ensemble ou seules.<\/p>\n","protected":false},"excerpt":{"rendered":"<p>Une paire d&#8217;ombres \u00e0 paupi\u00e8res. Prix de d\u00e9tail recommand\u00e9 : 28,60 CHF<\/p>\n","protected":false},"featured_media":37277,"template":"","meta":{"_acf_changed":false},"product_brand":[],"product_cat":[8512],"product_tag":[7649,9565,7600,7605,5726,7341,4988,392],"class_list":{"0":"post-53067","1":"product","2":"type-product","3":"status-publish","4":"has-post-thumbnail","6":"product_cat-dernieres-pieces","7":"product_tag-duo-fr","8":"product_tag-huitre","9":"product_tag-oeil","10":"product_tag-ombre","11":"product_tag-ombre-a-paupieres","12":"product_tag-ombre-a-paupieres-fr","13":"product_tag-or","14":"product_tag-se-reconcilier","16":"first","17":"instock","18":"sale","19":"taxable","20":"shipping-taxable","21":"purchasable","22":"product-type-simple"},"acf":[],"jetpack_sharing_enabled":true,"_links":{"self":[{"href":"https:\/\/cndestetik.ch\/fr\/wp-json\/wp\/v2\/product\/53067","targetHints":{"allow":["GET"]}}],"collection":[{"href":"https:\/\/cndestetik.ch\/fr\/wp-json\/wp\/v2\/product"}],"about":[{"href":"https:\/\/cndestetik.ch\/fr\/wp-json\/wp\/v2\/types\/product"}],"wp:featuredmedia":[{"embeddable":true,"href":"https:\/\/cndestetik.ch\/fr\/wp-json\/wp\/v2\/media\/37277"}],"wp:attachment":[{"href":"https:\/\/cndestetik.ch\/fr\/wp-json\/wp\/v2\/media?parent=53067"}],"wp:term":[{"taxonomy":"product_brand","embeddable":true,"href":"https:\/\/cndestetik.ch\/fr\/wp-json\/wp\/v2\/product_brand?post=53067"},{"taxonomy":"product_cat","embeddable":true,"href":"https:\/\/cndestetik.ch\/fr\/wp-json\/wp\/v2\/product_cat?post=53067"},{"taxonomy":"product_tag","embeddable":true,"href":"https:\/\/cndestetik.ch\/fr\/wp-json\/wp\/v2\/product_tag?post=53067"}],"curies":[{"name":"wp","href":"https:\/\/api.w.org\/{rel}","templated":true}]}}