{"id":53066,"date":"2020-10-15T11:46:05","date_gmt":"2020-10-15T09:46:05","guid":{"rendered":"https:\/\/cndestetik.ch\/prodotto\/crayon-pour-les-yeux-inika-blanc-cristal\/"},"modified":"2022-11-15T17:06:43","modified_gmt":"2022-11-15T16:06:43","slug":"inika-eye-pencil-white-crystal","status":"publish","type":"product","link":"https:\/\/cndestetik.ch\/fr\/prodotto\/inika-eye-pencil-white-crystal\/","title":{"rendered":"Crayon pour les yeux Inika Blanc Cristal"},"content":{"rendered":"<p>Ce crayon pour les yeux poss\u00e8de une texture douce et soyeuse qui glisse en douceur et offre une couleur intense.<br \/>\nCompos\u00e9 d&#8217;ingr\u00e9dients v\u00e9g\u00e9taux naturels et de pigments min\u00e9raux purs, il offre une couleur uniforme et permet une utilisation confortable tout au long de la journ\u00e9e.<br \/>\nFormul\u00e9 avec de l&#8217;huile de noix de coco certifi\u00e9e biologique pour la douceur et la nutrition.<br \/>\nSa texture riche et cr\u00e9meuse est in\u00e9gal\u00e9e dans le monde des rev\u00eatements naturels.<br \/>\nConvient aux yeux sensibles.<br \/>\nLa formule Easy-glide permet d&#8217;obtenir facilement un look spectaculaire. Il dure toute la journ\u00e9e.<\/p>\n<p>Tous les produits INIKA sont 100% d&#8217;origine naturelle, certifi\u00e9s v\u00e9g\u00e9taliens et sans cruaut\u00e9.<\/p>\n","protected":false},"excerpt":{"rendered":"<p>Crayon pour les yeux doux et soyeux<\/p>\n","protected":false},"featured_media":37265,"template":"","meta":{"_acf_changed":false},"product_brand":[],"product_cat":[8512],"product_tag":[5175,7559,7591,9557,7600,392,729],"class_list":{"0":"post-53066","1":"product","2":"type-product","3":"status-publish","4":"has-post-thumbnail","6":"product_cat-dernieres-pieces","7":"product_tag-blanc-fr","8":"product_tag-crayon-fr","9":"product_tag-crayon-fr-2","10":"product_tag-cristal","11":"product_tag-oeil","12":"product_tag-se-reconcilier","13":"product_tag-yeux","15":"first","16":"instock","17":"sale","18":"taxable","19":"shipping-taxable","20":"purchasable","21":"product-type-simple"},"acf":[],"jetpack_sharing_enabled":true,"_links":{"self":[{"href":"https:\/\/cndestetik.ch\/fr\/wp-json\/wp\/v2\/product\/53066","targetHints":{"allow":["GET"]}}],"collection":[{"href":"https:\/\/cndestetik.ch\/fr\/wp-json\/wp\/v2\/product"}],"about":[{"href":"https:\/\/cndestetik.ch\/fr\/wp-json\/wp\/v2\/types\/product"}],"wp:featuredmedia":[{"embeddable":true,"href":"https:\/\/cndestetik.ch\/fr\/wp-json\/wp\/v2\/media\/37265"}],"wp:attachment":[{"href":"https:\/\/cndestetik.ch\/fr\/wp-json\/wp\/v2\/media?parent=53066"}],"wp:term":[{"taxonomy":"product_brand","embeddable":true,"href":"https:\/\/cndestetik.ch\/fr\/wp-json\/wp\/v2\/product_brand?post=53066"},{"taxonomy":"product_cat","embeddable":true,"href":"https:\/\/cndestetik.ch\/fr\/wp-json\/wp\/v2\/product_cat?post=53066"},{"taxonomy":"product_tag","embeddable":true,"href":"https:\/\/cndestetik.ch\/fr\/wp-json\/wp\/v2\/product_tag?post=53066"}],"curies":[{"name":"wp","href":"https:\/\/api.w.org\/{rel}","templated":true}]}}