{"id":53052,"date":"2020-10-15T11:44:29","date_gmt":"2020-10-15T09:44:29","guid":{"rendered":"https:\/\/cndestetik.ch\/prodotto\/serum-a-lacide-hyaluronique-pour-les-peaux-matures\/"},"modified":"2025-02-07T08:28:28","modified_gmt":"2025-02-07T07:28:28","slug":"serum-acide-hyaluronique-peau-mure","status":"publish","type":"product","link":"https:\/\/cndestetik.ch\/fr\/prodotto\/serum-acide-hyaluronique-peau-mure\/","title":{"rendered":"S\u00e9rum \u00e0 l&#8217;acide hyaluronique pour les peaux matures"},"content":{"rendered":"<p><span data-sheets-value=\"{\"1\":2,\"2\":\"I sieri all'acido ialuronico sono da applicare prima della crema o dell'oleolito viso, ottimi durante un trattamento e da consigliare per l'utilizzo quotidiano a casa. Caratterizzati da un ottimo assorbimento, se applicati a fine trattamento generano un leggero effetto tensore sulla pelle.\\nContiene Acido Ialuronico ed Estratto Spagirico di Ginseng. Ottima l'azione tonificante data dall'abbinamento con l'estratto spagirico di ginseng. Particolarmente adatto sulle rughe, idrata e tonifica la pelle. In abbinamento con la crema pelli mature.\"}\" data-sheets-userformat=\"{\"2\":15297,\"3\":{\"1\":0},\"9\":0,\"10\":2,\"11\":0,\"12\":0,\"14\":{\"1\":2,\"2\":0},\"15\":\"Calibri\",\"16\":11}\">Les s\u00e9rums d&#8217;acide hyaluronique sont \u00e0 appliquer avant la cr\u00e8me ou l&#8217;huile pour le visage. Ils sont excellents pendant un traitement et recommand\u00e9s pour une utilisation quotidienne \u00e0 la maison. Caract\u00e9ris\u00e9es par une excellente absorption, elles g\u00e9n\u00e8rent, lorsqu&#8217;elles sont appliqu\u00e9es \u00e0 la fin du traitement, un l\u00e9ger effet tenseur sur la peau.<br \/>\n<\/span><\/p>\n<p><span data-sheets-value=\"{\"1\":2,\"2\":\"I sieri all'acido ialuronico sono da applicare prima della crema o dell'oleolito viso, ottimi durante un trattamento e da consigliare per l'utilizzo quotidiano a casa. Caratterizzati da un ottimo assorbimento, se applicati a fine trattamento generano un leggero effetto tensore sulla pelle.\\nContiene Acido Ialuronico ed Estratto Spagirico di Ginseng. Ottima l'azione tonificante data dall'abbinamento con l'estratto spagirico di ginseng. Particolarmente adatto sulle rughe, idrata e tonifica la pelle. In abbinamento con la crema pelli mature.\"}\" data-sheets-userformat=\"{\"2\":15297,\"3\":{\"1\":0},\"9\":0,\"10\":2,\"11\":0,\"12\":0,\"14\":{\"1\":2,\"2\":0},\"15\":\"Calibri\",\"16\":11}\">Contient de l&#8217;acide hyaluronique et des extraits de ginseng spagyrique. L&#8217;action tonifiante de l&#8217;association avec l&#8217;extrait de ginseng spagyrique est excellente.  <\/span><\/p>\n<p><span data-sheets-value=\"{\"1\":2,\"2\":\"I sieri all'acido ialuronico sono da applicare prima della crema o dell'oleolito viso, ottimi durante un trattamento e da consigliare per l'utilizzo quotidiano a casa. Caratterizzati da un ottimo assorbimento, se applicati a fine trattamento generano un leggero effetto tensore sulla pelle.\\nContiene Acido Ialuronico ed Estratto Spagirico di Ginseng. Ottima l'azione tonificante data dall'abbinamento con l'estratto spagirico di ginseng. Particolarmente adatto sulle rughe, idrata e tonifica la pelle. In abbinamento con la crema pelli mature.\"}\" data-sheets-userformat=\"{\"2\":15297,\"3\":{\"1\":0},\"9\":0,\"10\":2,\"11\":0,\"12\":0,\"14\":{\"1\":2,\"2\":0},\"15\":\"Calibri\",\"16\":11}\">Particuli\u00e8rement adapt\u00e9 aux rides, il hydrate et tonifie la peau. En combinaison avec la cr\u00e8me pour peaux matures.<\/span><\/p>\n","protected":false},"excerpt":{"rendered":"<p>Un s\u00e9rum<span data-sheets-value=\"{\"1\":2,\"2\":\"I sieri all'acido ialuronico sono da applicare prima della crema o dell'oleolito viso, ottimi durante un trattamento e da consigliare per l'utilizzo quotidiano a casa. Caratterizzati da un ottimo assorbimento, se applicati a fine trattamento generano un leggero effetto tensore sulla pelle.\\nContiene Acido Ialuronico ed Estratto Spagirico di Ginseng. Ottima l'azione tonificante data dall'abbinamento con l'estratto spagirico di ginseng. Particolarmente adatto sulle rughe, idrata e tonifica la pelle. In abbinamento con la crema pelli mature.\"}\" data-sheets-userformat=\"{\"2\":15297,\"3\":{\"1\":0},\"9\":0,\"10\":2,\"11\":0,\"12\":0,\"14\":{\"1\":2,\"2\":0},\"15\":\"Calibri\",\"16\":11}\">particuli\u00e8rement adapt\u00e9 aux rides, il hydrate et tonifie la peau<\/span>.<\/p>\n","protected":false},"featured_media":37385,"template":"","meta":{"_acf_changed":false},"product_brand":[],"product_cat":[1494,12982,12989],"product_tag":[8951,2166,587,4169,591,7233,7214,3973,7568],"class_list":{"0":"post-53052","1":"product","2":"type-product","3":"status-publish","4":"has-post-thumbnail","6":"product_cat-cosmetiques","7":"product_cat-microcosme","8":"product_cat-visage","9":"product_tag-acide","10":"product_tag-acide-hyaluronique-fr","11":"product_tag-anti-rides","12":"product_tag-eau","13":"product_tag-ginseng-fr","14":"product_tag-mature-fr-2","15":"product_tag-peaux","16":"product_tag-rides","17":"product_tag-serum-fr-2","19":"first","20":"instock","21":"taxable","22":"shipping-taxable","23":"purchasable","24":"product-type-simple"},"acf":[],"jetpack_sharing_enabled":true,"_links":{"self":[{"href":"https:\/\/cndestetik.ch\/fr\/wp-json\/wp\/v2\/product\/53052","targetHints":{"allow":["GET"]}}],"collection":[{"href":"https:\/\/cndestetik.ch\/fr\/wp-json\/wp\/v2\/product"}],"about":[{"href":"https:\/\/cndestetik.ch\/fr\/wp-json\/wp\/v2\/types\/product"}],"wp:featuredmedia":[{"embeddable":true,"href":"https:\/\/cndestetik.ch\/fr\/wp-json\/wp\/v2\/media\/37385"}],"wp:attachment":[{"href":"https:\/\/cndestetik.ch\/fr\/wp-json\/wp\/v2\/media?parent=53052"}],"wp:term":[{"taxonomy":"product_brand","embeddable":true,"href":"https:\/\/cndestetik.ch\/fr\/wp-json\/wp\/v2\/product_brand?post=53052"},{"taxonomy":"product_cat","embeddable":true,"href":"https:\/\/cndestetik.ch\/fr\/wp-json\/wp\/v2\/product_cat?post=53052"},{"taxonomy":"product_tag","embeddable":true,"href":"https:\/\/cndestetik.ch\/fr\/wp-json\/wp\/v2\/product_tag?post=53052"}],"curies":[{"name":"wp","href":"https:\/\/api.w.org\/{rel}","templated":true}]}}