{"id":52974,"date":"2020-10-15T11:48:42","date_gmt":"2020-10-15T09:48:42","guid":{"rendered":"https:\/\/cndestetik.ch\/prodotto\/demaquillant-biologique-inika\/"},"modified":"2023-01-11T10:22:25","modified_gmt":"2023-01-11T09:22:25","slug":"inika-organic-makeup-remover","status":"publish","type":"product","link":"https:\/\/cndestetik.ch\/fr\/prodotto\/inika-organic-makeup-remover\/","title":{"rendered":"D\u00e9maquillant biologique INIKA"},"content":{"rendered":"<p>Il \u00e9limine facilement le maquillage gr\u00e2ce \u00e0 des ingr\u00e9dients nourrissants qui agissent en harmonie pour nettoyer et adoucir la peau, la laissant fra\u00eeche, propre et hydrat\u00e9e.<br \/>\nLa formule \u00e0 base d&#8217;huile soigneusement m\u00e9lang\u00e9e \u00e9limine en douceur et en profondeur toute trace de maquillage et d&#8217;impuret\u00e9s sans priver la peau de ses huiles essentielles.<br \/>\nEnrichi en huile de jojoba et d&#8217;\u00e9glantier pour hydrater et revitaliser la peau sans r\u00e9sidu huileux.<br \/>\nContient de l&#8217;huile de jojoba certifi\u00e9e biologique, de l&#8217;huile de tournesol hydratante, de la vitamine E apaisante et de l&#8217;huile de rose musqu\u00e9e r\u00e9g\u00e9n\u00e9rante.<br \/>\nConvient aux peaux sensibles et au contour d\u00e9licat des yeux.<br \/>\nElimine en douceur et efficacement le maquillage et les impuret\u00e9s.<br \/>\nIl laisse la peau parfaitement propre et nourrie.<br \/>\n75% d&#8217;ingr\u00e9dients biologiques.<\/p>\n<p>Tous les produits INIKA sont 100% d&#8217;origine naturelle, certifi\u00e9s v\u00e9g\u00e9taliens et sans cruaut\u00e9.<br \/>\n1. Appliquez une petite quantit\u00e9 sur un coton biologique.<\/p>\n<p>2. Passez d\u00e9licatement sur le visage pour \u00e9liminer tous les r\u00e9sidus de maquillage, la salet\u00e9 et le s\u00e9bum.<\/p>\n<p>3. Convient pour le contour d\u00e9licat des yeux.<\/p>\n<p>Taille : 70ml<\/p>\n","protected":false},"excerpt":{"rendered":"<p>Elimine en douceur et efficacement le maquillage et les impuret\u00e9s. Prix de d\u00e9tail recommand\u00e9 : 26,40 CHF<\/p>\n","protected":false},"featured_media":36947,"template":"","meta":{"_acf_changed":false},"product_brand":[],"product_cat":[8512],"product_tag":[4651,6851,7008,7489,459,7492,392],"class_list":{"0":"post-52974","1":"product","2":"type-product","3":"status-publish","4":"has-post-thumbnail","6":"product_cat-dernieres-pieces","7":"product_tag-detergent-fr","8":"product_tag-dissolvant","9":"product_tag-en-haut","10":"product_tag-faire","11":"product_tag-jojoba-fr","12":"product_tag-maquillage-fr","13":"product_tag-se-reconcilier","15":"first","16":"instock","17":"sale","18":"taxable","19":"shipping-taxable","20":"purchasable","21":"product-type-simple"},"acf":[],"jetpack_sharing_enabled":true,"_links":{"self":[{"href":"https:\/\/cndestetik.ch\/fr\/wp-json\/wp\/v2\/product\/52974","targetHints":{"allow":["GET"]}}],"collection":[{"href":"https:\/\/cndestetik.ch\/fr\/wp-json\/wp\/v2\/product"}],"about":[{"href":"https:\/\/cndestetik.ch\/fr\/wp-json\/wp\/v2\/types\/product"}],"wp:featuredmedia":[{"embeddable":true,"href":"https:\/\/cndestetik.ch\/fr\/wp-json\/wp\/v2\/media\/36947"}],"wp:attachment":[{"href":"https:\/\/cndestetik.ch\/fr\/wp-json\/wp\/v2\/media?parent=52974"}],"wp:term":[{"taxonomy":"product_brand","embeddable":true,"href":"https:\/\/cndestetik.ch\/fr\/wp-json\/wp\/v2\/product_brand?post=52974"},{"taxonomy":"product_cat","embeddable":true,"href":"https:\/\/cndestetik.ch\/fr\/wp-json\/wp\/v2\/product_cat?post=52974"},{"taxonomy":"product_tag","embeddable":true,"href":"https:\/\/cndestetik.ch\/fr\/wp-json\/wp\/v2\/product_tag?post=52974"}],"curies":[{"name":"wp","href":"https:\/\/api.w.org\/{rel}","templated":true}]}}