{"id":52970,"date":"2022-06-02T10:49:17","date_gmt":"2022-06-02T08:49:17","guid":{"rendered":"https:\/\/cndestetik.ch\/prodotto\/petite-spatule-en-bois-50-pieces\/"},"modified":"2022-11-15T15:49:49","modified_gmt":"2022-11-15T14:49:49","slug":"spatule-en-bois-petite-50pcs","status":"publish","type":"product","link":"https:\/\/cndestetik.ch\/fr\/prodotto\/spatule-en-bois-petite-50pcs\/","title":{"rendered":"Petite spatule en bois 50 pi\u00e8ces"},"content":{"rendered":"<p><span data-sheets-value=\"{\"1\":2,\"2\":\"Per effettuare una ceretta professionale e ben fatta, un momento importante \u00e8 quello della stesura con una spatola per ceretta adatta.\\nEbranditalia offre diverse tipologie a seconda delle tue necessit\u00e0: per chi preferisce l\u2019usa e getta sono \u00e8 a disposizione la spatola per ceretta in legno, al contrario per chi predilige un prodotto riutilizzabile sono disponibili le spatole per ceretta in plastica o in acciaio inox, a punta curva, con lama grande e lama piccola per le zone pi\u00f9 difficili. SPATOLE PICCOLE PER IL VISO\"}\" data-sheets-userformat=\"{\"2\":15297,\"3\":{\"1\":0},\"9\":0,\"10\":2,\"11\":0,\"12\":0,\"14\":{\"1\":2,\"2\":0},\"15\":\"Calibri\",\"16\":11}\">Pour r\u00e9aliser une \u00e9pilation \u00e0 la cire professionnelle et bien faite, une \u00e9tape importante consiste \u00e0 appliquer la cire avec une spatule \u00e0 cire adapt\u00e9e.<br \/>\nNous proposons diff\u00e9rents types de produits en fonction de vos besoins : pour ceux qui pr\u00e9f\u00e8rent les produits jetables, il y a la spatule \u00e0 \u00e9piler en bois ; en revanche, pour ceux qui pr\u00e9f\u00e8rent un produit r\u00e9utilisable, il y a les spatules \u00e0 \u00e9piler en plastique ou en acier inoxydable, avec une pointe incurv\u00e9e, une grande lame et une petite lame pour les zones plus difficiles. Petites spatules pour le visage<\/span><\/p>\n","protected":false},"excerpt":{"rendered":"<p>Petite spatule en cire, paquet de 50<\/p>\n","protected":false},"featured_media":39628,"template":"","meta":{"_acf_changed":false},"product_brand":[],"product_cat":[1628],"product_tag":[684,909,1676,9228,1487,9230,9229],"class_list":{"0":"post-52970","1":"product","2":"type-product","3":"status-publish","4":"has-post-thumbnail","6":"product_cat-12-epilation","7":"product_tag-cire","8":"product_tag-epilation-fr","9":"product_tag-epilation-fr-2","10":"product_tag-petite-spatule","11":"product_tag-spatule","12":"product_tag-spatule-en-bois","13":"product_tag-spatule-en-cire-fr","15":"first","16":"instock","17":"taxable","18":"shipping-taxable","19":"purchasable","20":"product-type-simple"},"acf":[],"jetpack_sharing_enabled":true,"_links":{"self":[{"href":"https:\/\/cndestetik.ch\/fr\/wp-json\/wp\/v2\/product\/52970","targetHints":{"allow":["GET"]}}],"collection":[{"href":"https:\/\/cndestetik.ch\/fr\/wp-json\/wp\/v2\/product"}],"about":[{"href":"https:\/\/cndestetik.ch\/fr\/wp-json\/wp\/v2\/types\/product"}],"wp:featuredmedia":[{"embeddable":true,"href":"https:\/\/cndestetik.ch\/fr\/wp-json\/wp\/v2\/media\/39628"}],"wp:attachment":[{"href":"https:\/\/cndestetik.ch\/fr\/wp-json\/wp\/v2\/media?parent=52970"}],"wp:term":[{"taxonomy":"product_brand","embeddable":true,"href":"https:\/\/cndestetik.ch\/fr\/wp-json\/wp\/v2\/product_brand?post=52970"},{"taxonomy":"product_cat","embeddable":true,"href":"https:\/\/cndestetik.ch\/fr\/wp-json\/wp\/v2\/product_cat?post=52970"},{"taxonomy":"product_tag","embeddable":true,"href":"https:\/\/cndestetik.ch\/fr\/wp-json\/wp\/v2\/product_tag?post=52970"}],"curies":[{"name":"wp","href":"https:\/\/api.w.org\/{rel}","templated":true}]}}